{"id":10,"date":"2018-11-18T07:00:37","date_gmt":"2018-11-18T05:00:37","guid":{"rendered":"https:\/\/ultimate.fi\/wordpress\/liitto\/?page_id=10"},"modified":"2024-11-18T11:38:52","modified_gmt":"2024-11-18T09:38:52","slug":"yhdenvertaisuus","status":"publish","type":"page","link":"https:\/\/ultimate.fi\/liitto\/etusivu\/suomen-liitokiekkoliitto\/yhdenvertaisuus\/","title":{"rendered":"Yhdenvertaisuus"},"content":{"rendered":"<div id=\"tdi_1\" class=\"tdc-row\"><div class=\"vc_row tdi_2  wpb_row td-pb-row\" >\n<style scoped>\n\/* custom css - generated by TagDiv Composer *\/\n\n\/* custom css - generated by TagDiv Composer *\/\n.tdi_2,\r\n                .tdi_2 .tdc-columns{\r\n                    min-height: 0;\r\n                }.tdi_2,\r\n\t\t\t\t.tdi_2 .tdc-columns{\r\n\t\t\t\t    display: block;\r\n\t\t\t\t}.tdi_2 .tdc-columns{\r\n\t\t\t\t    width: 100%;\r\n\t\t\t\t}.tdi_2:before,\r\n\t\t\t\t.tdi_2:after{\r\n\t\t\t\t    display: table;\r\n\t\t\t\t}\n<\/style><div class=\"vc_column tdi_4  wpb_column vc_column_container tdc-column td-pb-span12\">\n<style scoped>\n\/* custom css - generated by TagDiv Composer *\/\n\n\/* custom css - generated by TagDiv Composer *\/\n.tdi_4{\r\n                    vertical-align: baseline;\r\n                }.tdi_4 > .wpb_wrapper,\r\n\t\t\t\t.tdi_4 > .wpb_wrapper > .tdc-elements{\r\n\t\t\t\t    display: block;\r\n\t\t\t\t}.tdi_4 > .wpb_wrapper > .tdc-elements{\r\n\t\t\t\t    width: 100%;\r\n\t\t\t\t}.tdi_4 > .wpb_wrapper > .vc_row_inner{\r\n\t\t\t\t    width: auto;\r\n\t\t\t\t}.tdi_4 > .wpb_wrapper{\r\n\t\t\t\t    width: auto;\r\n\t\t\t\t    height: auto;\r\n\t\t\t\t}\n<\/style><div class=\"wpb_wrapper\" ><div class=\"td_block_wrap td_block_text_with_title tdi_5 tagdiv-type td-pb-border-top td_block_template_10\"  data-td-block-uid=\"tdi_5\" >\n<style>\n.td_block_template_10.widget > ul > li {\r\n                margin-left: 0 !important;\r\n            }\r\n            .td_block_template_10 .td-block-title {\r\n                font-size: 17px;\r\n                font-weight: 500;\r\n                margin-top: -10px;\r\n                margin-bottom: 24px;\r\n                line-height: 37px;\r\n                padding: 0;\r\n                position: relative;\r\n                text-align: left;\r\n            }\r\n            .td_block_template_10 .td-block-title:before {\r\n                content: '';\r\n                width: 100%;\r\n                height: 3px;\r\n                position: absolute;\r\n                top: 100%;\r\n                left: 0;\r\n                background-color: var(--td_header_color, #f5f5f5);\r\n            }\r\n            .td_block_template_10 .td-block-title > * {\r\n                color: var(--td_text_header_color, #000);\r\n            }\r\n            .td_block_template_10 .td-subcat-filter {\r\n                line-height: 37px;\r\n                display: table;\r\n            }\r\n            .td_block_template_10 .td-subcat-dropdown {\r\n                line-height: 1;\r\n                position: static;\r\n            }\r\n            .td_block_template_10 .td-subcat-dropdown .td-subcat-more {\r\n                margin-bottom: 0 !important;\r\n            }\r\n            .td_block_template_10 .td-subcat-dropdown ul:after {\r\n                height: 3px !important;\r\n            }\r\n            .td_block_template_10 .td-related-title {\r\n                margin-top: 0 !important;\r\n            }\r\n            .td_block_template_10 .td-related-title a {\r\n                margin-right: 20px;\r\n            }\r\n            @media (max-width: 767px) {\r\n                .td_block_template_10 .td-related-title a {\r\n                    font-size: 15px;\r\n                }\r\n            }\r\n            .td_block_template_10 .td-related-title .td-cur-simple-item {\r\n                color: var(--td_theme_color, #4db2ec);\r\n            }\r\n            \r\n            \r\n            \r\n            .tdi_5 .td-block-title:before {\r\n                background-color: #81d742 !important;\r\n            }\n<\/style>\n<style>\n\/* custom css - generated by TagDiv Composer *\/\n.td_block_text_with_title{\r\n                  margin-bottom: 44px;\r\n                  -webkit-transform: translateZ(0);\r\n                  transform: translateZ(0);\r\n                }.td_block_text_with_title p:last-child{\r\n                  margin-bottom: 0;\r\n                }\n<\/style><div class=\"td-block-title-wrap\"><h4 class=\"td-block-title\"><span class=\"td-pulldown-size\">Yhdenvertaisuus<\/span><\/h4><\/div><div class=\"td_mod_wrap td-fix-index\"><p>Syksyll\u00e4 2024 tehtiin kartoitus ultimaten lajiyhteis\u00f6lle yhdenvertaisuusasioista. Kyselyn tulosten pohjalta laadittiin p\u00e4ivitetty yhdenvertaisuussuunnitelma vuosille 2025-2028. SLKL:n nykytilakartoituksen pohjalta liiton hallitus on p\u00e4\u00e4tt\u00e4nyt. Suunnitelmaan p\u00e4\u00e4set linkkaamalla nappulaa.<\/p>\n<p>HUOM! Sivua p\u00e4ivitet\u00e4\u00e4n ja toistaiseksi p\u00e4\u00e4set suunnitelmaan k\u00e4siksi <a href=\"https:\/\/ultimate.fi\/wordpress\/liitto\/wp-content\/uploads\/2024\/11\/SLKL-Yhdenvertaisuussuunnitelma-2025-2028.pdf\">t\u00e4st\u00e4<\/a>.<\/p>\n<\/div><\/div><div class=\"tdm_block td_block_wrap tdm_block_call_to_action tdi_6 tds_call_to_action2 tdm-content-horiz-left tdm-content-vert-center td-pb-border-top td_block_template_10\"  data-td-block-uid=\"tdi_6\" >\n<style>\n\/* custom css - generated by TagDiv Composer *\/\n.tdm_block_call_to_action .tdm-title{\r\n                  margin: 9px 0 10px 0;\r\n                }.tdm_block_call_to_action .tdm-descr{\r\n                  margin-bottom: 0;\r\n                }.tdm_block_call_to_action .tds-title + .tdm-descr{\r\n                  margin-bottom: 14px;\r\n                }.tdm_block_call_to_action .tdm-btn{\r\n                  margin-top: 0;\r\n                  max-width: 100%;\r\n                  overflow: hidden;\r\n                }.tdm_block_call_to_action .tdm-btn .tdm-btn-text{\r\n                  text-overflow: ellipsis;\r\n                  overflow: hidden;\r\n                  max-width: 100%;\r\n                  display: inline-block;\r\n                  white-space: nowrap;\r\n                }.tdm_block_call_to_action.tds_call_to_action2{\r\n                  padding: 13px 22px;\r\n                }@media (min-width: 768px) and (max-width: 1018px) {\r\n                  .tdm_block_call_to_action .td-block-span9 {\r\n                    width: 66.66666667%;\r\n                  }\r\n                  .tdm_block_call_to_action .td-block-span3 {\r\n                    width: 33.33333333%;\r\n                  }\r\n                }@media (max-width: 767px) {\r\n                  .tdm_block_call_to_action .td-block-span9 {\r\n                    margin-bottom: 20px;\r\n                  }\r\n                }@media (min-width: 767px) {\r\n                  .tdm_block_call_to_action .tds-button {\r\n                    text-align: right !important;\r\n                  }\r\n                  .tdm_block_call_to_action.tdm-flip-yes .tds-button {\r\n                    text-align: left !important;\r\n                  }\r\n                }\n<\/style>\n<style>\n\/* custom css - generated by TagDiv Composer *\/\n.tdi_6{\r\n\t\t\t\t    box-shadow:  0px 8px 25px 0px rgba(155,155,155,0.82);\r\n\t\t\t\t}\n<\/style><div class=\"td-block-width tds-call-to-action2 tdi_7\"><div class=\"td-block-row tdm-row td-fix-index\"><div class=\"td-block-span9 tdm-col\"><div class=\"tds-title tds-title1 td-fix-index tdi_8 \"><h3 class=\"tdm-title tdm-title-md\">Liiton yhdenvertaisuussuunitelma 2017-2020<\/h3><\/div><\/div><div class=\"td-block-span3 tdm-col\">\n<style>\n\/* custom css - generated by TagDiv Composer *\/\nbody .tdi_9{\r\n\t\t\t\t\tbackground-color: rgba(26,175,0,0.82);\r\n\t\t\t\t}\n<\/style><div class=\"tds-button td-fix-index\"><a \r\n                href=\"#\" \r\n                 title=\"Avaa suunnitelma\"\r\n                class=\"tds-button1 tdm-btn tdm-btn-md tdi_9 \" ><span class=\"tdm-btn-text\">Avaa suunnitelma<\/span><\/a><\/div><\/div><\/div><\/div><\/div><div class=\"td_block_wrap td_block_text_with_title tdi_10 tagdiv-type td-pb-border-top td_block_template_1\"  data-td-block-uid=\"tdi_10\" ><div class=\"td-block-title-wrap\"><\/div><div class=\"td_mod_wrap td-fix-index\"><\/div><\/div><\/div><\/div><\/div><\/div>\n\n\n<p><\/p>\n","protected":false},"excerpt":{"rendered":"","protected":false},"author":1,"featured_media":0,"parent":7,"menu_order":2,"comment_status":"closed","ping_status":"closed","template":"","meta":{"footnotes":""},"class_list":["post-10","page","type-page","status-publish"],"_links":{"self":[{"href":"https:\/\/ultimate.fi\/liitto\/wp-json\/wp\/v2\/pages\/10","targetHints":{"allow":["GET"]}}],"collection":[{"href":"https:\/\/ultimate.fi\/liitto\/wp-json\/wp\/v2\/pages"}],"about":[{"href":"https:\/\/ultimate.fi\/liitto\/wp-json\/wp\/v2\/types\/page"}],"author":[{"embeddable":true,"href":"https:\/\/ultimate.fi\/liitto\/wp-json\/wp\/v2\/users\/1"}],"replies":[{"embeddable":true,"href":"https:\/\/ultimate.fi\/liitto\/wp-json\/wp\/v2\/comments?post=10"}],"version-history":[{"count":13,"href":"https:\/\/ultimate.fi\/liitto\/wp-json\/wp\/v2\/pages\/10\/revisions"}],"predecessor-version":[{"id":1070,"href":"https:\/\/ultimate.fi\/liitto\/wp-json\/wp\/v2\/pages\/10\/revisions\/1070"}],"up":[{"embeddable":true,"href":"https:\/\/ultimate.fi\/liitto\/wp-json\/wp\/v2\/pages\/7"}],"wp:attachment":[{"href":"https:\/\/ultimate.fi\/liitto\/wp-json\/wp\/v2\/media?parent=10"}],"curies":[{"name":"wp","href":"https:\/\/api.w.org\/{rel}","templated":true}]}}