{"id":12,"date":"2018-11-18T07:02:44","date_gmt":"2018-11-18T05:02:44","guid":{"rendered":"https:\/\/ultimate.fi\/wordpress\/liitto\/?page_id=12"},"modified":"2025-05-28T13:34:58","modified_gmt":"2025-05-28T10:34:58","slug":"reiluapelia","status":"publish","type":"page","link":"https:\/\/ultimate.fi\/liitto\/etusivu\/suomen-liitokiekkoliitto\/reiluapelia\/","title":{"rendered":"Reilua peli\u00e4"},"content":{"rendered":"<div id=\"tdi_1\" class=\"tdc-row\"><div class=\"vc_row tdi_2  wpb_row td-pb-row\" >\n<style scoped>\n\/* custom css - generated by TagDiv Composer *\/\n\n\/* custom css - generated by TagDiv Composer *\/\n.tdi_2,\r\n                .tdi_2 .tdc-columns{\r\n                    min-height: 0;\r\n                }.tdi_2,\r\n\t\t\t\t.tdi_2 .tdc-columns{\r\n\t\t\t\t    display: block;\r\n\t\t\t\t}.tdi_2 .tdc-columns{\r\n\t\t\t\t    width: 100%;\r\n\t\t\t\t}.tdi_2:before,\r\n\t\t\t\t.tdi_2:after{\r\n\t\t\t\t    display: table;\r\n\t\t\t\t}\n<\/style><div class=\"vc_column tdi_4  wpb_column vc_column_container tdc-column td-pb-span12\">\n<style scoped>\n\/* custom css - generated by TagDiv Composer *\/\n\n\/* custom css - generated by TagDiv Composer *\/\n.tdi_4{\r\n                    vertical-align: baseline;\r\n                }.tdi_4 > .wpb_wrapper,\r\n\t\t\t\t.tdi_4 > .wpb_wrapper > .tdc-elements{\r\n\t\t\t\t    display: block;\r\n\t\t\t\t}.tdi_4 > .wpb_wrapper > .tdc-elements{\r\n\t\t\t\t    width: 100%;\r\n\t\t\t\t}.tdi_4 > .wpb_wrapper > .vc_row_inner{\r\n\t\t\t\t    width: auto;\r\n\t\t\t\t}.tdi_4 > .wpb_wrapper{\r\n\t\t\t\t    width: auto;\r\n\t\t\t\t    height: auto;\r\n\t\t\t\t}\n<\/style><div class=\"wpb_wrapper\" ><div class=\"tdm_block td_block_wrap tdm_block_text_image tdi_5 td-animation-stack tdm-layout-12-12 tdm-content-horiz-left tdm-content-vert-top td-pb-border-top td_block_template_10\"  data-td-block-uid=\"tdi_5\" >\n<style>\n\/* custom css - generated by TagDiv Composer *\/\n.tdm_block_text_image .tdm-text-wrap{\r\n                  padding-top: 20px;\r\n                  padding-bottom: 20px;\r\n                }.tdm_block_text_image .tdm-descr{\r\n                  margin-bottom: 0;\r\n                }.tdm_block_text_image .tds-button{\r\n                  margin-top: 30px;\r\n                }@media (min-width: 767px) {\r\n                  .tdm_block_text_image.tdm-text-image-extend-img {\r\n                    margin-right: calc((-100vw + 100%) \/ 2);\r\n                  }\r\n                  .tdm_block_text_image.tdm-text-image-extend-img.tdm-flip-yes {\r\n                    margin-right: 0;\r\n                    margin-left: calc((-100vw + 100%) \/ 2);\r\n                  }\r\n                  .tdm_block_text_image.tdm-text-image-extend-img.tdm-flip-yes .tdm-col-img {\r\n                    text-align: right;\r\n                  }\r\n                }@media (max-width: 767px) {\r\n                  .tdm_block_text_image .tdm-col-img {\r\n                    margin-top: 36px;\r\n                  }\r\n                  .tdm_block_text_image.tdm-flip-yes .tdm-col-img {\r\n                    margin-top: 0;\r\n                    margin-bottom: 15px;\r\n                  }\r\n                }\n<\/style><div class=\"td-block-width tdm-fix-full\"><div class=\"td-block-row tdm-row\"><div class=\"td-block-span6 tdm-col\"><div class=\"tdm-text-wrap tdm-text-padding\">\n<style>\n\/* custom css - generated by TagDiv Composer *\/\n.tdi_6 .tdm-title-line{\r\n\t\t\t\t\twidth: 180px;\r\n\t\t\t\t\r\n\t\t\t\t\theight: 49px;\r\n\t\t\t\t}.tdi_6 .tdm-title-line:after{\r\n\t\t\t\t\theight: 2px;\r\n\t\t\t\t\r\n\t\t\t\t\tbottom: 40%;\r\n\t\t\t\t}\n<\/style><div class=\"tds-title tds-title2 td-fix-index tdi_6 \"><h1 class=\"tdm-title tdm-title-md\">Antidoping<\/h1><div class=\"tdm-title-line\"><\/div><\/div><p class=\"tdm-descr td-fix-index\">Suomen Liitokiekkoliitto tukee puhdasta urheilua niin kansalisella kuin kansainv\u00e4lisell\u00e4kin tasolla. SLKL noudattaa kaikissa kilpailuissaan Suomen urheilun eettisen keskuksen (ennen Antidopingtoiminkunta, ADT) sek\u00e4 kansainv\u00e4lisen antidopingj\u00e4rjest\u00f6n (WADA) antamia ohjeita ja m\u00e4\u00e4r\u00e4yksi\u00e4 dopingin vastaisesta ty\u00f6st\u00e4 ja testauksesta.<\/p><\/div><\/div><div class=\"td-block-span6 tdm-col tdm-col-img\"><img class=\"tdm-image td-fix-index td-lazy-img\" data-type=\"image_tag\" data-img-url=\"https:\/\/ultimate.fi\/wordpress\/liitto\/wp-content\/uploads\/2018\/11\/Antidoping_frisbee.jpg\"  title=\"Antidoping_frisbee\" width=\"725\" height=\"662\"><\/div><\/div><\/div><\/div><div class=\"td_block_wrap td_block_text_with_title tdi_7 tagdiv-type td-pb-border-top td_block_template_10\"  data-td-block-uid=\"tdi_7\" >\n<style>\n\/* custom css - generated by TagDiv Composer *\/\n.td_block_text_with_title{\r\n                  margin-bottom: 44px;\r\n                  -webkit-transform: translateZ(0);\r\n                  transform: translateZ(0);\r\n                }.td_block_text_with_title p:last-child{\r\n                  margin-bottom: 0;\r\n                }\n<\/style><div class=\"td-block-title-wrap\"><\/div><div class=\"td_mod_wrap td-fix-index\"><h2><strong>Erivapaus Suomessa ja ulkomailla<\/strong><\/h2>\n<p>Ultimatella ei ole Suomessa lajikohtaista tasom\u00e4\u00e4rittely\u00e4, joten urheilijoiden ei tarvitse Suomessa pelatessaan hakea etuk\u00e4teen erivapautta urheilijan k\u00e4yt\u00f6ss\u00e4 oleville, l\u00e4\u00e4k\u00e4rin m\u00e4\u00e4r\u00e4\u00e4mille l\u00e4\u00e4kkeille. Ultimaten kohdalla SUEK tarkistaa kansallisella tasolla tehtyjen testien osalta j\u00e4lkik\u00e4teen, ett\u00e4 kiellettyjen aineiden k\u00e4yt\u00f6lle on urheilijalla l\u00e4\u00e4ketieteellinen peruste. T\u00e4st\u00e4 huolimatta urheilijan on hyv\u00e4 pyyt\u00e4\u00e4 l\u00e4\u00e4k\u00e4rilt\u00e4\u00e4n aina erillinen todistus k\u00e4ytt\u00e4mist\u00e4\u00e4n l\u00e4\u00e4keaineista.<\/p>\n<div>\n<div><a href=\"https:\/\/suek.fi\/antidopingtoiminta\/erivapaus-urheilijan-laakityksessa\/erivapauden-hakeminen-suekilta\/\" target=\"_blank\" rel=\"noopener noreferrer\">Lis\u00e4tietoa erivapaudesta SUEK:n sivuilla<\/a><\/div>\n<div><\/div>\n<div>Kansainv\u00e4lisen tason ja kansainv\u00e4lisiin urheilutapahtumiin osallistuvien urheilijoiden tulee selvitt\u00e4\u00e4 heit\u00e4 koskevat erivapausmenettelyt kansainv\u00e4liselt\u00e4 lajiliitoltaan tai suuren urheilutapahtuman j\u00e4rjest\u00e4j\u00e4lt\u00e4 (esimerkiksi Kansainv\u00e4linen olympiakomitea) ja hakea tarvittaessa etuk\u00e4teen erivapautta niiden s\u00e4\u00e4nt\u00f6jen mukaisesti.<\/div>\n<div>\n<p>Huom. SUEKin tekem\u00e4 erivapausp\u00e4\u00e4t\u00f6s koskee vain kansallisen tason urheilijaa ja kansallisen tason kilpailuja, eik\u00e4 se ole automaattisesti ilman kansainv\u00e4lisen lajiliiton tai suuren urheilutapahtuman j\u00e4rjest\u00e4j\u00e4n antamaa tunnustusta voimassa kansainv\u00e4lisiss\u00e4 kilpailuissa.<\/p>\n<\/div>\n<div><\/div>\n<div><strong style=\"color: #111111; font-family: Roboto, sans-serif; font-size: 27px;\">Kilpailunj\u00e4rjest\u00e4jien muistilista<\/strong><\/div>\n<div><\/div>\n<div>Kilpailunj\u00e4rjest\u00e4j\u00e4 vastaa tarvittavista dopingtestiryhm\u00e4n tiloista sek\u00e4 mahdollisista saattajista.<\/div>\n<div><\/div>\n<div><a href=\"http:\/\/www.suek.fi\/ohjeet-kilpailujenjarjestajille\">Ohjeet\u00a0kilpailunj\u00e4rjest\u00e4jille l\u00f6ytyy SUEK:n sivuilta.<\/a><\/div>\n<\/div>\n<div><\/div>\n<div>\n<div><strong style=\"color: #111111; font-family: Roboto, sans-serif; font-size: 27px;\">Suomen Liitokiekkoliiton antidopingohjelma<\/strong><\/div>\n<div><\/div>\n<div>SLKL on sitoutunut noudattamaan kaikessa toiminnassaan Suomen antidopings\u00e4\u00e4nn\u00f6st\u00f6\u00e4 ja sitoutunut auttamaan SUEK:sta mahdollisen dopingrikkomuksen selvitt\u00e4misess\u00e4.<\/div>\n<div><\/div>\n<div><a href=\"https:\/\/ultimate.fi\/wordpress\/liitto\/wp-content\/uploads\/2023\/05\/SLKL-Antidopingohjelma_final.pdf\" target=\"_blank\" rel=\"noopener\">Lataa SLKL:n antidopingohjelma<\/a>.<\/div>\n<\/div>\n<div>\n<div><\/div>\n<div><\/div>\n<div>Dopingiin liittyviss\u00e4 kysymyksiss\u00e4 voitte olla yhteydess\u00e4 my\u00f6s suoraan Suomen Liitokiekoliiton toimistoon. Autamme mielell\u00e4mme urheilijoita n\u00e4iss\u00e4 asioissa.<\/div>\n<\/div>\n<div><\/div>\n<p><a href=\"https:\/\/kamu.suek.fi\/fi\/\" target=\"_blank\" rel=\"noopener\">KAMU-l\u00e4\u00e4kehaku<\/a> on ladattavissa sovelluksena. <span style=\"color: initial;\">Sill<a href=\"https:\/\/kamu.suek.fi\/fi\/\" target=\"_blank\" rel=\"noopener\"><img loading=\"lazy\" decoding=\"async\" class=\"wp-image-940 alignleft\" src=\"https:\/\/ultimate.fi\/wordpress\/liitto\/wp-content\/uploads\/2023\/02\/KAMU-300x300.png\" alt=\"\" width=\"64\" height=\"64\" srcset=\"https:\/\/ultimate.fi\/wordpress\/liitto\/wp-content\/uploads\/2023\/02\/KAMU-300x300.png 300w, https:\/\/ultimate.fi\/wordpress\/liitto\/wp-content\/uploads\/2023\/02\/KAMU-150x150.png 150w, https:\/\/ultimate.fi\/wordpress\/liitto\/wp-content\/uploads\/2023\/02\/KAMU-420x420.png 420w, https:\/\/ultimate.fi\/wordpress\/liitto\/wp-content\/uploads\/2023\/02\/KAMU-356x364.png 356w, https:\/\/ultimate.fi\/wordpress\/liitto\/wp-content\/uploads\/2023\/02\/KAMU.png 512w\" sizes=\"auto, (max-width: 64px) 100vw, 64px\" \/><\/a>\u00e4 voi helposti tarkistaa kaikki Suomessa myyt\u00e4v\u00e4t l\u00e4\u00e4kevalmisteet. Urheilijan tulee k\u00e4ytt\u00e4\u00e4 vain sallittuja aineita tai hakea tarvittaessa erivapautta.<br \/>\n<\/span><\/p>\n<div>\n<p><a href=\"https:\/\/ilmo.suek.fi\/\" target=\"_blank\" rel=\"noopener\"><img loading=\"lazy\" decoding=\"async\" class=\"wp-image-942 alignleft\" src=\"https:\/\/ultimate.fi\/wordpress\/liitto\/wp-content\/uploads\/2023\/02\/ILMO-300x147.png\" alt=\"\" width=\"65\" height=\"32\" srcset=\"https:\/\/ultimate.fi\/wordpress\/liitto\/wp-content\/uploads\/2023\/02\/ILMO-300x147.png 300w, https:\/\/ultimate.fi\/wordpress\/liitto\/wp-content\/uploads\/2023\/02\/ILMO-324x160.png 324w, https:\/\/ultimate.fi\/wordpress\/liitto\/wp-content\/uploads\/2023\/02\/ILMO-533x261.png 533w, https:\/\/ultimate.fi\/wordpress\/liitto\/wp-content\/uploads\/2023\/02\/ILMO.png 672w\" sizes=\"auto, (max-width: 65px) 100vw, 65px\" \/>ILMO-palvelun kautta<\/a> kuka tahansa voi ilmoittaa havaitsemistaan tai ep\u00e4ilemist\u00e4\u00e4n dopingrikkomuksista.<\/p>\n<p><a href=\"https:\/\/puhtaastiparas.fi\/fi\/login?\" target=\"_blank\" rel=\"noopener\">Puhtaasti paras -verkkokoulutuksen<\/a><a href=\"https:\/\/puhtaastiparas.fi\/fi\/login?\" target=\"_blank\" rel=\"noopener\"><img loading=\"lazy\" decoding=\"async\" class=\"wp-image-943 alignleft\" src=\"https:\/\/ultimate.fi\/wordpress\/liitto\/wp-content\/uploads\/2023\/02\/puhtaasti-paras-png-logo.png\" alt=\"\" width=\"65\" height=\"39\" \/><\/a> tekem\u00e4ll\u00e4 saa kattavan tiedon dopingasioista.<\/p>\n<\/div>\n<\/div><\/div><\/div><\/div><\/div><\/div>\n<h1>Kilpailumanipuulation torjunta<\/h1>\nKev\u00e4\u00e4ll\u00e4 2023 liitto on laatinut kilpailumanipulaation torjuntaohjelman. Ohjelmaan voit tutustua <a href=\"https:\/\/ultimate.fi\/wordpress\/liitto\/wp-content\/uploads\/2023\/05\/SLKL-Kilpailumanipulaation-torjuntaohjelma_final.pdf\">t\u00e4\u00e4ll\u00e4<\/a>. Alla l\u00f6yd\u00e4t my\u00f6s suoran linkin Reilusti paras-verkkokoulutukseen. Yll\u00e4 olevan ILMO-palvelun kautta, voit ilmoittaa my\u00f6s kilpailumanipulaatioon liittyvist\u00e4 rikkomuksista.\n\n<img loading=\"lazy\" decoding=\"async\" class=\"wp-image-980 alignleft\" src=\"https:\/\/ultimate.fi\/wordpress\/liitto\/wp-content\/uploads\/2023\/10\/Reilusti-paras.png\" alt=\"\" width=\"94\" height=\"57\" \/>\n\n<a href=\"https:\/\/suek.fi\/koulutus\/koulutusmateriaalit\/puhtaasti-paras-verkkokoulutus\/\">Reilusti paras-verkkokoulutusta<\/a> suositellaan kaikille liiton toimintaa osallistuville.","protected":false},"excerpt":{"rendered":"<p>Kilpailumanipuulation torjunta Kev\u00e4\u00e4ll\u00e4 2023 liitto on laatinut kilpailumanipulaation torjuntaohjelman. Ohjelmaan voit tutustua t\u00e4\u00e4ll\u00e4. Alla l\u00f6yd\u00e4t my\u00f6s suoran linkin Reilusti paras-verkkokoulutukseen. Yll\u00e4 olevan ILMO-palvelun kautta, voit ilmoittaa my\u00f6s kilpailumanipulaatioon liittyvist\u00e4 rikkomuksista. Reilusti paras-verkkokoulutusta suositellaan kaikille liiton toimintaa osallistuville.<\/p>\n","protected":false},"author":1,"featured_media":0,"parent":7,"menu_order":3,"comment_status":"closed","ping_status":"closed","template":"","meta":{"footnotes":""},"class_list":["post-12","page","type-page","status-publish"],"_links":{"self":[{"href":"https:\/\/ultimate.fi\/liitto\/wp-json\/wp\/v2\/pages\/12","targetHints":{"allow":["GET"]}}],"collection":[{"href":"https:\/\/ultimate.fi\/liitto\/wp-json\/wp\/v2\/pages"}],"about":[{"href":"https:\/\/ultimate.fi\/liitto\/wp-json\/wp\/v2\/types\/page"}],"author":[{"embeddable":true,"href":"https:\/\/ultimate.fi\/liitto\/wp-json\/wp\/v2\/users\/1"}],"replies":[{"embeddable":true,"href":"https:\/\/ultimate.fi\/liitto\/wp-json\/wp\/v2\/comments?post=12"}],"version-history":[{"count":20,"href":"https:\/\/ultimate.fi\/liitto\/wp-json\/wp\/v2\/pages\/12\/revisions"}],"predecessor-version":[{"id":1135,"href":"https:\/\/ultimate.fi\/liitto\/wp-json\/wp\/v2\/pages\/12\/revisions\/1135"}],"up":[{"embeddable":true,"href":"https:\/\/ultimate.fi\/liitto\/wp-json\/wp\/v2\/pages\/7"}],"wp:attachment":[{"href":"https:\/\/ultimate.fi\/liitto\/wp-json\/wp\/v2\/media?parent=12"}],"curies":[{"name":"wp","href":"https:\/\/api.w.org\/{rel}","templated":true}]}}