{"id":24,"date":"2018-11-18T07:10:27","date_gmt":"2018-11-18T05:10:27","guid":{"rendered":"https:\/\/ultimate.fi\/wordpress\/liitto\/?page_id=24"},"modified":"2025-04-01T10:10:27","modified_gmt":"2025-04-01T07:10:27","slug":"saantoakkreditointi","status":"publish","type":"page","link":"https:\/\/ultimate.fi\/liitto\/etusivu\/pelaaminen\/saantoakkreditointi\/","title":{"rendered":"S\u00e4\u00e4nt\u00f6akkreditointi"},"content":{"rendered":"<div id=\"tdi_1\" class=\"tdc-row\"><div class=\"vc_row tdi_2  wpb_row td-pb-row\" >\n<style scoped>\n\/* custom css - generated by TagDiv Composer *\/\n\n\/* custom css - generated by TagDiv Composer *\/\n.tdi_2,\r\n                .tdi_2 .tdc-columns{\r\n                    min-height: 0;\r\n                }.tdi_2,\r\n\t\t\t\t.tdi_2 .tdc-columns{\r\n\t\t\t\t    display: block;\r\n\t\t\t\t}.tdi_2 .tdc-columns{\r\n\t\t\t\t    width: 100%;\r\n\t\t\t\t}.tdi_2:before,\r\n\t\t\t\t.tdi_2:after{\r\n\t\t\t\t    display: table;\r\n\t\t\t\t}\n<\/style><div class=\"vc_column tdi_4  wpb_column vc_column_container tdc-column td-pb-span12\">\n<style scoped>\n\/* custom css - generated by TagDiv Composer *\/\n\n\/* custom css - generated by TagDiv Composer *\/\n.tdi_4{\r\n                    vertical-align: baseline;\r\n                }.tdi_4 > .wpb_wrapper,\r\n\t\t\t\t.tdi_4 > .wpb_wrapper > .tdc-elements{\r\n\t\t\t\t    display: block;\r\n\t\t\t\t}.tdi_4 > .wpb_wrapper > .tdc-elements{\r\n\t\t\t\t    width: 100%;\r\n\t\t\t\t}.tdi_4 > .wpb_wrapper > .vc_row_inner{\r\n\t\t\t\t    width: auto;\r\n\t\t\t\t}.tdi_4 > .wpb_wrapper{\r\n\t\t\t\t    width: auto;\r\n\t\t\t\t    height: auto;\r\n\t\t\t\t}\n<\/style><div class=\"wpb_wrapper\" ><div class=\"tdm_block td_block_wrap tdm_block_text_image tdi_5 td-animation-stack tdm-layout-12-12 tdm-content-horiz-left tdm-content-vert-center td-pb-border-top td_block_template_10\"  data-td-block-uid=\"tdi_5\" >\n<style>\n\/* custom css - generated by TagDiv Composer *\/\n.tdm_block_text_image .tdm-text-wrap{\r\n                  padding-top: 20px;\r\n                  padding-bottom: 20px;\r\n                }.tdm_block_text_image .tdm-descr{\r\n                  margin-bottom: 0;\r\n                }.tdm_block_text_image .tds-button{\r\n                  margin-top: 30px;\r\n                }@media (min-width: 767px) {\r\n                  .tdm_block_text_image.tdm-text-image-extend-img {\r\n                    margin-right: calc((-100vw + 100%) \/ 2);\r\n                  }\r\n                  .tdm_block_text_image.tdm-text-image-extend-img.tdm-flip-yes {\r\n                    margin-right: 0;\r\n                    margin-left: calc((-100vw + 100%) \/ 2);\r\n                  }\r\n                  .tdm_block_text_image.tdm-text-image-extend-img.tdm-flip-yes .tdm-col-img {\r\n                    text-align: right;\r\n                  }\r\n                }@media (max-width: 767px) {\r\n                  .tdm_block_text_image .tdm-col-img {\r\n                    margin-top: 36px;\r\n                  }\r\n                  .tdm_block_text_image.tdm-flip-yes .tdm-col-img {\r\n                    margin-top: 0;\r\n                    margin-bottom: 15px;\r\n                  }\r\n                }\n<\/style><div class=\"td-block-width tdm-fix-full\"><div class=\"td-block-row tdm-row\"><div class=\"td-block-span6 tdm-col\"><div class=\"tdm-text-wrap tdm-text-padding\"><div class=\"tds-title tds-title1 td-fix-index tdi_6 \"><h3 class=\"tdm-title tdm-title-md\">WFDF:n s\u00e4\u00e4nt\u00f6akkreditointi<\/h3><\/div><p class=\"tdm-descr td-fix-index\">Suomen virallisissa ultimatesarjoissa sek\u00e4 WFDF:n turnauksissa pelaaminen edellytt\u00e4\u00e4 pelaajilta s\u00e4\u00e4nt\u00f6osaamisen osoittamista englanninkielisell\u00e4 s\u00e4\u00e4nt\u00f6akkreditointitestill\u00e4 (\u201dWFDF rules accreditation\u201d). Suoritettu s\u00e4\u00e4nt\u00f6akkreditointi kertoo siit\u00e4, ett\u00e4 pelaaja on lukenut ultimaten viralliset s\u00e4\u00e4nn\u00f6t ja osaa ratkaista yleisimpi\u00e4 ongelmatilanteita spirit of the game -henke\u00e4 noudattaen. Jokaisella pelaajalla on vastuu osata ja noudattaa s\u00e4\u00e4nt\u00f6j\u00e4. Osaamisen seuranta parantaa itsetuomaroitavan lajin uskottavuutta ja yhdenmukaistaa erilaisista maista ja joukkueista tulevien pelaajien s\u00e4\u00e4nt\u00f6osaamista.<\/p>\n<style>\n\/* custom css - generated by TagDiv Composer *\/\nbody .tdi_7{\r\n\t\t\t\t\tbackground-color: rgba(26,175,0,0.82);\r\n\t\t\t\t}\n<\/style><div class=\"tds-button td-fix-index\"><a \r\n                href=\"#\" \r\n                 title=\"Aloita akkreditointi\"\r\n                class=\"tds-button1 tdm-btn tdm-btn-lg tdi_7 \" ><span class=\"tdm-btn-text\">Aloita akkreditointi<\/span><\/a><\/div><\/div><\/div><div class=\"td-block-span6 tdm-col tdm-col-img\"><img class=\"tdm-image td-fix-index td-lazy-img\" data-type=\"image_tag\" data-img-url=\"https:\/\/ultimate.fi\/wordpress\/liitto\/wp-content\/uploads\/2018\/11\/wfdf-logo.png\"  title=\"wfdf-logo\" width=\"1148\" height=\"480\"><\/div><\/div><\/div><\/div><div class=\"td_block_wrap td_block_text_with_title tdi_8 tagdiv-type td-pb-border-top td_block_template_10\"  data-td-block-uid=\"tdi_8\" >\n<style>\n.td_block_template_10.widget > ul > li {\r\n                margin-left: 0 !important;\r\n            }\r\n            .td_block_template_10 .td-block-title {\r\n                font-size: 17px;\r\n                font-weight: 500;\r\n                margin-top: -10px;\r\n                margin-bottom: 24px;\r\n                line-height: 37px;\r\n                padding: 0;\r\n                position: relative;\r\n                text-align: left;\r\n            }\r\n            .td_block_template_10 .td-block-title:before {\r\n                content: '';\r\n                width: 100%;\r\n                height: 3px;\r\n                position: absolute;\r\n                top: 100%;\r\n                left: 0;\r\n                background-color: var(--td_header_color, #f5f5f5);\r\n            }\r\n            .td_block_template_10 .td-block-title > * {\r\n                color: var(--td_text_header_color, #000);\r\n            }\r\n            .td_block_template_10 .td-subcat-filter {\r\n                line-height: 37px;\r\n                display: table;\r\n            }\r\n            .td_block_template_10 .td-subcat-dropdown {\r\n                line-height: 1;\r\n                position: static;\r\n            }\r\n            .td_block_template_10 .td-subcat-dropdown .td-subcat-more {\r\n                margin-bottom: 0 !important;\r\n            }\r\n            .td_block_template_10 .td-subcat-dropdown ul:after {\r\n                height: 3px !important;\r\n            }\r\n            .td_block_template_10 .td-related-title {\r\n                margin-top: 0 !important;\r\n            }\r\n            .td_block_template_10 .td-related-title a {\r\n                margin-right: 20px;\r\n            }\r\n            @media (max-width: 767px) {\r\n                .td_block_template_10 .td-related-title a {\r\n                    font-size: 15px;\r\n                }\r\n            }\r\n            .td_block_template_10 .td-related-title .td-cur-simple-item {\r\n                color: var(--td_theme_color, #4db2ec);\r\n            }\r\n            \r\n            \r\n            \r\n            .tdi_8 .td-block-title:before {\r\n                background-color: #81d742 !important;\r\n            }\n<\/style>\n<style>\n\/* custom css - generated by TagDiv Composer *\/\n.td_block_text_with_title{\r\n                  margin-bottom: 44px;\r\n                  -webkit-transform: translateZ(0);\r\n                  transform: translateZ(0);\r\n                }.td_block_text_with_title p:last-child{\r\n                  margin-bottom: 0;\r\n                }\n<\/style><div class=\"td-block-title-wrap\"><h4 class=\"td-block-title\"><span class=\"td-pulldown-size\">Standard- ja Advanced-taso<\/span><\/h4><\/div><div class=\"td_mod_wrap td-fix-index\"><p>Akkreditoinnissa on kaksi tasoa: Standard, joka keskittyy peruss\u00e4\u00e4nt\u00f6ihin, ja Advanced, joka k\u00e4sittelee s\u00e4\u00e4nt\u00f6j\u00e4 syv\u00e4llisemmin. WFDF:n j\u00e4rjest\u00e4miss\u00e4 turnauksissa kaikilla joukkueen pelaajista on oltava voimassaoleva Standard-akkreditointi, ja puolella pelaajista (joista yksi on kapteeni) Advanced-akkreditointi.<\/p>\n<p><strong>Suomen Liitokiekkoliiton SM-Tourille osallistuvien SM-pisteist\u00e4 kilpailevien joukkueiden pelaajilla tulee olla suoritettuna v\u00e4hint\u00e4\u00e4n seuraavat testit:<\/strong><\/p>\n<p><strong>Talvikaudella: <\/strong>Kaikilla A ja B -tasoryhmien joukkueiden jokaisella pelaajalla tulee olla<br \/>\nvoimassa WFDF:n m\u00e4\u00e4r\u00e4ysten mukainen perusakkreditointi (Standard), ja joukkueen<br \/>\nkapteeneilla tulee sarjatasosta riippumatta olla voimassaoleva korkeamman tason akkreditointi (Advanced).<\/p>\n<p>Pelaajaksi katsotaan t\u00e4ss\u00e4 yhteydess\u00e4 joukkueen kokoonpanoon merkattu urheilija, joka<br \/>\npelaa ottelussa ainakin yhden pisteen.<\/p>\n<p><strong>Kes\u00e4kaudella:\u00a0<\/strong>Kaikilla pelaajilla Standard-tason akkreditointi ja lis\u00e4ksi v\u00e4hint\u00e4\u00e4n kolmella pelaajalla Advanced-tason akkreditointi.<\/p>\n<p>Liitokiekkoliitto suosittaa my\u00f6s Tourille osallistuvien projektijoukkueiden ja ulkomaisten joukkueiden pelaajia suorittamaan v\u00e4hint\u00e4\u00e4n Standard-tason testin. Akkreditointi on kerrallaan voimassa 18 kuukautta, mink\u00e4 j\u00e4lkeen se tulee uusia tekem\u00e4ll\u00e4 testi uudestaan.<\/p>\n<\/div><\/div><div class=\"td_block_wrap td_block_text_with_title tdi_9 tagdiv-type td-pb-border-top td_block_template_10\"  data-td-block-uid=\"tdi_9\" >\n<style>\n.tdi_9 .td-block-title:before {\r\n                background-color: #81d742 !important;\r\n            }\n<\/style><div class=\"td-block-title-wrap\"><h4 class=\"td-block-title\"><span class=\"td-pulldown-size\">Ohje: Akkreditoinnin suorittaminen<\/span><\/h4><\/div><div class=\"td_mod_wrap td-fix-index\"><h4>1) Rekister\u00f6idy k\u00e4ytt\u00e4j\u00e4ksi WFDF:n s\u00e4\u00e4nt\u00f6sivuilla <a href=\"https:\/\/rules.wfdf.sport\/register\/\">https:\/\/rules.wfdf.sport\/register\/<\/a><\/h4>\n<p>Ilman rekister\u00f6itymist\u00e4 testi\u00e4 ei voi\u00a0 suorittaa. K\u00e4ytt\u00e4j\u00e4tunnukseksi WFDF:n j\u00e4rjestelm\u00e4\u00e4n voi valita mit\u00e4 tahansa, mutta k\u00e4ytt\u00e4j\u00e4tietoihin kannattaa kirjata omaan nimen kohdalle oikea oma nimi. Se toimii paremmin kuin tunnistamaton nimimerkki, sill\u00e4 sama nimi n\u00e4kyy testin suorittaneiden listassa ja tulostuu my\u00f6s saatuun akkreditointitodistukseen. Rekister\u00f6itymisen yhteydess\u00e4 kysyt\u00e4\u00e4n my\u00f6s lupa julkaista tieto omasta akkreditoinnistani WFDF:n listassa. Mik\u00e4li t\u00e4m\u00e4n sallii, se helpottaa turnausj\u00e4rjest\u00e4jien ja oman seurasi yhteyshenkil\u00f6n ty\u00f6t\u00e4, kun akkreditointeja tarkistetaan. Jos et halua nime\u00e4si julkiseksi, ota talteen oman akkreditointisi tunnistenumero (\u201duser ID\u201d), tietosi l\u00f6ytyv\u00e4t tarvittaessa my\u00f6s sill\u00e4.<\/p>\n<h4>2) Mene akkreditointisivulle: <a href=\"https:\/\/rules.wfdf.sport\/accreditation\/\">https:\/\/rules.wfdf.sport\/accreditation\/<\/a><a href=\"http:\/\/rules.wfdf.org\/accreditation\" target=\"_blank\" rel=\"noopener noreferrer\">\u00a0<\/a>ja suorita haluamasi s\u00e4\u00e4nt\u00f6testi<\/h4>\n<p>Testi toivotaan teht\u00e4v\u00e4n yksin, ei ryhm\u00e4ty\u00f6n\u00e4, mutta siin\u00e4 saa ja mielell\u00e4\u00e4n pit\u00e4\u00e4kin k\u00e4ytt\u00e4\u00e4 apuna uusimpia s\u00e4\u00e4nt\u00f6j\u00e4, joista vastauksia voi tarkistaa testin aikana. Testin voi uusia pari kertaa, mutta sen j\u00e4lkeen tulee kolmen kuukauden karenssi, ennen kuin voi yritt\u00e4\u00e4 uudestaan. L\u00e4p\u00e4isyvaatimuksena on 8 vastausta oikein 10:st\u00e4. Testin saa my\u00f6s j\u00e4tt\u00e4\u00e4 kesken ja jatkaa my\u00f6hemmin, kunhan vastaa kaikkiin kysymyksiin kuukauden sis\u00e4ll\u00e4. WFDF toivoo, ett\u00e4 jokainen testin tehnyt pit\u00e4isi kysymykset omana tietonaan. Ei siksi, ett\u00e4 ne olisivat kovin vaikeita tai ainutlaatuisia, vaan siksi, ett\u00e4 testin tarkoituksena on saada jokainen pelaaja miettim\u00e4\u00e4n s\u00e4\u00e4nt\u00f6asioita\u00a0<em>itse.<\/em><\/p>\n<\/div><\/div><\/div><\/div><\/div><\/div>","protected":false},"excerpt":{"rendered":"","protected":false},"author":1,"featured_media":0,"parent":20,"menu_order":2,"comment_status":"closed","ping_status":"closed","template":"","meta":{"footnotes":""},"class_list":["post-24","page","type-page","status-publish"],"_links":{"self":[{"href":"https:\/\/ultimate.fi\/liitto\/wp-json\/wp\/v2\/pages\/24","targetHints":{"allow":["GET"]}}],"collection":[{"href":"https:\/\/ultimate.fi\/liitto\/wp-json\/wp\/v2\/pages"}],"about":[{"href":"https:\/\/ultimate.fi\/liitto\/wp-json\/wp\/v2\/types\/page"}],"author":[{"embeddable":true,"href":"https:\/\/ultimate.fi\/liitto\/wp-json\/wp\/v2\/users\/1"}],"replies":[{"embeddable":true,"href":"https:\/\/ultimate.fi\/liitto\/wp-json\/wp\/v2\/comments?post=24"}],"version-history":[{"count":9,"href":"https:\/\/ultimate.fi\/liitto\/wp-json\/wp\/v2\/pages\/24\/revisions"}],"predecessor-version":[{"id":1105,"href":"https:\/\/ultimate.fi\/liitto\/wp-json\/wp\/v2\/pages\/24\/revisions\/1105"}],"up":[{"embeddable":true,"href":"https:\/\/ultimate.fi\/liitto\/wp-json\/wp\/v2\/pages\/20"}],"wp:attachment":[{"href":"https:\/\/ultimate.fi\/liitto\/wp-json\/wp\/v2\/media?parent=24"}],"curies":[{"name":"wp","href":"https:\/\/api.w.org\/{rel}","templated":true}]}}