{"id":26,"date":"2018-11-18T07:12:38","date_gmt":"2018-11-18T05:12:38","guid":{"rendered":"https:\/\/ultimate.fi\/wordpress\/liitto\/?page_id=26"},"modified":"2018-11-21T11:55:42","modified_gmt":"2018-11-21T09:55:42","slug":"spirit-of-the-game","status":"publish","type":"page","link":"https:\/\/ultimate.fi\/liitto\/etusivu\/spirit-of-the-game\/","title":{"rendered":"Spirit of the Game"},"content":{"rendered":"<div id=\"tdi_1\" class=\"tdc-row stretch_row_1200 td-stretch-content\"><div class=\"vc_row tdi_2  wpb_row td-pb-row\" >\n<style scoped>\n\/* custom css - generated by TagDiv Composer *\/\n\n\/* custom css - generated by TagDiv Composer *\/\n.tdi_2,\r\n                .tdi_2 .tdc-columns{\r\n                    min-height: 0;\r\n                }.tdi_2,\r\n\t\t\t\t.tdi_2 .tdc-columns{\r\n\t\t\t\t    display: block;\r\n\t\t\t\t}.tdi_2 .tdc-columns{\r\n\t\t\t\t    width: 100%;\r\n\t\t\t\t}.tdi_2:before,\r\n\t\t\t\t.tdi_2:after{\r\n\t\t\t\t    display: table;\r\n\t\t\t\t}\n<\/style><div class=\"vc_column tdi_4  wpb_column vc_column_container tdc-column td-pb-span12\">\n<style scoped>\n\/* custom css - generated by TagDiv Composer *\/\n\n\/* custom css - generated by TagDiv Composer *\/\n.tdi_4{\r\n                    vertical-align: baseline;\r\n                }.tdi_4 > .wpb_wrapper,\r\n\t\t\t\t.tdi_4 > .wpb_wrapper > .tdc-elements{\r\n\t\t\t\t    display: block;\r\n\t\t\t\t}.tdi_4 > .wpb_wrapper > .tdc-elements{\r\n\t\t\t\t    width: 100%;\r\n\t\t\t\t}.tdi_4 > .wpb_wrapper > .vc_row_inner{\r\n\t\t\t\t    width: auto;\r\n\t\t\t\t}.tdi_4 > .wpb_wrapper{\r\n\t\t\t\t    width: auto;\r\n\t\t\t\t    height: auto;\r\n\t\t\t\t}\n<\/style><div class=\"wpb_wrapper\" ><div class=\"tdm_block td_block_wrap tdm_block_text_image tdi_5 td-animation-stack tdm-layout-12-12 tdm-content-horiz-left tdm-content-vert-center td-pb-border-top td_block_template_10\"  data-td-block-uid=\"tdi_5\" >\n<style>\n\/* custom css - generated by TagDiv Composer *\/\n.tdm_block_text_image .tdm-text-wrap{\r\n                  padding-top: 20px;\r\n                  padding-bottom: 20px;\r\n                }.tdm_block_text_image .tdm-descr{\r\n                  margin-bottom: 0;\r\n                }.tdm_block_text_image .tds-button{\r\n                  margin-top: 30px;\r\n                }@media (min-width: 767px) {\r\n                  .tdm_block_text_image.tdm-text-image-extend-img {\r\n                    margin-right: calc((-100vw + 100%) \/ 2);\r\n                  }\r\n                  .tdm_block_text_image.tdm-text-image-extend-img.tdm-flip-yes {\r\n                    margin-right: 0;\r\n                    margin-left: calc((-100vw + 100%) \/ 2);\r\n                  }\r\n                  .tdm_block_text_image.tdm-text-image-extend-img.tdm-flip-yes .tdm-col-img {\r\n                    text-align: right;\r\n                  }\r\n                }@media (max-width: 767px) {\r\n                  .tdm_block_text_image .tdm-col-img {\r\n                    margin-top: 36px;\r\n                  }\r\n                  .tdm_block_text_image.tdm-flip-yes .tdm-col-img {\r\n                    margin-top: 0;\r\n                    margin-bottom: 15px;\r\n                  }\r\n                }\n<\/style><div class=\"td-block-width tdm-fix-full\"><div class=\"td-block-row tdm-row\"><div class=\"td-block-span6 tdm-col\"><div class=\"tdm-text-wrap tdm-text-padding\"><div class=\"tds-title tds-title1 td-fix-index tdi_6 \"><h3 class=\"tdm-title tdm-title-md\">Spirit of the Game<\/h3><\/div><p class=\"tdm-descr td-fix-index\">Ultimaten erottaa kaikista muista joukkuelajeista lajiin sis\u00e4\u00e4nrakennettu ainutlaatuinen k\u00e4site, Spirit of the Game. SOTG on niin ultimaten s\u00e4\u00e4nt\u00f6jen, pelaamisen kuin koko ultimatekulttuurinkin perusta. Kun opit pelaamaan ultimatea, opit samalla my\u00f6s spiritin perusteet: ultimatea saa ja kuuluu pelata kovaa, mutta ei koskaan peli-ilon tai pelaajien terveyden ja keskin\u00e4isen kunnioituksen kustannuksella. Ultimatessa ei ole vastustajia vaan kanssapelaajia.<\/p><\/div><\/div><div class=\"td-block-span6 tdm-col tdm-col-img\"><img class=\"tdm-image td-fix-index td-lazy-img\" data-type=\"image_tag\" data-img-url=\"https:\/\/ultimate.fi\/wordpress\/liitto\/wp-content\/uploads\/2018\/11\/spirit-of-the-game.jpg\"  title=\"spirit-of-the-game\" width=\"1800\" height=\"452\"><\/div><\/div><\/div><\/div><div class=\"td_block_wrap td_block_text_with_title tdi_7 tagdiv-type td-pb-border-top td_block_template_10\"  data-td-block-uid=\"tdi_7\" >\n<style>\n\n\/* inline tdc_css att - generated by TagDiv Composer *\/\n\n.tdi_7{\nmargin-top:-50px !important;\n}\n\n<\/style>\n<style>\n\/* custom css - generated by TagDiv Composer *\/\n.td_block_text_with_title{\r\n                  margin-bottom: 44px;\r\n                  -webkit-transform: translateZ(0);\r\n                  transform: translateZ(0);\r\n                }.td_block_text_with_title p:last-child{\r\n                  margin-bottom: 0;\r\n                }\n<\/style><div class=\"td-block-title-wrap\"><\/div><div class=\"td_mod_wrap td-fix-index\"><h4 class=\"post-title entry-title\">Spirit pelikentill\u00e4<\/h4>\n<div class=\"entry-content clearfix\">Ultimate on poikkeuksellinen joukkuepeli, sill\u00e4 spirit vaatii pelaajilta kypsyytt\u00e4 ja kyky\u00e4 n\u00e4hd\u00e4 peli uudesta n\u00e4k\u00f6kulmasta. Se ei v\u00e4ltt\u00e4m\u00e4tt\u00e4 aluksi ole aina helppoa, jos on tottunut \u201dtestaamaan tuomarilinjaa\u201d tai kuittaamaan kiistatilanteet j\u00e4\u00e4hyll\u00e4.<\/div>\n<div><\/div>\n<div class=\"entry-content clearfix\">Ultimatessa spirit mahdollistaa pelaajien ainutlaatuisen yhteishengen \u2013 vaikuttamatta lainkaan pelin kovuuteen. Kanssapelaajien fyysist\u00e4 tilaa kunnioitetaan ja kaikenlaista kontaktia pyrit\u00e4\u00e4n v\u00e4ltt\u00e4m\u00e4\u00e4n. Virhe- ja kiistatilanteissa pelaajat selvitt\u00e4v\u00e4t erimielisyydet kesken\u00e4\u00e4n\u00a0<strong>ilman tuomareita\u00a0<\/strong>kaikilla pelin tasoilla puistopeleist\u00e4 MM-kilpailuihin. Selvitystilanteessa vastustajan n\u00e4k\u00f6kulma yritet\u00e4\u00e4n aidosti ymm\u00e4rt\u00e4\u00e4 ja sen j\u00e4lkeen yhdess\u00e4 sovelletaan s\u00e4\u00e4nt\u00f6j\u00e4 tilanteen ratkaisemiseksi. On pelaajan vastuulla olla riitt\u00e4v\u00e4n kyps\u00e4 my\u00f6nt\u00e4m\u00e4\u00e4n oma virheens\u00e4 \u2013 vaikka se merkitsisi esimerkiksi kiekon p\u00e4\u00e4tymist\u00e4 toisen joukkueen haltuun. My\u00f6s s\u00e4\u00e4nt\u00f6jen osaaminen kuuluu hyv\u00e4\u00e4n spiritiin.<\/div>\n<div class=\"entry-content clearfix\">\n<h4>Spirit-palkintoa arvostetaan<\/h4>\n<p>Ultimateturn<a href=\"http:\/\/www.ultimate.fi\/ultimate\/spirit-of-the-game\/img_6887_c_matti_kajaste\/\" rel=\"attachment wp-att-352\"><img loading=\"lazy\" decoding=\"async\" class=\"alignright\" title=\"IMG_6887_c_Matti_Kajaste\" src=\"http:\/\/www.ultimate.fi\/ultimate\/site\/wp-content\/uploads\/2011\/03\/IMG_6887_c_Matti_Kajaste-300x199.jpg\" alt=\"Kiitokset loppuringin j\u00e4lkeen.\" width=\"300\" height=\"199\" \/><\/a>auksissa jaetaan normaalien sijoituspalkintojen lis\u00e4ksi aina my\u00f6s\u00a0<strong>Spirit-palkinto<\/strong>, jonka saa joukkue, joka on l\u00e4pi turnauksen osoittanut parasta Spiriti\u00e4. Spirit-palkinnon saaminen koetaan useissa turnauksissa yht\u00e4 arvokkaaksi kuin itse turnauksen voittaminen, ja monesti sen saaja julkistetaan vasta viimeisen\u00e4 sen j\u00e4lkeen, kun varsinaiset mitalit on jaettu.<\/p>\n<p>Vuonna 2016 Suomen mixed-maajoukkue palkittiin ultimaten MM-kisoissa parhaasta Spiritist\u00e4.<\/p>\n<h4>Spirit ymp\u00e4ri maailman<\/h4>\n<p>Ultimateyhteis\u00f6 on maailmanlaajuinen, ja lajin ymp\u00e4rille on kehittynyt ainutlaatuinen kulttuuri. Ultimatenpelaajan on helppo l\u00e4hte\u00e4 turnaukseen ulkomaille tai siirty\u00e4 pelaamaan ulkomaiseen joukkueeseen, sill\u00e4 kaikkialla maailmassa ultimatistit ovat vastaanottavaisia ja tottuneita samaan k\u00e4ytt\u00e4ytymiskoodistoon \u2013 Spirit of the Gameen.\u00a0 Toki eri maissa spirit saa eri vivahteita, mutta yksi asia ei muutu: reilusti pelaaminen on aina yht\u00e4 hauskaa!<\/p>\n<\/div>\n<\/div><\/div><div class=\"wpb_wrapper td_block_wrap vc_raw_html tdi_9 \">\n<style scoped>\n\/* custom css - generated by TagDiv Composer *\/\n\n\/* inline tdc_css att - generated by TagDiv Composer *\/\n\n.tdi_9{\njustify-content:center !important;\ntext-align:center !important;\n}\n\n<\/style><div class=\"td-fix-index\"><iframe loading=\"lazy\" width=\"560\" height=\"315\" src=\"https:\/\/www.youtube.com\/embed\/8puxi4_Vw74\" frameborder=\"0\" allow=\"autoplay; encrypted-media\" allowfullscreen><\/iframe><\/div><\/div><\/div><\/div><\/div><\/div>","protected":false},"excerpt":{"rendered":"","protected":false},"author":1,"featured_media":0,"parent":5,"menu_order":3,"comment_status":"closed","ping_status":"closed","template":"","meta":{"footnotes":""},"class_list":["post-26","page","type-page","status-publish"],"_links":{"self":[{"href":"https:\/\/ultimate.fi\/liitto\/wp-json\/wp\/v2\/pages\/26","targetHints":{"allow":["GET"]}}],"collection":[{"href":"https:\/\/ultimate.fi\/liitto\/wp-json\/wp\/v2\/pages"}],"about":[{"href":"https:\/\/ultimate.fi\/liitto\/wp-json\/wp\/v2\/types\/page"}],"author":[{"embeddable":true,"href":"https:\/\/ultimate.fi\/liitto\/wp-json\/wp\/v2\/users\/1"}],"replies":[{"embeddable":true,"href":"https:\/\/ultimate.fi\/liitto\/wp-json\/wp\/v2\/comments?post=26"}],"version-history":[{"count":3,"href":"https:\/\/ultimate.fi\/liitto\/wp-json\/wp\/v2\/pages\/26\/revisions"}],"predecessor-version":[{"id":470,"href":"https:\/\/ultimate.fi\/liitto\/wp-json\/wp\/v2\/pages\/26\/revisions\/470"}],"up":[{"embeddable":true,"href":"https:\/\/ultimate.fi\/liitto\/wp-json\/wp\/v2\/pages\/5"}],"wp:attachment":[{"href":"https:\/\/ultimate.fi\/liitto\/wp-json\/wp\/v2\/media?parent=26"}],"curies":[{"name":"wp","href":"https:\/\/api.w.org\/{rel}","templated":true}]}}