{"id":38,"date":"2018-11-18T07:17:58","date_gmt":"2018-11-18T05:17:58","guid":{"rendered":"https:\/\/ultimate.fi\/wordpress\/liitto\/?page_id=38"},"modified":"2022-10-21T13:10:35","modified_gmt":"2022-10-21T10:10:35","slug":"oppaat","status":"publish","type":"page","link":"https:\/\/ultimate.fi\/liitto\/etusivu\/tietopankki\/oppaat\/","title":{"rendered":"Oppaat"},"content":{"rendered":"<div id=\"tdi_1\" class=\"tdc-zone\"><div class=\"tdc_zone tdi_2  wpb_row td-pb-row\"  >\n<style scoped>\n\/* custom css - generated by TagDiv Composer *\/\n\n\/* custom css - generated by TagDiv Composer *\/\n.tdi_2{\r\n                    min-height: 0;\r\n                }\n<\/style><div id=\"tdi_3\" class=\"tdc-row\"><div class=\"vc_row tdi_4  wpb_row td-pb-row\" >\n<style scoped>\n\/* custom css - generated by TagDiv Composer *\/\n\n\/* custom css - generated by TagDiv Composer *\/\n.tdi_4,\r\n                .tdi_4 .tdc-columns{\r\n                    min-height: 0;\r\n                }.tdi_4,\r\n\t\t\t\t.tdi_4 .tdc-columns{\r\n\t\t\t\t    display: block;\r\n\t\t\t\t}.tdi_4 .tdc-columns{\r\n\t\t\t\t    width: 100%;\r\n\t\t\t\t}.tdi_4:before,\r\n\t\t\t\t.tdi_4:after{\r\n\t\t\t\t    display: table;\r\n\t\t\t\t}\n<\/style><div class=\"vc_column tdi_6  wpb_column vc_column_container tdc-column td-pb-span12\">\n<style scoped>\n\/* custom css - generated by TagDiv Composer *\/\n\n\/* custom css - generated by TagDiv Composer *\/\n.tdi_6{\r\n                    vertical-align: baseline;\r\n                }.tdi_6 > .wpb_wrapper,\r\n\t\t\t\t.tdi_6 > .wpb_wrapper > .tdc-elements{\r\n\t\t\t\t    display: block;\r\n\t\t\t\t}.tdi_6 > .wpb_wrapper > .tdc-elements{\r\n\t\t\t\t    width: 100%;\r\n\t\t\t\t}.tdi_6 > .wpb_wrapper > .vc_row_inner{\r\n\t\t\t\t    width: auto;\r\n\t\t\t\t}.tdi_6 > .wpb_wrapper{\r\n\t\t\t\t    width: auto;\r\n\t\t\t\t    height: auto;\r\n\t\t\t\t}\n<\/style><div class=\"wpb_wrapper\" ><div class=\"tdm_block td_block_wrap tdm_block_call_to_action tdi_7 tds_call_to_action2 tdm-content-horiz-left tdm-content-vert-center td-pb-border-top td_block_template_10\"  data-td-block-uid=\"tdi_7\" >\n<style>\n\/* custom css - generated by TagDiv Composer *\/\n.tdm_block_call_to_action .tdm-title{\r\n                  margin: 9px 0 10px 0;\r\n                }.tdm_block_call_to_action .tdm-descr{\r\n                  margin-bottom: 0;\r\n                }.tdm_block_call_to_action .tds-title + .tdm-descr{\r\n                  margin-bottom: 14px;\r\n                }.tdm_block_call_to_action .tdm-btn{\r\n                  margin-top: 0;\r\n                  max-width: 100%;\r\n                  overflow: hidden;\r\n                }.tdm_block_call_to_action .tdm-btn .tdm-btn-text{\r\n                  text-overflow: ellipsis;\r\n                  overflow: hidden;\r\n                  max-width: 100%;\r\n                  display: inline-block;\r\n                  white-space: nowrap;\r\n                }.tdm_block_call_to_action.tds_call_to_action2{\r\n                  padding: 13px 22px;\r\n                }@media (min-width: 768px) and (max-width: 1018px) {\r\n                  .tdm_block_call_to_action .td-block-span9 {\r\n                    width: 66.66666667%;\r\n                  }\r\n                  .tdm_block_call_to_action .td-block-span3 {\r\n                    width: 33.33333333%;\r\n                  }\r\n                }@media (max-width: 767px) {\r\n                  .tdm_block_call_to_action .td-block-span9 {\r\n                    margin-bottom: 20px;\r\n                  }\r\n                }@media (min-width: 767px) {\r\n                  .tdm_block_call_to_action .tds-button {\r\n                    text-align: right !important;\r\n                  }\r\n                  .tdm_block_call_to_action.tdm-flip-yes .tds-button {\r\n                    text-align: left !important;\r\n                  }\r\n                }\n<\/style>\n<style>\n\/* custom css - generated by TagDiv Composer *\/\n.tdi_7{\r\n\t\t\t\t    box-shadow:  0px 8px 25px 0px rgba(155,155,155,0.82);\r\n\t\t\t\t}\n<\/style><div class=\"td-block-width tds-call-to-action2 tdi_8\"><div class=\"td-block-row tdm-row td-fix-index\"><div class=\"td-block-span9 tdm-col\"><div class=\"tds-title tds-title1 td-fix-index tdi_9 \"><h3 class=\"tdm-title tdm-title-md\">Opettajan opas<\/h3><\/div><p class=\"tdm-descr\">Hei opettaja! T\u00e4ss\u00e4 opas parempaan ultimaten opettamiseen liikuntatunneille!<\/p><\/div><div class=\"td-block-span3 tdm-col\">\n<style>\n\/* custom css - generated by TagDiv Composer *\/\nbody .tdi_10{\r\n\t\t\t\t\tbackground-color: rgba(26,175,0,0.82);\r\n\t\t\t\t}\n<\/style><div class=\"tds-button td-fix-index\"><a \r\n                href=\"http:\/\/ultimate.fi\/wordpress\/liitto\/wp-content\/uploads\/2018\/11\/Ultimaten_opettajan_opas_Ranta_Hiitola.pdf\" \r\n                 title=\"Opettajan opas\"\r\n                class=\"tds-button1 tdm-btn tdm-btn-md tdi_10 \" ><span class=\"tdm-btn-text\">Opettajan opas<\/span><\/a><\/div><\/div><\/div><\/div><\/div><\/div><\/div><\/div><\/div>\n\n<div id=\"tdi_11\" class=\"tdc-row\"><div class=\"vc_row tdi_12  wpb_row td-pb-row\" >\n<style scoped>\n\/* custom css - generated by TagDiv Composer *\/\n\n\/* custom css - generated by TagDiv Composer *\/\n.tdi_12,\r\n                .tdi_12 .tdc-columns{\r\n                    min-height: 0;\r\n                }.tdi_12,\r\n\t\t\t\t.tdi_12 .tdc-columns{\r\n\t\t\t\t    display: block;\r\n\t\t\t\t}.tdi_12 .tdc-columns{\r\n\t\t\t\t    width: 100%;\r\n\t\t\t\t}.tdi_12:before,\r\n\t\t\t\t.tdi_12:after{\r\n\t\t\t\t    display: table;\r\n\t\t\t\t}\n<\/style>\n<h2 style=\"text-align: center;\"><a href=\"https:\/\/ultimate.fi\/wordpress\/liitto\/wp-content\/uploads\/2022\/08\/Ultimaten-harjoitteet-ja-viitepelit-koululiikuntaan.pdf\"><strong>Ultimaten harjoitteet ja viitepelit koululiikuntaan &gt;<\/strong><\/a><\/h2>\n<\/div><\/div>\n<h2 style=\"text-align: center;\"><a href=\"https:\/\/ultimate.fi\/wordpress\/ultimate\/wp-content\/uploads\/2022\/10\/MunLiike_Tehtavakortti_A4.pdf\"><strong>Mun Liike &gt;<\/strong><\/a><\/h2>\n<div id=\"tdi_13\" class=\"tdc-row\"><div class=\"vc_row tdi_14  wpb_row td-pb-row\" >\n<style scoped>\n\/* custom css - generated by TagDiv Composer *\/\n\n\/* custom css - generated by TagDiv Composer *\/\n.tdi_14,\r\n                .tdi_14 .tdc-columns{\r\n                    min-height: 0;\r\n                }.tdi_14,\r\n\t\t\t\t.tdi_14 .tdc-columns{\r\n\t\t\t\t    display: block;\r\n\t\t\t\t}.tdi_14 .tdc-columns{\r\n\t\t\t\t    width: 100%;\r\n\t\t\t\t}.tdi_14:before,\r\n\t\t\t\t.tdi_14:after{\r\n\t\t\t\t    display: table;\r\n\t\t\t\t}\n<\/style><div class=\"vc_column tdi_16  wpb_column vc_column_container tdc-column td-pb-span12\">\n<style scoped>\n\/* custom css - generated by TagDiv Composer *\/\n\n\/* custom css - generated by TagDiv Composer *\/\n.tdi_16{\r\n                    vertical-align: baseline;\r\n                }.tdi_16 > .wpb_wrapper,\r\n\t\t\t\t.tdi_16 > .wpb_wrapper > .tdc-elements{\r\n\t\t\t\t    display: block;\r\n\t\t\t\t}.tdi_16 > .wpb_wrapper > .tdc-elements{\r\n\t\t\t\t    width: 100%;\r\n\t\t\t\t}.tdi_16 > .wpb_wrapper > .vc_row_inner{\r\n\t\t\t\t    width: auto;\r\n\t\t\t\t}.tdi_16 > .wpb_wrapper{\r\n\t\t\t\t    width: auto;\r\n\t\t\t\t    height: auto;\r\n\t\t\t\t}\n<\/style><div class=\"wpb_wrapper\" ><div class=\"tdm_block td_block_wrap tdm_block_call_to_action tdi_17 tds_call_to_action2 tdm-content-horiz-left tdm-content-vert-center td-pb-border-top td_block_template_10\"  data-td-block-uid=\"tdi_17\" >\n<style>\n\/* custom css - generated by TagDiv Composer *\/\n.tdi_17{\r\n\t\t\t\t    box-shadow:  0px 8px 25px 0px rgba(155,155,155,0.82);\r\n\t\t\t\t}\n<\/style><div class=\"td-block-width tds-call-to-action2 tdi_18\"><div class=\"td-block-row tdm-row td-fix-index\"><div class=\"td-block-span9 tdm-col\"><div class=\"tds-title tds-title1 td-fix-index tdi_19 \"><h3 class=\"tdm-title tdm-title-md\">Ohjeistus junioreiden valmentajille<\/h3><\/div><p class=\"tdm-descr\">T\u00e4ss\u00e4 on ohjeistus junioreita valmentaville, junioreille ja heid\u00e4n vanhemmilleen.<\/p><\/div><div class=\"td-block-span3 tdm-col\">\n<style>\n\/* custom css - generated by TagDiv Composer *\/\nbody .tdi_20{\r\n\t\t\t\t\tbackground-color: rgba(26,175,0,0.82);\r\n\t\t\t\t}\n<\/style><div class=\"tds-button td-fix-index\"><a \r\n                href=\"http:\/\/ultimate.fi\/wordpress\/liitto\/wp-content\/uploads\/2018\/11\/Junioriohjeistus_ultimateseuroille_21042013.pdf\" \r\n                 title=\"Junioriohjeistus\"\r\n                class=\"tds-button1 tdm-btn tdm-btn-md tdi_20 \" ><span class=\"tdm-btn-text\">Junioriohjeistus<\/span><\/a><\/div><\/div><\/div><\/div><\/div><div class=\"tdm_block td_block_wrap tdm_block_call_to_action tdi_21 tds_call_to_action2 tdm-content-horiz-left tdm-content-vert-center td-pb-border-top td_block_template_10\"  data-td-block-uid=\"tdi_21\" >\n<style>\n\/* custom css - generated by TagDiv Composer *\/\n.tdi_21{\r\n\t\t\t\t    box-shadow:  0px 8px 25px 0px rgba(155,155,155,0.82);\r\n\t\t\t\t}\n<\/style><div class=\"td-block-width tds-call-to-action2 tdi_22\"><div class=\"td-block-row tdm-row td-fix-index\"><div class=\"td-block-span9 tdm-col\"><div class=\"tds-title tds-title1 td-fix-index tdi_23 \"><h3 class=\"tdm-title tdm-title-md\">Kouluyhteisty\u00f6n ohjeistus<\/h3><\/div><p class=\"tdm-descr\">Kouluyhteisty\u00f6n ohjeistus on suunnattu erityisesti seuransa juniority\u00f6st\u00e4 vastaaville seura-aktiiveille, mutta my\u00f6s kaikille aiheesta kiinnostuneille.<\/p><\/div><div class=\"td-block-span3 tdm-col\">\n<style>\n\/* custom css - generated by TagDiv Composer *\/\nbody .tdi_24{\r\n\t\t\t\t\tbackground-color: rgba(26,175,0,0.82);\r\n\t\t\t\t}\n<\/style><div class=\"tds-button td-fix-index\"><a \r\n                href=\"https:\/\/ultimate.fi\/wordpress\/liitto\/wp-content\/uploads\/2020\/02\/Kouluyhteisty%C3%B6n-ohjeistus.pdf\" \r\n                 title=\"Kouluyhteisty\u00f6\"\r\n                class=\"tds-button1 tdm-btn tdm-btn-md tdi_24 \" ><span class=\"tdm-btn-text\">Kouluyhteisty\u00f6<\/span><\/a><\/div><\/div><\/div><\/div><\/div><\/div><\/div><\/div><\/div><\/div><\/div>","protected":false},"excerpt":{"rendered":"","protected":false},"author":1,"featured_media":0,"parent":30,"menu_order":1,"comment_status":"closed","ping_status":"closed","template":"","meta":{"footnotes":""},"class_list":["post-38","page","type-page","status-publish"],"_links":{"self":[{"href":"https:\/\/ultimate.fi\/liitto\/wp-json\/wp\/v2\/pages\/38","targetHints":{"allow":["GET"]}}],"collection":[{"href":"https:\/\/ultimate.fi\/liitto\/wp-json\/wp\/v2\/pages"}],"about":[{"href":"https:\/\/ultimate.fi\/liitto\/wp-json\/wp\/v2\/types\/page"}],"author":[{"embeddable":true,"href":"https:\/\/ultimate.fi\/liitto\/wp-json\/wp\/v2\/users\/1"}],"replies":[{"embeddable":true,"href":"https:\/\/ultimate.fi\/liitto\/wp-json\/wp\/v2\/comments?post=38"}],"version-history":[{"count":12,"href":"https:\/\/ultimate.fi\/liitto\/wp-json\/wp\/v2\/pages\/38\/revisions"}],"predecessor-version":[{"id":916,"href":"https:\/\/ultimate.fi\/liitto\/wp-json\/wp\/v2\/pages\/38\/revisions\/916"}],"up":[{"embeddable":true,"href":"https:\/\/ultimate.fi\/liitto\/wp-json\/wp\/v2\/pages\/30"}],"wp:attachment":[{"href":"https:\/\/ultimate.fi\/liitto\/wp-json\/wp\/v2\/media?parent=38"}],"curies":[{"name":"wp","href":"https:\/\/api.w.org\/{rel}","templated":true}]}}