{"id":40,"date":"2018-11-18T07:18:27","date_gmt":"2018-11-18T05:18:27","guid":{"rendered":"https:\/\/ultimate.fi\/wordpress\/liitto\/?page_id=40"},"modified":"2026-01-22T14:48:35","modified_gmt":"2026-01-22T12:48:35","slug":"asiakirjat","status":"publish","type":"page","link":"https:\/\/ultimate.fi\/liitto\/etusivu\/tietopankki\/asiakirjat\/","title":{"rendered":"Asiakirjat"},"content":{"rendered":"<p><div id=\"tdi_1\" class=\"tdc-row\"><div class=\"vc_row tdi_2  wpb_row td-pb-row\" >\n<style scoped>\n\/* custom css - generated by TagDiv Composer *\/\n\n\/* custom css - generated by TagDiv Composer *\/\n.tdi_2,\r\n                .tdi_2 .tdc-columns{\r\n                    min-height: 0;\r\n                }.tdi_2,\r\n\t\t\t\t.tdi_2 .tdc-columns{\r\n\t\t\t\t    display: block;\r\n\t\t\t\t}.tdi_2 .tdc-columns{\r\n\t\t\t\t    width: 100%;\r\n\t\t\t\t}.tdi_2:before,\r\n\t\t\t\t.tdi_2:after{\r\n\t\t\t\t    display: table;\r\n\t\t\t\t}\n<\/style><div class=\"vc_column tdi_4  wpb_column vc_column_container tdc-column td-pb-span12\">\n<style scoped>\n\/* custom css - generated by TagDiv Composer *\/\n\n\/* custom css - generated by TagDiv Composer *\/\n.tdi_4{\r\n                    vertical-align: baseline;\r\n                }.tdi_4 > .wpb_wrapper,\r\n\t\t\t\t.tdi_4 > .wpb_wrapper > .tdc-elements{\r\n\t\t\t\t    display: block;\r\n\t\t\t\t}.tdi_4 > .wpb_wrapper > .tdc-elements{\r\n\t\t\t\t    width: 100%;\r\n\t\t\t\t}.tdi_4 > .wpb_wrapper > .vc_row_inner{\r\n\t\t\t\t    width: auto;\r\n\t\t\t\t}.tdi_4 > .wpb_wrapper{\r\n\t\t\t\t    width: auto;\r\n\t\t\t\t    height: auto;\r\n\t\t\t\t}\n<\/style><div class=\"wpb_wrapper\" ><div class=\"td_block_wrap td_block_text_with_title tdi_5 tagdiv-type td-pb-border-top td_block_template_10\"  data-td-block-uid=\"tdi_5\" >\n<style>\n.td_block_template_10.widget > ul > li {\r\n                margin-left: 0 !important;\r\n            }\r\n            .td_block_template_10 .td-block-title {\r\n                font-size: 17px;\r\n                font-weight: 500;\r\n                margin-top: -10px;\r\n                margin-bottom: 24px;\r\n                line-height: 37px;\r\n                padding: 0;\r\n                position: relative;\r\n                text-align: left;\r\n            }\r\n            .td_block_template_10 .td-block-title:before {\r\n                content: '';\r\n                width: 100%;\r\n                height: 3px;\r\n                position: absolute;\r\n                top: 100%;\r\n                left: 0;\r\n                background-color: var(--td_header_color, #f5f5f5);\r\n            }\r\n            .td_block_template_10 .td-block-title > * {\r\n                color: var(--td_text_header_color, #000);\r\n            }\r\n            .td_block_template_10 .td-subcat-filter {\r\n                line-height: 37px;\r\n                display: table;\r\n            }\r\n            .td_block_template_10 .td-subcat-dropdown {\r\n                line-height: 1;\r\n                position: static;\r\n            }\r\n            .td_block_template_10 .td-subcat-dropdown .td-subcat-more {\r\n                margin-bottom: 0 !important;\r\n            }\r\n            .td_block_template_10 .td-subcat-dropdown ul:after {\r\n                height: 3px !important;\r\n            }\r\n            .td_block_template_10 .td-related-title {\r\n                margin-top: 0 !important;\r\n            }\r\n            .td_block_template_10 .td-related-title a {\r\n                margin-right: 20px;\r\n            }\r\n            @media (max-width: 767px) {\r\n                .td_block_template_10 .td-related-title a {\r\n                    font-size: 15px;\r\n                }\r\n            }\r\n            .td_block_template_10 .td-related-title .td-cur-simple-item {\r\n                color: var(--td_theme_color, #4db2ec);\r\n            }\n<\/style>\n<style>\n\/* custom css - generated by TagDiv Composer *\/\n.td_block_text_with_title{\r\n                  margin-bottom: 44px;\r\n                  -webkit-transform: translateZ(0);\r\n                  transform: translateZ(0);\r\n                }.td_block_text_with_title p:last-child{\r\n                  margin-bottom: 0;\r\n                }\n<\/style><div class=\"td-block-title-wrap\"><h4 class=\"td-block-title\"><span class=\"td-pulldown-size\">Liiton asiakirjat<\/span><\/h4><\/div><div class=\"td_mod_wrap td-fix-index\"><ul>\n<li>Ensisijaisesti matka- ja kululaskut luodaan suoraan Netvisoriin erityisesti tapauksissa, joissa samalle henkil\u00f6lle korvataan kuluja todenn\u00e4k\u00f6isesti my\u00f6s tulevaisuudessa.<\/li>\n<li>Yksitt\u00e4istapauksissa voidaan kulukorvauksia maksaa tilisiirtona, mik\u00e4li kyseess\u00e4 ei ole matkakorvaukset<\/li>\n<\/ul>\n<p>&nbsp;<\/p>\n<p>Suomen Liitokiekkoliitto ry:n s\u00e4\u00e4nn\u00f6t on kirjattu yl\u00f6s liiton toimintas\u00e4\u00e4nt\u00f6ihin. Liiton j\u00e4senet sitoutuvat j\u00e4senyyden my\u00f6t\u00e4 noudattamaan liiton s\u00e4\u00e4nt\u00f6j\u00e4 ja muita m\u00e4\u00e4r\u00e4yksi\u00e4 ja ohjeita.<\/p>\n<p><strong>Liiton hallinnolliset dokumentit<\/strong><\/p>\n<p><a href=\"https:\/\/ultimate.fi\/wordpress\/liitto\/wp-content\/uploads\/2023\/05\/SLKL-Antidopingohjelma_final.pdf\" target=\"_blank\" rel=\"noreferrer noopener\">SLKL Antidopingohjelma (31.3.2023)<\/a><\/p>\n<p><a href=\"https:\/\/ultimate.fi\/wordpress\/liitto\/wp-content\/uploads\/2023\/05\/SLKL-Kilpailumanipulaation-torjuntaohjelma_final.pdf\" target=\"_blank\" rel=\"noreferrer noopener\">SLKL Kilpailumanipulaation torjuntaohjelma (31.3.2023)<\/a><\/p>\n<p><a href=\"https:\/\/ultimate.fi\/wordpress\/liitto\/wp-content\/uploads\/2024\/10\/SLKL-kurinpitolautakunnan-toimintasaannot-14.10.2024.pdf\">SLKL Kurinpitolautakunnan toimintas\u00e4\u00e4nn\u00f6t (14.10.2024)<\/a><\/p>\n<p><a href=\"https:\/\/ultimate.fi\/wordpress\/liitto\/wp-content\/uploads\/2024\/11\/Toimintamalli-syrjintaan-ja-hairintaan.pdf\" data-type=\"link\" data-id=\"https:\/\/docs.google.com\/document\/d\/1ClLhnkQZ3f3aYa80kRDli2-CWHYVCRMW4y6XAeZn4J0\/edit?usp=sharing\">SLKL Ohjeistus h\u00e4irint\u00e4\u00e4n ja syrjint\u00e4\u00e4n liittyviss\u00e4 tilanteissa<\/a><\/p>\n<p><a href=\"https:\/\/ultimate.fi\/wordpress\/ultimate\/wp-content\/uploads\/2021\/12\/SLKL-Terveysturvallisuussuunnitelma.pdf\" target=\"_blank\" rel=\"noreferrer noopener\">SLKL Terveysturvallisuussuunnitelma<\/a><\/p>\n<p><a href=\"https:\/\/ultimate.fi\/wordpress\/liitto\/wp-content\/uploads\/2025\/10\/SLKL-Toimintasuunnitelma-2025-3.pdf\">SLKL toimintasuunnitelma 2025<\/a><\/p>\n<p><a href=\"https:\/\/ultimate.fi\/wordpress\/liitto\/wp-content\/uploads\/2025\/05\/SLKL-Tilinpaatos-ja-toimintakertomus-2024.pdf\">SLKL Tilinp\u00e4\u00e4t\u00f6s ja toimintakertomus 2024<\/a><\/p>\n<p><a href=\"https:\/\/ultimate.fi\/wordpress\/liitto\/wp-content\/uploads\/2025\/11\/SLKL-toimintasaannot-22.5.2025-alkaen.pdf\">SLKL Toimintas\u00e4\u00e4nn\u00f6t (22.5.2025)<\/a><\/p>\n<p><a href=\"https:\/\/ultimate.fi\/wordpress\/liitto\/wp-content\/uploads\/2024\/11\/SLKL-Yhdenvertaisuussuunnitelma-2025-2028.pdf\">SLKL Yhdenvertaisuussuunnitelma 2025-2028<\/a><\/p>\n<p><a href=\"https:\/\/ultimate.fi\/wordpress\/liitto\/wp-content\/uploads\/2024\/11\/SLKL-Ymparistovastuusuunnitelma-2025-2028.docx.pdf\">SLKL Ymp\u00e4rist\u00f6suunnitelma 2025-2028<\/a><\/p>\n<p><strong>Kilpailus\u00e4\u00e4nn\u00f6t ja sarjam\u00e4\u00e4r\u00e4ykset<\/strong><\/p>\n<p><a href=\"https:\/\/ultimate.fi\/wordpress\/liitto\/wp-content\/uploads\/2025\/10\/SLKL-ultimaten-kilpailusaannot-09.10.2025.pdf\">SLKL Kilpailus\u00e4\u00e4nt\u00f6jen perusosa ja kurinpitos\u00e4\u00e4nn\u00f6t (9.10.2025)<\/a><\/p>\n<p><a href=\"https:\/\/ultimate.fi\/wordpress\/liitto\/wp-content\/uploads\/2025\/10\/SLKL-sarjamaaraykset-aikuiset-sisakausi-2025-2026.pdf\">SLKL sarjam\u00e4\u00e4r\u00e4ykset aikuiset talvi 2025-2026<\/a><\/p>\n<p><a href=\"https:\/\/ultimate.fi\/wordpress\/liitto\/wp-content\/uploads\/2024\/10\/SLKL-sarjamaaraykset-U17-talvi-2023-2024-alkaen.pdf\">SLKL sarjam\u00e4\u00e4r\u00e4ykset U17 talvi 2023-2024 alkaen<\/a><\/p>\n<p><a href=\"https:\/\/ultimate.fi\/wordpress\/liitto\/wp-content\/uploads\/2025\/04\/SLKL-sarjamaaraykset-aikuiset-SM-sarja-kesa-2025.pdf\">SLKL Sarjam\u00e4\u00e4r\u00e4ykset aikuiset kes\u00e4 2025<\/a><\/p>\n<p><a href=\"https:\/\/ultimate.fi\/wordpress\/liitto\/wp-content\/uploads\/2025\/05\/Ulkokauden-2025-U17-sarjan-sarjamaaraykset.pdf\">SLKL Sarjam\u00e4\u00e4r\u00e4ykset U17 kes\u00e4 2025<\/a><\/p>\n<p><a href=\"https:\/\/ultimate.fi\/wordpress\/ultimate\/wp-content\/uploads\/2020\/07\/MIXED-HARRASTESARJAN-SARJAM\u00c4\u00c4R\u00c4YKSET-KES\u00c4KAUDELLE-2020.pdf\">SLKL Sarjam\u00e4\u00e4r\u00e4ykset harrastesarja mixed kes\u00e4 2020<\/a><\/p>\n<p><a href=\"https:\/\/ultimate.fi\/wordpress\/ultimate\/wp-content\/uploads\/2021\/07\/TUPLAKIEKKO_II_saannot.pdf\">SLKL Tuplakiekon s\u00e4\u00e4nn\u00f6t<\/a><\/p>\n<p><strong>Toimitsijan ohjeet<\/strong><\/p>\n<p><a href=\"https:\/\/ultimate.fi\/wordpress\/liitto\/wp-content\/uploads\/2025\/11\/Toimitsijan-ohjeet-hallikausi-2025-2026-paivitetty-24.11.2025.pdf\">SLKL toimitsijan ohjeet hallikausi 2025-2026 aikuiset<\/a><\/p>\n<p><a href=\"https:\/\/ultimate.fi\/wordpress\/liitto\/wp-content\/uploads\/2025\/12\/Toimitsijan-ohjeet-Hallikausi-2025-2026-lyhennetty-peliaika-paivitetty-24.11.2025-1.pdf\">SLKL toimitsijan ohjeet hallikausi 2025-2026 aikuiset lyhennetty peliaika<\/a><\/p>\n<p><a href=\"https:\/\/ultimate.fi\/wordpress\/liitto\/wp-content\/uploads\/2025\/11\/Toimitsijan-ohjeet-Hallikausi-2025-2026-lyhennetty-peliaika-lyhennetty-pisteiden-valinen-aika-paivitetty-24.11.2025-1.pdf\">SLKL toimisijan ohjeet hallikausi 2025-2026 aikuiset lyhennetty peliaika lyhennetty pisteiden v\u00e4linen aika<\/a><\/p>\n<p><a href=\"https:\/\/ultimate.fi\/wordpress\/liitto\/wp-content\/uploads\/2026\/01\/Toimitsijan-ohjeet-U17-SM-sarja-hallikausi-2025-2026.docx.pdf\">SLKL toimitsijan ohjeet hallikausi 2025-2026 U17<\/a><\/p>\n<p><a href=\"https:\/\/ultimate.fi\/wordpress\/liitto\/wp-content\/uploads\/2025\/06\/Toimitsijan-ohjeet-junioreiden-SM-sarja-kesa-2025-paivitetty-5.6.2025.docx.pdf\">SLKL toimitsijan ohjeet kes\u00e4 2025 U17<\/a><\/p>\n<p><a href=\"https:\/\/docs.google.com\/document\/d\/19caQmH4aIyajAO7I9TpK2xF1-HB08Rrd\/edit?usp=sharing&amp;ouid=110732711894931406590&amp;rtpof=true&amp;sd=true\">SLKL toimitsijan ohjeet kes\u00e4 aikuiset<\/a><\/p>\n<p><a href=\"https:\/\/docs.google.com\/document\/d\/19WBEqJkew5ukJvVZniQvmPixrqw9Yae4\/edit?usp=sharing&amp;ouid=110732711894931406590&amp;rtpof=true&amp;sd=true\">SLKL toimitsijan ohjeet kes\u00e4 aikuiset lyhennetty peliaika<\/a><\/p>\n<\/div><\/div><div class=\"tdm_block td_block_wrap tdm_block_call_to_action tdi_6 tds_call_to_action2 tdm-content-horiz-left tdm-content-vert-center td-pb-border-top td_block_template_10\"  data-td-block-uid=\"tdi_6\" >\n<style>\n\/* custom css - generated by TagDiv Composer *\/\n.tdm_block_call_to_action .tdm-title{\r\n                  margin: 9px 0 10px 0;\r\n                }.tdm_block_call_to_action .tdm-descr{\r\n                  margin-bottom: 0;\r\n                }.tdm_block_call_to_action .tds-title + .tdm-descr{\r\n                  margin-bottom: 14px;\r\n                }.tdm_block_call_to_action .tdm-btn{\r\n                  margin-top: 0;\r\n                  max-width: 100%;\r\n                  overflow: hidden;\r\n                }.tdm_block_call_to_action .tdm-btn .tdm-btn-text{\r\n                  text-overflow: ellipsis;\r\n                  overflow: hidden;\r\n                  max-width: 100%;\r\n                  display: inline-block;\r\n                  white-space: nowrap;\r\n                }.tdm_block_call_to_action.tds_call_to_action2{\r\n                  padding: 13px 22px;\r\n                }@media (min-width: 768px) and (max-width: 1018px) {\r\n                  .tdm_block_call_to_action .td-block-span9 {\r\n                    width: 66.66666667%;\r\n                  }\r\n                  .tdm_block_call_to_action .td-block-span3 {\r\n                    width: 33.33333333%;\r\n                  }\r\n                }@media (max-width: 767px) {\r\n                  .tdm_block_call_to_action .td-block-span9 {\r\n                    margin-bottom: 20px;\r\n                  }\r\n                }@media (min-width: 767px) {\r\n                  .tdm_block_call_to_action .tds-button {\r\n                    text-align: right !important;\r\n                  }\r\n                  .tdm_block_call_to_action.tdm-flip-yes .tds-button {\r\n                    text-align: left !important;\r\n                  }\r\n                }\n<\/style>\n<style>\n\/* custom css - generated by TagDiv Composer *\/\n.tdi_6{\r\n\t\t\t\t    box-shadow:  0px 8px 25px 0px rgba(155,155,155,0.82);\r\n\t\t\t\t}\n<\/style><div class=\"td-block-width tds-call-to-action2 tdi_7\"><div class=\"td-block-row tdm-row td-fix-index\"><div class=\"td-block-span9 tdm-col\"><div class=\"tds-title tds-title1 td-fix-index tdi_8 \"><h3 class=\"tdm-title tdm-title-md\">Juniorimaajoukkueiden mediakortti 2017<\/h3><\/div><p class=\"tdm-descr\">Juniorimaajoukkueiden varainkeruun tueksi on tehty mediakortti.<\/p><\/div><div class=\"td-block-span3 tdm-col\">\n<style>\n\/* custom css - generated by TagDiv Composer *\/\nbody .tdi_9{\r\n\t\t\t\t\tbackground-color: rgba(26,175,0,0.82);\r\n\t\t\t\t}\n<\/style><div class=\"tds-button td-fix-index\"><a \r\n                href=\"http:\/\/ultimate.fi\/wordpress\/liitto\/wp-content\/uploads\/2018\/11\/EYUC2017mediakortti2.3.pdf\" \r\n                 title=\"Mediakortti\"\r\n                class=\"tds-button1 tdm-btn tdm-btn-md tdi_9 \" ><span class=\"tdm-btn-text\">Mediakortti<\/span><\/a><\/div><\/div><\/div><\/div><\/div><\/div><\/div><\/div><\/div><div id=\"tdi_10\" class=\"tdc-row\"><div class=\"vc_row tdi_11  wpb_row td-pb-row\" >\n<style scoped>\n\/* custom css - generated by TagDiv Composer *\/\n\n\/* custom css - generated by TagDiv Composer *\/\n.tdi_11,\r\n                .tdi_11 .tdc-columns{\r\n                    min-height: 0;\r\n                }.tdi_11,\r\n\t\t\t\t.tdi_11 .tdc-columns{\r\n\t\t\t\t    display: block;\r\n\t\t\t\t}.tdi_11 .tdc-columns{\r\n\t\t\t\t    width: 100%;\r\n\t\t\t\t}.tdi_11:before,\r\n\t\t\t\t.tdi_11:after{\r\n\t\t\t\t    display: table;\r\n\t\t\t\t}\n<\/style><div class=\"vc_column tdi_13  wpb_column vc_column_container tdc-column td-pb-span12\">\n<style scoped>\n\/* custom css - generated by TagDiv Composer *\/\n\n\/* custom css - generated by TagDiv Composer *\/\n.tdi_13{\r\n                    vertical-align: baseline;\r\n                }.tdi_13 > .wpb_wrapper,\r\n\t\t\t\t.tdi_13 > .wpb_wrapper > .tdc-elements{\r\n\t\t\t\t    display: block;\r\n\t\t\t\t}.tdi_13 > .wpb_wrapper > .tdc-elements{\r\n\t\t\t\t    width: 100%;\r\n\t\t\t\t}.tdi_13 > .wpb_wrapper > .vc_row_inner{\r\n\t\t\t\t    width: auto;\r\n\t\t\t\t}.tdi_13 > .wpb_wrapper{\r\n\t\t\t\t    width: auto;\r\n\t\t\t\t    height: auto;\r\n\t\t\t\t}\n<\/style><div class=\"wpb_wrapper\" ><div class=\"tdm_block td_block_wrap tdm_block_call_to_action tdi_14 tds_call_to_action2 tdm-content-horiz-left tdm-content-vert-center td-pb-border-top td_block_template_10\"  data-td-block-uid=\"tdi_14\" >\n<style>\n\/* custom css - generated by TagDiv Composer *\/\n.tdi_14{\r\n\t\t\t\t    box-shadow:  0px 8px 25px 0px rgba(155,155,155,0.82);\r\n\t\t\t\t}\n<\/style><div class=\"td-block-width tds-call-to-action2 tdi_15\"><div class=\"td-block-row tdm-row td-fix-index\"><div class=\"td-block-span9 tdm-col\"><div class=\"tds-title tds-title1 td-fix-index tdi_16 \"><h3 class=\"tdm-title tdm-title-md\">Yhdenvertaisuussuunnitelma 2017-2020<\/h3><\/div><p class=\"tdm-descr\">Liiton yhdenvertaisuusvastaavina toimivat liiton toiminnanjohtaja sek\u00e4 juniori- ja lajikokeiluvastaava.\n\nOle rohkeasti yhteydess\u00e4 kaikissa yhdenvertaisuuteen liittyviss\u00e4 asioissa, esimerkiksi s\u00e4hk\u00f6postitse info(a)liitokiekkoliitto.fi.<\/p><\/div><div class=\"td-block-span3 tdm-col\">\n<style>\n\/* custom css - generated by TagDiv Composer *\/\nbody .tdi_17{\r\n\t\t\t\t\tbackground-color: rgba(26,175,0,0.82);\r\n\t\t\t\t}\n<\/style><div class=\"tds-button td-fix-index\"><a \r\n                href=\"https:\/\/ultimate.fi\/liitto\/etusivu\/suomen-liitokiekkoliitto\/yhdenvertaisuus\/\" \r\n                 title=\"Yhdenvertaisuus liitossa\"\r\n                class=\"tds-button1 tdm-btn tdm-btn-sm tdi_17 \" ><span class=\"tdm-btn-text\">Yhdenvertaisuus liitossa<\/span><\/a><\/div><\/div><\/div><\/div><\/div><\/div><\/div><\/div><\/div><\/p>","protected":false},"excerpt":{"rendered":"","protected":false},"author":1,"featured_media":0,"parent":30,"menu_order":2,"comment_status":"closed","ping_status":"closed","template":"","meta":{"footnotes":""},"class_list":["post-40","page","type-page","status-publish"],"_links":{"self":[{"href":"https:\/\/ultimate.fi\/liitto\/wp-json\/wp\/v2\/pages\/40","targetHints":{"allow":["GET"]}}],"collection":[{"href":"https:\/\/ultimate.fi\/liitto\/wp-json\/wp\/v2\/pages"}],"about":[{"href":"https:\/\/ultimate.fi\/liitto\/wp-json\/wp\/v2\/types\/page"}],"author":[{"embeddable":true,"href":"https:\/\/ultimate.fi\/liitto\/wp-json\/wp\/v2\/users\/1"}],"replies":[{"embeddable":true,"href":"https:\/\/ultimate.fi\/liitto\/wp-json\/wp\/v2\/comments?post=40"}],"version-history":[{"count":67,"href":"https:\/\/ultimate.fi\/liitto\/wp-json\/wp\/v2\/pages\/40\/revisions"}],"predecessor-version":[{"id":1186,"href":"https:\/\/ultimate.fi\/liitto\/wp-json\/wp\/v2\/pages\/40\/revisions\/1186"}],"up":[{"embeddable":true,"href":"https:\/\/ultimate.fi\/liitto\/wp-json\/wp\/v2\/pages\/30"}],"wp:attachment":[{"href":"https:\/\/ultimate.fi\/liitto\/wp-json\/wp\/v2\/media?parent=40"}],"curies":[{"name":"wp","href":"https:\/\/api.w.org\/{rel}","templated":true}]}}