{"id":42,"date":"2018-11-18T07:19:05","date_gmt":"2018-11-18T05:19:05","guid":{"rendered":"https:\/\/ultimate.fi\/wordpress\/liitto\/?page_id=42"},"modified":"2021-08-05T10:08:21","modified_gmt":"2021-08-05T07:08:21","slug":"viralliset-saannot","status":"publish","type":"page","link":"https:\/\/ultimate.fi\/liitto\/etusivu\/tietopankki\/viralliset-saannot\/","title":{"rendered":"Viralliset s\u00e4\u00e4nn\u00f6t"},"content":{"rendered":"<div id=\"tdi_1\" class=\"tdc-row\"><div class=\"vc_row tdi_2  wpb_row td-pb-row\" >\n<style scoped>\n\/* custom css - generated by TagDiv Composer *\/\n\n\/* custom css - generated by TagDiv Composer *\/\n.tdi_2,\r\n                .tdi_2 .tdc-columns{\r\n                    min-height: 0;\r\n                }.tdi_2,\r\n\t\t\t\t.tdi_2 .tdc-columns{\r\n\t\t\t\t    display: block;\r\n\t\t\t\t}.tdi_2 .tdc-columns{\r\n\t\t\t\t    width: 100%;\r\n\t\t\t\t}.tdi_2:before,\r\n\t\t\t\t.tdi_2:after{\r\n\t\t\t\t    display: table;\r\n\t\t\t\t}\n<\/style><div class=\"vc_column tdi_4  wpb_column vc_column_container tdc-column td-pb-span12\">\n<style scoped>\n\/* custom css - generated by TagDiv Composer *\/\n\n\/* custom css - generated by TagDiv Composer *\/\n.tdi_4{\r\n                    vertical-align: baseline;\r\n                }.tdi_4 > .wpb_wrapper,\r\n\t\t\t\t.tdi_4 > .wpb_wrapper > .tdc-elements{\r\n\t\t\t\t    display: block;\r\n\t\t\t\t}.tdi_4 > .wpb_wrapper > .tdc-elements{\r\n\t\t\t\t    width: 100%;\r\n\t\t\t\t}.tdi_4 > .wpb_wrapper > .vc_row_inner{\r\n\t\t\t\t    width: auto;\r\n\t\t\t\t}.tdi_4 > .wpb_wrapper{\r\n\t\t\t\t    width: auto;\r\n\t\t\t\t    height: auto;\r\n\t\t\t\t}\n<\/style><div class=\"wpb_wrapper\" ><div class=\"wpb_wrapper wpb_text_column td_block_wrap td_block_wrap vc_column_text tdi_5  tagdiv-type td-pb-border-top td_block_template_10\"  data-td-block-uid=\"tdi_5\" >\n<style>\n.td_block_template_10.widget > ul > li {\r\n                margin-left: 0 !important;\r\n            }\r\n            .td_block_template_10 .td-block-title {\r\n                font-size: 17px;\r\n                font-weight: 500;\r\n                margin-top: -10px;\r\n                margin-bottom: 24px;\r\n                line-height: 37px;\r\n                padding: 0;\r\n                position: relative;\r\n                text-align: left;\r\n            }\r\n            .td_block_template_10 .td-block-title:before {\r\n                content: '';\r\n                width: 100%;\r\n                height: 3px;\r\n                position: absolute;\r\n                top: 100%;\r\n                left: 0;\r\n                background-color: var(--td_header_color, #f5f5f5);\r\n            }\r\n            .td_block_template_10 .td-block-title > * {\r\n                color: var(--td_text_header_color, #000);\r\n            }\r\n            .td_block_template_10 .td-subcat-filter {\r\n                line-height: 37px;\r\n                display: table;\r\n            }\r\n            .td_block_template_10 .td-subcat-dropdown {\r\n                line-height: 1;\r\n                position: static;\r\n            }\r\n            .td_block_template_10 .td-subcat-dropdown .td-subcat-more {\r\n                margin-bottom: 0 !important;\r\n            }\r\n            .td_block_template_10 .td-subcat-dropdown ul:after {\r\n                height: 3px !important;\r\n            }\r\n            .td_block_template_10 .td-related-title {\r\n                margin-top: 0 !important;\r\n            }\r\n            .td_block_template_10 .td-related-title a {\r\n                margin-right: 20px;\r\n            }\r\n            @media (max-width: 767px) {\r\n                .td_block_template_10 .td-related-title a {\r\n                    font-size: 15px;\r\n                }\r\n            }\r\n            .td_block_template_10 .td-related-title .td-cur-simple-item {\r\n                color: var(--td_theme_color, #4db2ec);\r\n            }\r\n            \r\n            \r\n            \r\n            .tdi_5 .td-block-title:before {\r\n                background-color: #81d742 !important;\r\n            }\n<\/style>\n<style>\n\/* custom css - generated by TagDiv Composer *\/\n.vc_column_text > .td-element-style{\r\n\t\t\t\t\tz-index: -1;\r\n\t\t\t\t}\n<\/style><div class=\"td-block-title-wrap\"><h4 class=\"td-block-title\"><span class=\"td-pulldown-size\">Kilpailus\u00e4\u00e4nn\u00f6t ja sarjam\u00e4\u00e4r\u00e4ykset<\/span><\/h4><\/div><div class=\"td-fix-index\"><p>SLKL:n alaisessa kilpailutoiminnassa noudatetaan WFDF:n s\u00e4\u00e4nt\u00f6j\u00e4 ja niiden lis\u00e4ksi SLKL:n omia kilpailus\u00e4\u00e4nt\u00f6j\u00e4 ja sarjakohtaisia sarjam\u00e4\u00e4r\u00e4yksi\u00e4.<\/p>\n<p>WFDF:n s\u00e4\u00e4nn\u00f6t l\u00f6yd\u00e4t <a href=\"https:\/\/rules.wfdf.org\/\">t\u00e4\u00e4lt\u00e4<\/a> ja SLKL:n ajantaiset dokumentit l\u00f6ytyv\u00e4t <a href=\"https:\/\/ultimate.fi\/liitto\/etusivu\/tietopankki\/asiakirjat\/\">t\u00e4\u00e4lt\u00e4<\/a>.<\/p>\n<\/div><\/div><div class=\"tdm_block td_block_wrap tdm_block_call_to_action tdi_6 tds_call_to_action2 tdm-content-horiz-left tdm-content-vert-center td-pb-border-top td_block_template_10\"  data-td-block-uid=\"tdi_6\" >\n<style>\n\/* custom css - generated by TagDiv Composer *\/\n.tdm_block_call_to_action .tdm-title{\r\n                  margin: 9px 0 10px 0;\r\n                }.tdm_block_call_to_action .tdm-descr{\r\n                  margin-bottom: 0;\r\n                }.tdm_block_call_to_action .tds-title + .tdm-descr{\r\n                  margin-bottom: 14px;\r\n                }.tdm_block_call_to_action .tdm-btn{\r\n                  margin-top: 0;\r\n                  max-width: 100%;\r\n                  overflow: hidden;\r\n                }.tdm_block_call_to_action .tdm-btn .tdm-btn-text{\r\n                  text-overflow: ellipsis;\r\n                  overflow: hidden;\r\n                  max-width: 100%;\r\n                  display: inline-block;\r\n                  white-space: nowrap;\r\n                }.tdm_block_call_to_action.tds_call_to_action2{\r\n                  padding: 13px 22px;\r\n                }@media (min-width: 768px) and (max-width: 1018px) {\r\n                  .tdm_block_call_to_action .td-block-span9 {\r\n                    width: 66.66666667%;\r\n                  }\r\n                  .tdm_block_call_to_action .td-block-span3 {\r\n                    width: 33.33333333%;\r\n                  }\r\n                }@media (max-width: 767px) {\r\n                  .tdm_block_call_to_action .td-block-span9 {\r\n                    margin-bottom: 20px;\r\n                  }\r\n                }@media (min-width: 767px) {\r\n                  .tdm_block_call_to_action .tds-button {\r\n                    text-align: right !important;\r\n                  }\r\n                  .tdm_block_call_to_action.tdm-flip-yes .tds-button {\r\n                    text-align: left !important;\r\n                  }\r\n                }\n<\/style>\n<style>\n\/* custom css - generated by TagDiv Composer *\/\n.tdi_6{\r\n\t\t\t\t    box-shadow:  0px 8px 25px 0px rgba(155,155,155,0.82);\r\n\t\t\t\t}\n<\/style><div class=\"td-block-width tds-call-to-action2 tdi_7\"><div class=\"td-block-row tdm-row td-fix-index\"><div class=\"td-block-span9 tdm-col\"><div class=\"tds-title tds-title1 td-fix-index tdi_8 \"><h3 class=\"tdm-title tdm-title-md\">Kilpailus\u00e4\u00e4nn\u00f6t Suomen virallisiin sarjoihin<\/h3><\/div><p class=\"tdm-descr\">Suomen Liitokiekkoliitto m\u00e4\u00e4r\u00e4\u00e4 Liiton alaisten sarjojen j\u00e4rjest\u00e4misest\u00e4 ja niiss\u00e4 pelaamisesta Liiton kilpailus\u00e4\u00e4nn\u00f6iss\u00e4, joita noudatetaan ultimaten virallisten s\u00e4\u00e4nt\u00f6jen ohella.<\/p><\/div><div class=\"td-block-span3 tdm-col\">\n<style>\n\/* custom css - generated by TagDiv Composer *\/\nbody .tdi_9{\r\n\t\t\t\t\tbackground-color: rgba(26,175,0,0.82);\r\n\t\t\t\t}.tdi_9 .tdm-btn-icon:last-child{\r\n\t\t\t\t\tmargin-left: 14px;\r\n\t\t\t\t}\n<\/style><div class=\"tds-button td-fix-index\"><a \r\n                href=\"https:\/\/ultimate.fi\/liitto\/etusivu\/tietopankki\/asiakirjat\/\" \r\n                 title=\"PDF\"\r\n                class=\"tds-button1 tdm-btn tdm-btn-md tdi_9 \" ><span class=\"tdm-btn-text\">PDF<\/span><i class=\"tdm-btn-icon tdc-font-fa tdc-font-fa-chevron-right\"><\/i><\/a><\/div><\/div><\/div><\/div><\/div><div class=\"tdm_block td_block_wrap tdm_block_call_to_action tdi_10 tds_call_to_action2 tdm-content-horiz-left tdm-content-vert-center td-pb-border-top td_block_template_10\"  data-td-block-uid=\"tdi_10\" >\n<style>\n\/* custom css - generated by TagDiv Composer *\/\n.tdi_10{\r\n\t\t\t\t    box-shadow:  0px 8px 25px 0px rgba(155,155,155,0.82);\r\n\t\t\t\t}\n<\/style><div class=\"td-block-width tds-call-to-action2 tdi_11\"><div class=\"td-block-row tdm-row td-fix-index\"><div class=\"td-block-span9 tdm-col\"><div class=\"tds-title tds-title1 td-fix-index tdi_12 \"><h3 class=\"tdm-title tdm-title-md\">Kilpailus\u00e4\u00e4nn\u00f6t WFDF:n mestaruusturnauksiin<\/h3><\/div><p class=\"tdm-descr\">Ultimaten virallisia s\u00e4\u00e4nt\u00f6j\u00e4 t\u00e4ydent\u00e4v\u00e4t WFDF:n mestaruusturnauksien kilpailus\u00e4\u00e4nn\u00f6t, joita noudatetaan esimerkiksi MM-kilpailuissa, maanosien mestaruusturnauksissa sek\u00e4 seurajoukkueiden MM-kilpailuissa. Kilpailus\u00e4\u00e4nn\u00f6t luetellaan s\u00e4\u00e4nt\u00f6jen lis\u00e4osassa eli Appendix 2017 -dokumentissa.<\/p><\/div><div class=\"td-block-span3 tdm-col\">\n<style>\n\/* custom css - generated by TagDiv Composer *\/\nbody .tdi_13{\r\n\t\t\t\t\tbackground-color: rgba(26,175,0,0.82);\r\n\t\t\t\t}.tdi_13 .tdm-btn-icon:last-child{\r\n\t\t\t\t\tmargin-left: 14px;\r\n\t\t\t\t}\n<\/style><div class=\"tds-button td-fix-index\"><a \r\n                href=\"https:\/\/rules.wfdf.org\/f\" \r\n                 title=\"PDF\"\r\n                class=\"tds-button1 tdm-btn tdm-btn-md tdi_13 \" ><span class=\"tdm-btn-text\">PDF<\/span><i class=\"tdm-btn-icon tdc-font-fa tdc-font-fa-chevron-right\"><\/i><\/a><\/div><\/div><\/div><\/div><\/div><div class=\"tdm_block td_block_wrap tdm_block_call_to_action tdi_14 tds_call_to_action2 tdm-content-horiz-left tdm-content-vert-center td-pb-border-top td_block_template_10\"  data-td-block-uid=\"tdi_14\" >\n<style>\n\/* custom css - generated by TagDiv Composer *\/\n.tdi_14{\r\n\t\t\t\t    box-shadow:  0px 8px 25px 0px rgba(155,155,155,0.82);\r\n\t\t\t\t}\n<\/style><div class=\"td-block-width tds-call-to-action2 tdi_15\"><div class=\"td-block-row tdm-row td-fix-index\"><div class=\"td-block-span9 tdm-col\"><div class=\"tds-title tds-title1 td-fix-index tdi_16 \"><h3 class=\"tdm-title tdm-title-md\">K\u00e4simerkit<\/h3><\/div><p class=\"tdm-descr\">Pelin kesken huudetun virhe- tai muun huudon yhteydess\u00e4 suositellaan k\u00e4ytett\u00e4v\u00e4ksi WFDF:n k\u00e4simerkkej\u00e4. Ne auttavat toimitsijoita, kent\u00e4n laidalla olevia ja katsojia n\u00e4kem\u00e4\u00e4n, mist\u00e4 huudosta oli kysymys, vaikka huutoa ei kuuluisi esim. tuulen tai v\u00e4limatkan takia. K\u00e4simerkit esitell\u00e4\u00e4n Appendix 2017 -dokumentin lopussa sivulta 22 alkaen.<\/p><\/div><div class=\"td-block-span3 tdm-col\">\n<style>\n\/* custom css - generated by TagDiv Composer *\/\nbody .tdi_17{\r\n\t\t\t\t\tbackground-color: rgba(26,175,0,0.82);\r\n\t\t\t\t}.tdi_17 .tdm-btn-icon:last-child{\r\n\t\t\t\t\tmargin-left: 14px;\r\n\t\t\t\t}\n<\/style><div class=\"tds-button td-fix-index\"><a \r\n                href=\"http:\/\/www.wfdf.org\/files\/WFDF_Rules_of_Ultimate_2017_-_Appendix_FINAL.pdf\" \r\n                 title=\"PDF\"\r\n                class=\"tds-button1 tdm-btn tdm-btn-md tdi_17 \" ><span class=\"tdm-btn-text\">PDF<\/span><i class=\"tdm-btn-icon tdc-font-fa tdc-font-fa-chevron-right\"><\/i><\/a><\/div><\/div><\/div><\/div><\/div><\/div><\/div><\/div><\/div><div id=\"tdi_18\" class=\"tdc-row\"><div class=\"vc_row tdi_19  wpb_row td-pb-row\" >\n<style scoped>\n\/* custom css - generated by TagDiv Composer *\/\n\n\/* custom css - generated by TagDiv Composer *\/\n.tdi_19,\r\n                .tdi_19 .tdc-columns{\r\n                    min-height: 0;\r\n                }.tdi_19,\r\n\t\t\t\t.tdi_19 .tdc-columns{\r\n\t\t\t\t    display: block;\r\n\t\t\t\t}.tdi_19 .tdc-columns{\r\n\t\t\t\t    width: 100%;\r\n\t\t\t\t}.tdi_19:before,\r\n\t\t\t\t.tdi_19:after{\r\n\t\t\t\t    display: table;\r\n\t\t\t\t}\n<\/style><div class=\"vc_column tdi_21  wpb_column vc_column_container tdc-column td-pb-span6\">\n<style scoped>\n\/* custom css - generated by TagDiv Composer *\/\n\n\/* custom css - generated by TagDiv Composer *\/\n.tdi_21{\r\n                    vertical-align: baseline;\r\n                }.tdi_21 > .wpb_wrapper,\r\n\t\t\t\t.tdi_21 > .wpb_wrapper > .tdc-elements{\r\n\t\t\t\t    display: block;\r\n\t\t\t\t}.tdi_21 > .wpb_wrapper > .tdc-elements{\r\n\t\t\t\t    width: 100%;\r\n\t\t\t\t}.tdi_21 > .wpb_wrapper > .vc_row_inner{\r\n\t\t\t\t    width: auto;\r\n\t\t\t\t}.tdi_21 > .wpb_wrapper{\r\n\t\t\t\t    width: auto;\r\n\t\t\t\t    height: auto;\r\n\t\t\t\t}\n<\/style><div class=\"wpb_wrapper\" ><div class=\"tdm_block td_block_wrap tdm_block_call_to_action tdi_22 tds_call_to_action2 tdm-content-horiz-left tdm-content-vert-center td-pb-border-top td_block_template_10\"  data-td-block-uid=\"tdi_22\" >\n<style>\n\/* custom css - generated by TagDiv Composer *\/\n.tdi_22{\r\n\t\t\t\t    box-shadow:  0px 8px 25px 0px rgba(155,155,155,0.82);\r\n\t\t\t\t}\n<\/style><div class=\"td-block-width tds-call-to-action2 tdi_23\"><div class=\"td-block-row tdm-row td-fix-index\"><div class=\"td-block-span9 tdm-col\"><div class=\"tds-title tds-title1 td-fix-index tdi_24 \"><h3 class=\"tdm-title tdm-title-md\">Kent\u00e4n mitat<\/h3><\/div><p class=\"tdm-descr\">WFDF:n vuoden 2013 s\u00e4\u00e4nt\u00f6jen mukaiset, viralliset kent\u00e4n mitat.<\/p><\/div><div class=\"td-block-span3 tdm-col\">\n<style>\n\/* custom css - generated by TagDiv Composer *\/\nbody .tdi_25{\r\n\t\t\t\t\tbackground-color: rgba(26,175,0,0.82);\r\n\t\t\t\t}.tdi_25 .tdm-btn-icon:last-child{\r\n\t\t\t\t\tmargin-left: 14px;\r\n\t\t\t\t}\n<\/style><div class=\"tds-button td-fix-index\"><a \r\n                href=\"http:\/\/ultimate.fi\/wordpress\/liitto\/wp-content\/uploads\/2018\/11\/Ultimate_kentta_field_2013_brick-1.png\" \r\n                 title=\"PNG\"\r\n                class=\"tds-button1 tdm-btn tdm-btn-md tdi_25 \" ><span class=\"tdm-btn-text\">PNG<\/span><i class=\"tdm-btn-icon tdc-font-fa tdc-font-fa-chevron-right\"><\/i><\/a><\/div><\/div><\/div><\/div><\/div><div class=\"tdm_block td_block_wrap tdm_block_call_to_action tdi_26 tds_call_to_action2 tdm-content-horiz-left tdm-content-vert-center td-pb-border-top td_block_template_10\"  data-td-block-uid=\"tdi_26\" >\n<style>\n\/* custom css - generated by TagDiv Composer *\/\n.tdi_26{\r\n\t\t\t\t    box-shadow:  0px 8px 25px 0px rgba(155,155,155,0.82);\r\n\t\t\t\t}\n<\/style><div class=\"td-block-width tds-call-to-action2 tdi_27\"><div class=\"td-block-row tdm-row td-fix-index\"><div class=\"td-block-span9 tdm-col\"><div class=\"tds-title tds-title1 td-fix-index tdi_28 \"><h3 class=\"tdm-title tdm-title-md\">Kaikki s\u00e4\u00e4nt\u00f6dokumentit<\/h3><\/div><p class=\"tdm-descr\">Maailman ultimaten kattoj\u00e4rjest\u00f6n WFDF:n sivuilta l\u00f6ytyv\u00e4t kaikki ajantasaiset s\u00e4\u00e4nt\u00f6dokumentit.<\/p><\/div><div class=\"td-block-span3 tdm-col\">\n<style>\n\/* custom css - generated by TagDiv Composer *\/\nbody .tdi_29{\r\n\t\t\t\t\tbackground-color: rgba(26,175,0,0.82);\r\n\t\t\t\t}\n<\/style><div class=\"tds-button td-fix-index\"><a \r\n                href=\"http:\/\/wfdf.org\/downloads\/cat_view\/26-rules-of-play\/32-ultimate?orderby=dmdate_published&amp;ascdesc=DESC\" \r\n                 title=\"&gt;&gt;\"\r\n                class=\"tds-button1 tdm-btn tdm-btn-md tdi_29 \" ><span class=\"tdm-btn-text\">&gt;&gt;<\/span><\/a><\/div><\/div><\/div><\/div><\/div><\/div><\/div><div class=\"vc_column tdi_31  wpb_column vc_column_container tdc-column td-pb-span6\">\n<style scoped>\n\/* custom css - generated by TagDiv Composer *\/\n\n\/* custom css - generated by TagDiv Composer *\/\n.tdi_31{\r\n                    vertical-align: baseline;\r\n                }.tdi_31 > .wpb_wrapper,\r\n\t\t\t\t.tdi_31 > .wpb_wrapper > .tdc-elements{\r\n\t\t\t\t    display: block;\r\n\t\t\t\t}.tdi_31 > .wpb_wrapper > .tdc-elements{\r\n\t\t\t\t    width: 100%;\r\n\t\t\t\t}.tdi_31 > .wpb_wrapper > .vc_row_inner{\r\n\t\t\t\t    width: auto;\r\n\t\t\t\t}.tdi_31 > .wpb_wrapper{\r\n\t\t\t\t    width: auto;\r\n\t\t\t\t    height: auto;\r\n\t\t\t\t}\n<\/style><div class=\"wpb_wrapper\" ><div class=\"tdm_block td_block_wrap tdm_block_call_to_action tdi_32 tds_call_to_action2 tdm-content-horiz-left tdm-content-vert-center td-pb-border-top td_block_template_10\"  data-td-block-uid=\"tdi_32\" >\n<style>\n\/* custom css - generated by TagDiv Composer *\/\n.tdi_32{\r\n\t\t\t\t    box-shadow:  0px 8px 25px 0px rgba(155,155,155,0.82);\r\n\t\t\t\t}\n<\/style><div class=\"td-block-width tds-call-to-action2 tdi_33\"><div class=\"td-block-row tdm-row td-fix-index\"><div class=\"td-block-span9 tdm-col\"><div class=\"tds-title tds-title1 td-fix-index tdi_34 \"><h3 class=\"tdm-title tdm-title-md\">Rantaultimaten s\u00e4\u00e4nn\u00f6t<\/h3><\/div><p class=\"tdm-descr\">Rantaultimaten kattoj\u00e4rjest\u00f6n BULA on laatinut rantaultimateen sovellettavat lis\u00e4ykset virallisiin ultimaten s\u00e4\u00e4nt\u00f6ihin.<\/p><\/div><div class=\"td-block-span3 tdm-col\">\n<style>\n\/* custom css - generated by TagDiv Composer *\/\nbody .tdi_35{\r\n\t\t\t\t\tbackground-color: rgba(26,175,0,0.82);\r\n\t\t\t\t}.tdi_35 .tdm-btn-icon:last-child{\r\n\t\t\t\t\tmargin-left: 14px;\r\n\t\t\t\t}\n<\/style><div class=\"tds-button td-fix-index\"><a \r\n                href=\"http:\/\/beachultimate.org\/rules-and-spirit\/\" \r\n                 title=\"&gt;&gt;\"\r\n                class=\"tds-button1 tdm-btn tdm-btn-md tdi_35 \" ><span class=\"tdm-btn-text\">&gt;&gt;<\/span><i class=\"tdm-btn-icon tdc-font-fa tdc-font-fa-chevron-right\"><\/i><\/a><\/div><\/div><\/div><\/div><\/div><div class=\"wpb_wrapper wpb_text_column td_block_wrap td_block_wrap vc_column_text tdi_36  tagdiv-type td-pb-border-top td_block_template_10\"  data-td-block-uid=\"tdi_36\" >\n<style>\n\n\/* inline tdc_css att - generated by TagDiv Composer *\/\n\n.tdi_36{\npadding-top:20px !important;\npadding-right:20px !important;\npadding-bottom:2px !important;\npadding-left:20px !important;\nbox-shadow:0 0 25px #888888 !important;\n}\n\n<\/style><div class=\"td-fix-index\"><h2>Sis\u00e4ultimaten s\u00e4\u00e4nn\u00f6t<\/h2>\n<p>Sis\u00e4ultimateen ei ole olemassa erillisi\u00e4 virallisia s\u00e4\u00e4nt\u00f6j\u00e4, vaan siin\u00e4 k\u00e4ytet\u00e4\u00e4n normaaleja virallisia s\u00e4\u00e4nt\u00f6j\u00e4 tietyill\u00e4 poikkeuksilla: kentt\u00e4 on sen kokoinen, mink\u00e4 hallin koko mahdollistaa, pelaajia on kent\u00e4ll\u00e4 tavallisimmin 5 per joukkue, pys\u00e4ytyslasku on 8:aan, ja sis\u00e4turnauksissa saattaa olla omia turnauskohtaisia s\u00e4\u00e4nt\u00f6j\u00e4 esim. aloitusheiton vastaanotosta yms.<\/p>\n<\/div><\/div><\/div><\/div><\/div><\/div>","protected":false},"excerpt":{"rendered":"","protected":false},"author":1,"featured_media":0,"parent":30,"menu_order":3,"comment_status":"closed","ping_status":"closed","template":"","meta":{"footnotes":""},"class_list":["post-42","page","type-page","status-publish"],"_links":{"self":[{"href":"https:\/\/ultimate.fi\/liitto\/wp-json\/wp\/v2\/pages\/42","targetHints":{"allow":["GET"]}}],"collection":[{"href":"https:\/\/ultimate.fi\/liitto\/wp-json\/wp\/v2\/pages"}],"about":[{"href":"https:\/\/ultimate.fi\/liitto\/wp-json\/wp\/v2\/types\/page"}],"author":[{"embeddable":true,"href":"https:\/\/ultimate.fi\/liitto\/wp-json\/wp\/v2\/users\/1"}],"replies":[{"embeddable":true,"href":"https:\/\/ultimate.fi\/liitto\/wp-json\/wp\/v2\/comments?post=42"}],"version-history":[{"count":17,"href":"https:\/\/ultimate.fi\/liitto\/wp-json\/wp\/v2\/pages\/42\/revisions"}],"predecessor-version":[{"id":829,"href":"https:\/\/ultimate.fi\/liitto\/wp-json\/wp\/v2\/pages\/42\/revisions\/829"}],"up":[{"embeddable":true,"href":"https:\/\/ultimate.fi\/liitto\/wp-json\/wp\/v2\/pages\/30"}],"wp:attachment":[{"href":"https:\/\/ultimate.fi\/liitto\/wp-json\/wp\/v2\/media?parent=42"}],"curies":[{"name":"wp","href":"https:\/\/api.w.org\/{rel}","templated":true}]}}