{"id":44,"date":"2018-11-18T07:21:35","date_gmt":"2018-11-18T05:21:35","guid":{"rendered":"https:\/\/ultimate.fi\/wordpress\/liitto\/?page_id=44"},"modified":"2019-11-18T11:29:24","modified_gmt":"2019-11-18T09:29:24","slug":"frisbari","status":"publish","type":"page","link":"https:\/\/ultimate.fi\/liitto\/etusivu\/tietopankki\/frisbari\/","title":{"rendered":"Frisbari-lehti"},"content":{"rendered":"<div id=\"tdi_1\" class=\"tdc-zone\"><div class=\"tdc_zone tdi_2  wpb_row td-pb-row\"  >\n<style scoped>\n\/* custom css - generated by TagDiv Composer *\/\n\n\/* custom css - generated by TagDiv Composer *\/\n.tdi_2{\r\n                    min-height: 0;\r\n                }\n<\/style><div id=\"tdi_3\" class=\"tdc-row\"><div class=\"vc_row tdi_4  wpb_row td-pb-row\" >\n<style scoped>\n\/* custom css - generated by TagDiv Composer *\/\n\n\/* custom css - generated by TagDiv Composer *\/\n.tdi_4,\r\n                .tdi_4 .tdc-columns{\r\n                    min-height: 0;\r\n                }.tdi_4,\r\n\t\t\t\t.tdi_4 .tdc-columns{\r\n\t\t\t\t    display: block;\r\n\t\t\t\t}.tdi_4 .tdc-columns{\r\n\t\t\t\t    width: 100%;\r\n\t\t\t\t}.tdi_4:before,\r\n\t\t\t\t.tdi_4:after{\r\n\t\t\t\t    display: table;\r\n\t\t\t\t}\n<\/style><div class=\"vc_column tdi_6  wpb_column vc_column_container tdc-column td-pb-span12\">\n<style scoped>\n\/* custom css - generated by TagDiv Composer *\/\n\n\/* custom css - generated by TagDiv Composer *\/\n.tdi_6{\r\n                    vertical-align: baseline;\r\n                }.tdi_6 > .wpb_wrapper,\r\n\t\t\t\t.tdi_6 > .wpb_wrapper > .tdc-elements{\r\n\t\t\t\t    display: block;\r\n\t\t\t\t}.tdi_6 > .wpb_wrapper > .tdc-elements{\r\n\t\t\t\t    width: 100%;\r\n\t\t\t\t}.tdi_6 > .wpb_wrapper > .vc_row_inner{\r\n\t\t\t\t    width: auto;\r\n\t\t\t\t}.tdi_6 > .wpb_wrapper{\r\n\t\t\t\t    width: auto;\r\n\t\t\t\t    height: auto;\r\n\t\t\t\t}\n<\/style><div class=\"wpb_wrapper\" ><div class=\"tdm_block td_block_wrap tdm_block_text_image tdi_7 td-animation-stack tdm-layout-12-12 tdm-content-horiz-left tdm-content-vert-center td-pb-border-top td_block_template_10\"  data-td-block-uid=\"tdi_7\" >\n<style>\n\n\/* inline tdc_css att - generated by TagDiv Composer *\/\n\n.tdi_7{\npadding-right:20px !important;\npadding-left:20px !important;\nbox-shadow:0 0 25px #888888 !important;\n}\n\n<\/style>\n<style>\n\/* custom css - generated by TagDiv Composer *\/\n.tdm_block_text_image .tdm-text-wrap{\r\n                  padding-top: 20px;\r\n                  padding-bottom: 20px;\r\n                }.tdm_block_text_image .tdm-descr{\r\n                  margin-bottom: 0;\r\n                }.tdm_block_text_image .tds-button{\r\n                  margin-top: 30px;\r\n                }@media (min-width: 767px) {\r\n                  .tdm_block_text_image.tdm-text-image-extend-img {\r\n                    margin-right: calc((-100vw + 100%) \/ 2);\r\n                  }\r\n                  .tdm_block_text_image.tdm-text-image-extend-img.tdm-flip-yes {\r\n                    margin-right: 0;\r\n                    margin-left: calc((-100vw + 100%) \/ 2);\r\n                  }\r\n                  .tdm_block_text_image.tdm-text-image-extend-img.tdm-flip-yes .tdm-col-img {\r\n                    text-align: right;\r\n                  }\r\n                }@media (max-width: 767px) {\r\n                  .tdm_block_text_image .tdm-col-img {\r\n                    margin-top: 36px;\r\n                  }\r\n                  .tdm_block_text_image.tdm-flip-yes .tdm-col-img {\r\n                    margin-top: 0;\r\n                    margin-bottom: 15px;\r\n                  }\r\n                }\n<\/style><div class=\"td-block-width tdm-fix-full\"><div class=\"td-block-row tdm-row\"><div class=\"td-block-span6 tdm-col\"><div class=\"tdm-text-wrap tdm-text-padding\">\n<style>\n\/* custom css - generated by TagDiv Composer *\/\n.tdi_8 .tdm-title-line{\r\n\t\t\t\t\twidth: 180px;\r\n\t\t\t\t\r\n\t\t\t\t\theight: 49px;\r\n\t\t\t\t}.tdi_8 .tdm-title-line:after{\r\n\t\t\t\t\theight: 2px;\r\n\t\t\t\t\r\n\t\t\t\t\tbottom: 40%;\r\n\t\t\t\t}\n<\/style><div class=\"tds-title tds-title2 td-fix-index tdi_8 \"><h1 class=\"tdm-title tdm-title-md\">Frisbari - Liitokiekkoliiton j\u00e4senlehti<\/h1><div class=\"tdm-title-line\"><\/div><\/div><p class=\"tdm-descr td-fix-index\">Ennen Webin yleistymist\u00e4 Suomen Liitokiekkoliiton tiedottaminen tapahtui j\u00e4senlehden, Frisbarin v\u00e4lityksell\u00e4. Lehden ensimm\u00e4inen numero ilmestyi vuonna 1979 ja siit\u00e4 julkaistiin vuosittain 3-6 numeroa. Frisbarin viimeinen numero ilmestyi vuonna 2001.\n<\/p><\/div><\/div><div class=\"td-block-span6 tdm-col tdm-col-img\"><img class=\"tdm-image td-fix-index td-lazy-img\" data-type=\"image_tag\" data-img-url=\"https:\/\/ultimate.fi\/wordpress\/liitto\/wp-content\/uploads\/2018\/11\/Frisbari.png\"  title=\"Frisbari\" width=\"1138\" height=\"463\"><\/div><\/div><\/div><\/div><div class=\"td_block_wrap td_block_text_with_title tdi_9 tagdiv-type td-pb-border-top td_block_template_10\"  data-td-block-uid=\"tdi_9\" >\n<style>\n\/* custom css - generated by TagDiv Composer *\/\n.td_block_text_with_title{\r\n                  margin-bottom: 44px;\r\n                  -webkit-transform: translateZ(0);\r\n                  transform: translateZ(0);\r\n                }.td_block_text_with_title p:last-child{\r\n                  margin-bottom: 0;\r\n                }\n<\/style><div class=\"td-block-title-wrap\"><\/div><div class=\"td_mod_wrap td-fix-index\"><p>Aluksi lehti oli kirjoituskoneella naputeltu, k\u00e4sin piirretty ja kopiokoneella monistettu lehdykk\u00e4, josta vuosien mittaan kehittyi tietokoneella taitettu monisivuinen lehti. Vapaaehtoisvoimin kasatun lehden suurimpia ongelmia oli toimittajakunnan rekrytointi \u2013 moni numero olikin t\u00e4st\u00e4 syyst\u00e4 l\u00e4hinn\u00e4 p\u00e4\u00e4toimittajan k\u00e4sialaa.<\/p>\n<p>Frisbareista on tallella t\u00e4ydellinen arkisto, joka ollaan nyt siirretty kokonaisuudessaan digitaaliseen muotoon.<\/p>\n<p>Kannattaa huomioda, ett\u00e4 lehdet on ajettu tekstintunnistuksen l\u00e4pi, eli niist\u00e4 voi etsi\u00e4 tietoja my\u00f6s hakusanoilla eik\u00e4 vain selailemalla.<\/p>\n<p>Tilan s\u00e4\u00e4st\u00e4misen vuoksi Ultimate.fissa s\u00e4ilytet\u00e4\u00e4n verkkolaatuisia pdf-kopioita. <a href=\"https:\/\/1drv.ms\/u\/s!AkP9xDfYQbcXqA8AYFx5lmCEVaVz?e=t6jQUX\" target=\"_blank\" rel=\"noopener noreferrer\">T\u00e4ysilaatuiset Frisbari-skannaukset l\u00f6yd\u00e4t t\u00e4\u00e4lt\u00e4<\/a>.<\/p>\n<\/div><\/div><div class=\"td_block_wrap td_block_text_with_title tdi_10 tagdiv-type td-pb-border-top td_block_template_10\"  data-td-block-uid=\"tdi_10\" >\n<style>\n.td_block_template_10.widget > ul > li {\r\n                margin-left: 0 !important;\r\n            }\r\n            .td_block_template_10 .td-block-title {\r\n                font-size: 17px;\r\n                font-weight: 500;\r\n                margin-top: -10px;\r\n                margin-bottom: 24px;\r\n                line-height: 37px;\r\n                padding: 0;\r\n                position: relative;\r\n                text-align: left;\r\n            }\r\n            .td_block_template_10 .td-block-title:before {\r\n                content: '';\r\n                width: 100%;\r\n                height: 3px;\r\n                position: absolute;\r\n                top: 100%;\r\n                left: 0;\r\n                background-color: var(--td_header_color, #f5f5f5);\r\n            }\r\n            .td_block_template_10 .td-block-title > * {\r\n                color: var(--td_text_header_color, #000);\r\n            }\r\n            .td_block_template_10 .td-subcat-filter {\r\n                line-height: 37px;\r\n                display: table;\r\n            }\r\n            .td_block_template_10 .td-subcat-dropdown {\r\n                line-height: 1;\r\n                position: static;\r\n            }\r\n            .td_block_template_10 .td-subcat-dropdown .td-subcat-more {\r\n                margin-bottom: 0 !important;\r\n            }\r\n            .td_block_template_10 .td-subcat-dropdown ul:after {\r\n                height: 3px !important;\r\n            }\r\n            .td_block_template_10 .td-related-title {\r\n                margin-top: 0 !important;\r\n            }\r\n            .td_block_template_10 .td-related-title a {\r\n                margin-right: 20px;\r\n            }\r\n            @media (max-width: 767px) {\r\n                .td_block_template_10 .td-related-title a {\r\n                    font-size: 15px;\r\n                }\r\n            }\r\n            .td_block_template_10 .td-related-title .td-cur-simple-item {\r\n                color: var(--td_theme_color, #4db2ec);\r\n            }\r\n            \r\n            \r\n            \r\n            .tdi_10 .td-block-title:before {\r\n                background-color: #81d742 !important;\r\n            }\n<\/style><div class=\"td-block-title-wrap\"><h4 class=\"td-block-title\"><span class=\"td-pulldown-size\">Frisbarin p\u00e4\u00e4toimittajat<\/span><\/h4><\/div><div class=\"td_mod_wrap td-fix-index\"><p>Mikko Lyytik\u00e4inen 1979\u201380<br \/>\nMax Toiviainen 1980\u201381<br \/>\nPetri Isola 1981\u201384<br \/>\nPeik Johansson 1985<br \/>\nPetri Isola \u00a0 1986-90<br \/>\nOlli Visamo 1990-91<br \/>\nTimo Bruns 1991\u201392<br \/>\nKirsti Rautavaara 1992\u201394<br \/>\nPetri Dahlstr\u00f6m 1995 (Yhdess\u00e4 lehdess\u00e4 mainitaan my\u00f6s Tommi Lehto)<br \/>\nSuvi Rauramo 1996\u201398<br \/>\nHeidi Kalmari 1998\u201399<br \/>\nTarja Koivikko 1998\u20132000 (Kaksi p\u00e4\u00e4toimittajaa Heidi ja Tarja osan vuosista 98-99)<br \/>\nAtte Tanskanen 2001<\/p>\n<\/div><\/div><div class=\"td_block_wrap td_block_text_with_title tdi_11 tagdiv-type td-pb-border-top td_block_template_10\"  data-td-block-uid=\"tdi_11\" >\n<style>\n.tdi_11 .td-block-title:before {\r\n                background-color: #81d742 !important;\r\n            }\n<\/style><div class=\"td-block-title-wrap\"><h4 class=\"td-block-title\"><span class=\"td-pulldown-size\">Frisbari-arkisto<\/span><\/h4><\/div><div class=\"td_mod_wrap td-fix-index\"><table>\n<tbody>\n<tr>\n<th><strong>2001\u00a0<\/strong><\/th>\n<td><a href=\"https:\/\/ultimate.fi\/wordpress\/liitto\/wp-content\/uploads\/2019\/11\/Frisbari_1_2001_WEB.pdf\">1\/2001<\/a><\/td>\n<\/tr>\n<tr>\n<th><strong>2000\u00a0<\/strong><\/th>\n<td><a href=\"https:\/\/ultimate.fi\/wordpress\/liitto\/wp-content\/uploads\/2019\/11\/Frisbari_1_2000_WEB.pdf\">1\/2000<\/a><\/td>\n<\/tr>\n<tr>\n<th><strong>1999\u00a0<\/strong><\/th>\n<td><a href=\"https:\/\/ultimate.fi\/wordpress\/liitto\/wp-content\/uploads\/2019\/11\/Frisbari_1_1999_WEB.pdf\">1\/1999<\/a><\/td>\n<td><a href=\"https:\/\/ultimate.fi\/wordpress\/liitto\/wp-content\/uploads\/2019\/11\/Frisbari_2_1999_WEB.pdf\">2\/1999\u00a0<\/a><\/td>\n<td><a href=\"https:\/\/ultimate.fi\/wordpress\/liitto\/wp-content\/uploads\/2019\/11\/Frisbari_3_1999_WEB.pdf\">3\/1999\u00a0<\/a><\/td>\n<td><a href=\"https:\/\/ultimate.fi\/wordpress\/liitto\/wp-content\/uploads\/2019\/11\/Frisbari_4_1999_WEB.pdf\">4\/1999\u00a0<\/a><\/td>\n<\/tr>\n<tr>\n<th><strong>1998\u00a0<\/strong><\/th>\n<td><a href=\"https:\/\/ultimate.fi\/wordpress\/liitto\/wp-content\/uploads\/2019\/11\/Frisbari_1_1998_WEB.pdf\">1\/1998<\/a><\/td>\n<td><a href=\"https:\/\/ultimate.fi\/wordpress\/liitto\/wp-content\/uploads\/2019\/11\/Frisbari_2_1998_WEB.pdf\">2\/1998<\/a><\/td>\n<td><a href=\"https:\/\/ultimate.fi\/wordpress\/liitto\/wp-content\/uploads\/2019\/11\/Frisbari_3_1998_WEB.pdf\">3\/1998<\/a><\/td>\n<td><a href=\"https:\/\/ultimate.fi\/wordpress\/liitto\/wp-content\/uploads\/2019\/11\/Frisbari_4_1998_WEB.pdf\">4\/1998<\/a><\/td>\n<\/tr>\n<tr>\n<th><strong>1997\u00a0<\/strong><\/th>\n<td><a href=\"https:\/\/ultimate.fi\/wordpress\/liitto\/wp-content\/uploads\/2019\/11\/Frisbari_1_1997_WEB.pdf\">1\/1997<\/a><\/td>\n<td><a href=\"https:\/\/ultimate.fi\/wordpress\/liitto\/wp-content\/uploads\/2019\/11\/Frisbari_2_1997_WEB.pdf\">2\/1997<\/a><\/td>\n<td><a href=\"https:\/\/ultimate.fi\/wordpress\/liitto\/wp-content\/uploads\/2019\/11\/Frisbari_3_1997_WEB.pdf\">3\/1997<\/a><\/td>\n<td><a href=\"https:\/\/ultimate.fi\/wordpress\/liitto\/wp-content\/uploads\/2019\/11\/Frisbari_4_1997_WEB.pdf\">4\/1997<\/a><\/td>\n<\/tr>\n<tr>\n<th><strong>1996\u00a0<\/strong><\/th>\n<td><a href=\"https:\/\/ultimate.fi\/wordpress\/liitto\/wp-content\/uploads\/2019\/11\/Frisbari_1_1996_WEB.pdf\">1\/1996<\/a><\/td>\n<td><a href=\"https:\/\/ultimate.fi\/wordpress\/liitto\/wp-content\/uploads\/2019\/11\/Frisbari_2_1996_WEB.pdf\">2\/1996<\/a><\/td>\n<td><a href=\"https:\/\/ultimate.fi\/wordpress\/liitto\/wp-content\/uploads\/2019\/11\/Frisbari_3_1996_WEB.pdf\">3\/1996<\/a><\/td>\n<\/tr>\n<tr>\n<th><strong>1995\u00a0<\/strong><\/th>\n<td><a href=\"https:\/\/ultimate.fi\/wordpress\/liitto\/wp-content\/uploads\/2019\/11\/Frisbari_1_1995_WEB.pdf\">1\/1995<\/a><\/td>\n<td><a href=\"https:\/\/ultimate.fi\/wordpress\/liitto\/wp-content\/uploads\/2019\/11\/Frisbari_2_1995_WEB.pdf\">2\/1995<\/a><\/td>\n<td><a href=\"https:\/\/ultimate.fi\/wordpress\/liitto\/wp-content\/uploads\/2019\/11\/Frisbari_3_1995_WEB.pdf\">3\/1995<\/a><\/td>\n<td><a href=\"https:\/\/ultimate.fi\/wordpress\/liitto\/wp-content\/uploads\/2019\/11\/Frisbari_4_1995_WEB.pdf\">4\/1995<\/a><\/td>\n<\/tr>\n<tr>\n<th><strong>1994\u00a0<\/strong><\/th>\n<td><a href=\"https:\/\/ultimate.fi\/wordpress\/liitto\/wp-content\/uploads\/2019\/11\/Frisbari_1_1994_WEB.pdf\">1\/1994<\/a><\/td>\n<td><a href=\"https:\/\/ultimate.fi\/wordpress\/liitto\/wp-content\/uploads\/2019\/11\/Frisbari_2_1994_WEB.pdf\">2\/1994<\/a><\/td>\n<td><a href=\"https:\/\/ultimate.fi\/wordpress\/liitto\/wp-content\/uploads\/2019\/11\/Frisbari_3_1994_WEB.pdf\">3\/1994<\/a><\/td>\n<td><a href=\"https:\/\/ultimate.fi\/wordpress\/liitto\/wp-content\/uploads\/2019\/11\/Frisbari_4_1994_WEB.pdf\">4\/1994<\/a><\/td>\n<td>\u00a0<\/td>\n<td>\u00a0<\/td>\n<td><a href=\"https:\/\/ultimate.fi\/wordpress\/liitto\/wp-content\/uploads\/2019\/11\/J\u00e4sentiedote_1_1994_WEB.pdf\">J\u00e4sentiedote 1\/1994<\/a><\/td>\n<td><a href=\"https:\/\/ultimate.fi\/wordpress\/liitto\/wp-content\/uploads\/2019\/11\/Kilpailukelpoisuustiedote_1994_WEB.pdf\">Kilpailukelpoisuustiedote 1994<\/a><\/td>\n<\/tr>\n<tr>\n<th><strong>1993\u00a0<\/strong><\/th>\n<td><a href=\"https:\/\/ultimate.fi\/wordpress\/liitto\/wp-content\/uploads\/2019\/11\/Frisbari_1_1993_WEB.pdf\">1\/1993<\/a><\/td>\n<td><a href=\"https:\/\/ultimate.fi\/wordpress\/liitto\/wp-content\/uploads\/2019\/11\/Frisbari_2_1993_WEB.pdf\">2\/1993<\/a><\/td>\n<td><a href=\"https:\/\/ultimate.fi\/wordpress\/liitto\/wp-content\/uploads\/2019\/11\/Frisbari_3_1993_WEB.pdf\">3\/1993<\/a><\/td>\n<td><a href=\"https:\/\/ultimate.fi\/wordpress\/liitto\/wp-content\/uploads\/2019\/11\/Frisbari_4_1993_WEB.pdf\">4\/1993<\/a><\/td>\n<td><a href=\"https:\/\/ultimate.fi\/wordpress\/liitto\/wp-content\/uploads\/2019\/11\/Frisbari_5_1993_WEB.pdf\">5\/1993<\/a><\/td>\n<td>\u00a0<\/td>\n<td><a href=\"https:\/\/ultimate.fi\/wordpress\/liitto\/wp-content\/uploads\/2019\/11\/Jasentiedote_1_1993_WEB.pdf\">J\u00e4sentiedote 1\/1993<\/a><\/td>\n<td><a href=\"https:\/\/ultimate.fi\/wordpress\/liitto\/wp-content\/uploads\/2019\/11\/Jasentiedote_1993_WEB.pdf\">J\u00e4sentiedote 1993<\/a><\/td>\n<td><a href=\"https:\/\/ultimate.fi\/wordpress\/liitto\/wp-content\/uploads\/2019\/11\/JuhlaFrisbari_Suomen_Liitokiekkoliitto_1978-1993_WEB.pdf\">Juhla Frisbari 1978-1993<\/a><\/td>\n<td><a href=\"https:\/\/ultimate.fi\/wordpress\/liitto\/wp-content\/uploads\/2019\/11\/Kokouskutsu_Jasentiedote_1993_WEB.pdf\">Kokouskutsu \/ J\u00e4sentiedote 1993<\/a><\/td>\n<\/tr>\n<tr>\n<th><strong>1992\u00a0<\/strong><\/th>\n<td><a href=\"https:\/\/ultimate.fi\/wordpress\/liitto\/wp-content\/uploads\/2019\/11\/Frisbari_1_1991_WEB.pdf\">1\/1992<\/a><\/td>\n<td><a href=\"https:\/\/ultimate.fi\/wordpress\/liitto\/wp-content\/uploads\/2019\/11\/Frisbari_2_1992_WEB.pdf\">2\/1992<\/a><\/td>\n<td><a href=\"https:\/\/ultimate.fi\/wordpress\/liitto\/wp-content\/uploads\/2019\/11\/Frisbari_3_1992_WEB.pdf\">3\/1992<\/a><\/td>\n<td><a href=\"https:\/\/ultimate.fi\/wordpress\/liitto\/wp-content\/uploads\/2019\/11\/Frisbari_4_1992_WEB.pdf\">4\/1992<\/a><\/td>\n<td><a href=\"https:\/\/ultimate.fi\/wordpress\/liitto\/wp-content\/uploads\/2019\/11\/Frisbari_5_1992_WEB.pdf\">5\/1992<\/a><\/td>\n<\/tr>\n<tr>\n<th><strong>1991\u00a0<\/strong><\/th>\n<td><a href=\"https:\/\/ultimate.fi\/wordpress\/liitto\/wp-content\/uploads\/2019\/11\/Frisbari_1_1991_WEB.pdf\">1\/1991<\/a><\/td>\n<td><a href=\"https:\/\/ultimate.fi\/wordpress\/liitto\/wp-content\/uploads\/2019\/11\/Frisbari_2_1991_WEB.pdf\">2\/1991<\/a><\/td>\n<td><a href=\"https:\/\/ultimate.fi\/wordpress\/liitto\/wp-content\/uploads\/2019\/11\/Frisbari_3_1991_WEB.pdf\">3\/1991<\/a><\/td>\n<td><a href=\"https:\/\/ultimate.fi\/wordpress\/liitto\/wp-content\/uploads\/2019\/11\/Frisbari_4_1991_WEB.pdf\">4\/1991<\/a><\/td>\n<td><a href=\"https:\/\/ultimate.fi\/wordpress\/liitto\/wp-content\/uploads\/2019\/11\/Frisbari_5_1991_WEB.pdf\">5\/1991<\/a><\/td>\n<\/tr>\n<tr>\n<th><strong>1990\u00a0<\/strong><\/th>\n<td><a href=\"https:\/\/ultimate.fi\/wordpress\/liitto\/wp-content\/uploads\/2019\/11\/Frisbari_1_1990_WEB.pdf\">1\/1990<\/a><\/td>\n<td><a href=\"https:\/\/ultimate.fi\/wordpress\/liitto\/wp-content\/uploads\/2019\/11\/Frisbari_2_1990_WEB.pdf\">2\/1990<\/a><\/td>\n<td><a href=\"https:\/\/ultimate.fi\/wordpress\/liitto\/wp-content\/uploads\/2019\/11\/Frisbari_3_1990_WEB.pdf\">3\/1990<\/a><\/td>\n<\/tr>\n<tr>\n<th><strong>1989\u00a0<\/strong><\/th>\n<td><a href=\"https:\/\/ultimate.fi\/wordpress\/liitto\/wp-content\/uploads\/2019\/11\/Frisbari_1_1989_WEB.pdf\">1\/1989<\/a><\/td>\n<td><a href=\"https:\/\/ultimate.fi\/wordpress\/liitto\/wp-content\/uploads\/2019\/11\/Frisbari_2_1989_WEB.pdf\">2\/1989<\/a><\/td>\n<td><a href=\"https:\/\/ultimate.fi\/wordpress\/liitto\/wp-content\/uploads\/2019\/11\/Frisbari_3_1989_WEB.pdf\">3\/1989<\/a><\/td>\n<td><a href=\"https:\/\/ultimate.fi\/wordpress\/liitto\/wp-content\/uploads\/2019\/11\/Frisbari_4_1989_WEB.pdf\">4\/1989<\/a><\/td>\n<\/tr>\n<tr>\n<th><strong>1988\u00a0<\/strong><\/th>\n<td><a href=\"https:\/\/ultimate.fi\/wordpress\/liitto\/wp-content\/uploads\/2019\/11\/Frisbari_1_1988_WEB.pdf\">1\/1988<\/a><\/td>\n<td><a href=\"https:\/\/ultimate.fi\/wordpress\/liitto\/wp-content\/uploads\/2019\/11\/Frisbari_2_1988_WEB.pdf\">2\/1988<\/a><\/td>\n<td><a href=\"https:\/\/ultimate.fi\/wordpress\/liitto\/wp-content\/uploads\/2019\/11\/Frisbari_3_1988_WEB.pdf\">3\/1988<\/a><\/td>\n<td>\u00a0<\/td>\n<td>\u00a0<\/td>\n<td>\u00a0<\/td>\n<td><a href=\"http:\/\/www.ultimate.fi\/ultimate\/site\/wp-content\/uploads\/2012\/05\/Jasentiedote_1_1988_Elokuu.pdf\">J\u00e4sentiedote 1\/1988 Elokuu<\/a><\/td>\n<\/tr>\n<tr>\n<th><strong>1987\u00a0<\/strong><\/th>\n<td><a href=\"https:\/\/ultimate.fi\/wordpress\/liitto\/wp-content\/uploads\/2019\/11\/Frisbari_1_1987_WEB.pdf\">1\/1987<\/a><\/td>\n<td><a href=\"https:\/\/ultimate.fi\/wordpress\/liitto\/wp-content\/uploads\/2019\/11\/Frisbari_2_1987_WEB.pdf\">2\/1987<\/a><\/td>\n<td><a href=\"https:\/\/ultimate.fi\/wordpress\/liitto\/wp-content\/uploads\/2019\/11\/Frisbari_3-5_1987_WEB.pdf\">3-5\/1987<\/a><\/td>\n<\/tr>\n<tr>\n<th><strong>1986\u00a0<\/strong><\/th>\n<td><a href=\"https:\/\/ultimate.fi\/wordpress\/liitto\/wp-content\/uploads\/2019\/11\/Frisbari_1_1986_WEB.pdf\">1\/1986<\/a><\/td>\n<td><a href=\"https:\/\/ultimate.fi\/wordpress\/liitto\/wp-content\/uploads\/2019\/11\/Frisbari_2_1986_WEB.pdf\">2\/1986<\/a><\/td>\n<td><a href=\"https:\/\/ultimate.fi\/wordpress\/liitto\/wp-content\/uploads\/2019\/11\/Frisbari_3_1986_WEB.pdf\">3\/1986<\/a><\/td>\n<td><a href=\"https:\/\/ultimate.fi\/wordpress\/liitto\/wp-content\/uploads\/2019\/11\/Frisbari_4_1986_WEB.pdf\">4\/1986<\/a><\/td>\n<td><a href=\"https:\/\/ultimate.fi\/wordpress\/liitto\/wp-content\/uploads\/2019\/11\/Frisbari_5_1986_WEB.pdf\">5\/1986<\/a><\/td>\n<td>\u00a0<\/td>\n<td><a href=\"https:\/\/ultimate.fi\/wordpress\/liitto\/wp-content\/uploads\/2019\/11\/Frisbari_1_1986_Saatekirje_WEB.pdf\">1\/1986 Saatekirje<\/a><\/td>\n<td><a href=\"https:\/\/ultimate.fi\/wordpress\/liitto\/wp-content\/uploads\/2019\/11\/Frisbari_4_1986_Saatekirje_WEB.pdf\">4\/1986 Saatekirje<\/a><\/td>\n<\/tr>\n<tr>\n<th><strong>1985\u00a0<\/strong><\/th>\n<td><a href=\"https:\/\/ultimate.fi\/wordpress\/liitto\/wp-content\/uploads\/2019\/11\/Frisbari_1_1985_WEB.pdf\">1\/1985<\/a><\/td>\n<td><a href=\"https:\/\/ultimate.fi\/wordpress\/liitto\/wp-content\/uploads\/2019\/11\/Frisbari_2_1985_WEB.pdf\">2\/1985<\/a><\/td>\n<td><a href=\"https:\/\/ultimate.fi\/wordpress\/liitto\/wp-content\/uploads\/2019\/11\/Frisbari_3_1985_WEB.pdf\">3\/1985<\/a><\/td>\n<td><a href=\"https:\/\/ultimate.fi\/wordpress\/liitto\/wp-content\/uploads\/2019\/11\/Frisbari_4_1985_WEB.pdf\">4\/1985<\/a><\/td>\n<td><a href=\"https:\/\/ultimate.fi\/wordpress\/liitto\/wp-content\/uploads\/2019\/11\/Frisbari_5_1985_WEB.pdf\">5\/1985<\/a><\/td>\n<\/tr>\n<tr>\n<th><strong>1984\u00a0<\/strong><\/th>\n<td><a href=\"https:\/\/ultimate.fi\/wordpress\/liitto\/wp-content\/uploads\/2019\/11\/Frisbari_1_1984_WEB.pdf\">1\/1984<\/a><\/td>\n<td><a href=\"https:\/\/ultimate.fi\/wordpress\/liitto\/wp-content\/uploads\/2019\/11\/Frisbari_2_1984_WEB.pdf\">2\/1984<\/a><\/td>\n<td><a href=\"https:\/\/ultimate.fi\/wordpress\/liitto\/wp-content\/uploads\/2019\/11\/Frisbari_3_1984_WEB.pdf\">3\/1984<\/a><\/td>\n<td><a href=\"https:\/\/ultimate.fi\/wordpress\/liitto\/wp-content\/uploads\/2019\/11\/Frisbari_4_1984_WEB.pdf\">4\/1984<\/a><\/td>\n<\/tr>\n<tr>\n<th><strong>1983\u00a0<\/strong><\/th>\n<td><a href=\"https:\/\/ultimate.fi\/wordpress\/liitto\/wp-content\/uploads\/2019\/11\/Frisbari_1_1983_WEB.pdf\">1\/1983<\/a><\/td>\n<td><a href=\"https:\/\/ultimate.fi\/wordpress\/liitto\/wp-content\/uploads\/2019\/11\/Frisbari_2_1983_WEB.pdf\">2\/1983<\/a><\/td>\n<td><a href=\"https:\/\/ultimate.fi\/wordpress\/liitto\/wp-content\/uploads\/2019\/11\/Frisbari_3_1983_WEB.pdf\">3\/1983<\/a><\/td>\n<td><a href=\"https:\/\/ultimate.fi\/wordpress\/liitto\/wp-content\/uploads\/2019\/11\/Frisbari_4_1983_WEB.pdf\">4\/1983<\/a><\/td>\n<\/tr>\n<tr>\n<th><strong>1982\u00a0<\/strong><\/th>\n<td><a href=\"https:\/\/ultimate.fi\/wordpress\/liitto\/wp-content\/uploads\/2019\/11\/Frisbari_1_1982_WEB.pdf\">1\/1982<\/a><\/td>\n<td><a href=\"https:\/\/ultimate.fi\/wordpress\/liitto\/wp-content\/uploads\/2019\/11\/Frisbari_2_1982_WEB.pdf\">2\/1982<\/a><\/td>\n<td><a href=\"https:\/\/ultimate.fi\/wordpress\/liitto\/wp-content\/uploads\/2019\/11\/Frisbari_3_1982_WEB.pdf\">3\/1982<\/a><\/td>\n<\/tr>\n<tr>\n<th><strong>1981\u00a0<\/strong><\/th>\n<td><a href=\"https:\/\/ultimate.fi\/wordpress\/liitto\/wp-content\/uploads\/2019\/11\/Frisbari_1_1981_WEB.pdf\">1\/1981<\/a><\/td>\n<td><a href=\"https:\/\/ultimate.fi\/wordpress\/liitto\/wp-content\/uploads\/2019\/11\/Frisbari_2_1981_WEB.pdf\">2\/1981<\/a><\/td>\n<td><a href=\"https:\/\/ultimate.fi\/wordpress\/liitto\/wp-content\/uploads\/2019\/11\/Frisbari_3_1981_WEB.pdf\">3\/1981<\/a><\/td>\n<td><a href=\"https:\/\/ultimate.fi\/wordpress\/liitto\/wp-content\/uploads\/2019\/11\/Frisbari_4_1981_WEB.pdf\">4\/1981<\/a><\/td>\n<td><a href=\"https:\/\/ultimate.fi\/wordpress\/liitto\/wp-content\/uploads\/2019\/11\/Frisbari_5_1981_WEB.pdf\">5\/1981<\/a><\/td>\n<td><a href=\"https:\/\/ultimate.fi\/wordpress\/liitto\/wp-content\/uploads\/2019\/11\/Frisbari_6_1981_WEB.pdf\">6\/1981<\/a><\/td>\n<\/tr>\n<tr>\n<th><strong>1980\u00a0<\/strong><\/th>\n<td>\u00a0<\/td>\n<td><a href=\"https:\/\/ultimate.fi\/wordpress\/liitto\/wp-content\/uploads\/2019\/11\/Frisbari_2_1980_WEB.pdf\">2\/1980<\/a><\/td>\n<td><a href=\"https:\/\/ultimate.fi\/wordpress\/liitto\/wp-content\/uploads\/2019\/11\/Frisbari_3_1980_WEB.pdf\">3\/1980<\/a><\/td>\n<td><a href=\"https:\/\/ultimate.fi\/wordpress\/liitto\/wp-content\/uploads\/2019\/11\/Frisbari_4_1980_WEB.pdf\">4\/1980<\/a><\/td>\n<td><a href=\"https:\/\/ultimate.fi\/wordpress\/liitto\/wp-content\/uploads\/2019\/11\/Frisbari_5_1980_WEB.pdf\">5\/1980<\/a><\/td>\n<td><a href=\"https:\/\/ultimate.fi\/wordpress\/liitto\/wp-content\/uploads\/2019\/11\/Frisbari_6_1980_WEB.pdf\">6\/1980<\/a><\/td>\n<td><a href=\"https:\/\/ultimate.fi\/wordpress\/liitto\/wp-content\/uploads\/2019\/11\/SM-kisat_1980_esite_WEB.pdf\">SM-kisalehti 1980<\/a><\/td>\n<\/tr>\n<tr>\n<th><strong>1979\u00a0<\/strong><\/th>\n<td><a href=\"https:\/\/ultimate.fi\/wordpress\/liitto\/wp-content\/uploads\/2019\/11\/Frisbari_1_1979_WEB.pdf\">1\/1979<\/a><\/td>\n<td><a href=\"https:\/\/ultimate.fi\/wordpress\/liitto\/wp-content\/uploads\/2019\/11\/Frisbari_2_1979_WEB.pdf\">2\/1979<\/a><\/td>\n<td><a href=\"https:\/\/ultimate.fi\/wordpress\/liitto\/wp-content\/uploads\/2019\/11\/Frisbari_3_1979_WEB.pdf\">3\/1979<\/a><\/td>\n<td><a href=\"https:\/\/ultimate.fi\/wordpress\/liitto\/wp-content\/uploads\/2019\/11\/Frisbari_4-5_1979_WEB.pdf\">4-5\/1979<\/a><\/td>\n<td><a href=\"https:\/\/ultimate.fi\/wordpress\/liitto\/wp-content\/uploads\/2019\/11\/Frisbari_6_1979_WEB.pdf\">6\/1979<\/a><\/td>\n<td>\u00a0<\/td>\n<td><a href=\"https:\/\/ultimate.fi\/wordpress\/liitto\/wp-content\/uploads\/2019\/11\/Frisbari_Kisalehti_1979_WEB.pdf\">Kisalehti 1979<\/a><\/td>\n<\/tr>\n<\/tbody>\n<\/table>\n<\/div><\/div><div class=\"td_block_wrap td_block_text_with_title tdi_12 tagdiv-type td-pb-border-top td_block_template_10\"  data-td-block-uid=\"tdi_12\" ><div class=\"td-block-title-wrap\"><h4 class=\"td-block-title\"><span class=\"td-pulldown-size\">Muiden liittojen j\u00e4senarkistot<\/span><\/h4><\/div><div class=\"td_mod_wrap td-fix-index\"><p>Yhdysvallat \/ USA Ultimate (aiemmin UPA \u2013 Ultimate Players Association):\u00a0<a title=\"USA Ultimate\" href=\"http:\/\/www.usaultimate.org\/multimedia\/usa_ultimate_magazine\/default.aspx\">Newsletter <\/a><\/p>\n<p>Ruotsi \/ Svenska Frisbeesportf\u00f6rbundet:\u00a0<a title=\"Frisbee Lagan\" href=\"http:\/\/www.frisbeesport.se\/Dokumentbank\/Franforr\/FrisbeeLagan\/\">FrisbeeLagan<\/a><\/p>\n<\/div><\/div><\/div><\/div><\/div><\/div><\/div><\/div>","protected":false},"excerpt":{"rendered":"","protected":false},"author":1,"featured_media":0,"parent":30,"menu_order":5,"comment_status":"closed","ping_status":"closed","template":"","meta":{"footnotes":""},"class_list":["post-44","page","type-page","status-publish"],"_links":{"self":[{"href":"https:\/\/ultimate.fi\/liitto\/wp-json\/wp\/v2\/pages\/44","targetHints":{"allow":["GET"]}}],"collection":[{"href":"https:\/\/ultimate.fi\/liitto\/wp-json\/wp\/v2\/pages"}],"about":[{"href":"https:\/\/ultimate.fi\/liitto\/wp-json\/wp\/v2\/types\/page"}],"author":[{"embeddable":true,"href":"https:\/\/ultimate.fi\/liitto\/wp-json\/wp\/v2\/users\/1"}],"replies":[{"embeddable":true,"href":"https:\/\/ultimate.fi\/liitto\/wp-json\/wp\/v2\/comments?post=44"}],"version-history":[{"count":14,"href":"https:\/\/ultimate.fi\/liitto\/wp-json\/wp\/v2\/pages\/44\/revisions"}],"predecessor-version":[{"id":715,"href":"https:\/\/ultimate.fi\/liitto\/wp-json\/wp\/v2\/pages\/44\/revisions\/715"}],"up":[{"embeddable":true,"href":"https:\/\/ultimate.fi\/liitto\/wp-json\/wp\/v2\/pages\/30"}],"wp:attachment":[{"href":"https:\/\/ultimate.fi\/liitto\/wp-json\/wp\/v2\/media?parent=44"}],"curies":[{"name":"wp","href":"https:\/\/api.w.org\/{rel}","templated":true}]}}