{"id":46,"date":"2018-11-18T07:22:40","date_gmt":"2018-11-18T05:22:40","guid":{"rendered":"https:\/\/ultimate.fi\/wordpress\/liitto\/?page_id=46"},"modified":"2026-02-11T12:53:51","modified_gmt":"2026-02-11T10:53:51","slug":"slkl-yhteystiedot","status":"publish","type":"page","link":"https:\/\/ultimate.fi\/liitto\/slkl-yhteystiedot\/","title":{"rendered":"Liiton yhteystiedot"},"content":{"rendered":"<div id=\"tdi_1\" class=\"tdc-zone\"><div class=\"tdc_zone tdi_2  wpb_row td-pb-row\"  >\n<style scoped>\n\/* custom css - generated by TagDiv Composer *\/\n\n\/* custom css - generated by TagDiv Composer *\/\n.tdi_2{\r\n                    min-height: 0;\r\n                }\n<\/style><div id=\"tdi_3\" class=\"tdc-row\"><div class=\"vc_row tdi_4  wpb_row td-pb-row\" >\n<style scoped>\n\/* custom css - generated by TagDiv Composer *\/\n\n\/* custom css - generated by TagDiv Composer *\/\n.tdi_4,\r\n                .tdi_4 .tdc-columns{\r\n                    min-height: 0;\r\n                }.tdi_4,\r\n\t\t\t\t.tdi_4 .tdc-columns{\r\n\t\t\t\t    display: block;\r\n\t\t\t\t}.tdi_4 .tdc-columns{\r\n\t\t\t\t    width: 100%;\r\n\t\t\t\t}.tdi_4:before,\r\n\t\t\t\t.tdi_4:after{\r\n\t\t\t\t    display: table;\r\n\t\t\t\t}\n<\/style><div class=\"vc_column tdi_6  wpb_column vc_column_container tdc-column td-pb-span6\">\n<style scoped>\n\/* custom css - generated by TagDiv Composer *\/\n\n\/* custom css - generated by TagDiv Composer *\/\n.tdi_6{\r\n                    vertical-align: baseline;\r\n                }.tdi_6 > .wpb_wrapper,\r\n\t\t\t\t.tdi_6 > .wpb_wrapper > .tdc-elements{\r\n\t\t\t\t    display: block;\r\n\t\t\t\t}.tdi_6 > .wpb_wrapper > .tdc-elements{\r\n\t\t\t\t    width: 100%;\r\n\t\t\t\t}.tdi_6 > .wpb_wrapper > .vc_row_inner{\r\n\t\t\t\t    width: auto;\r\n\t\t\t\t}.tdi_6 > .wpb_wrapper{\r\n\t\t\t\t    width: auto;\r\n\t\t\t\t    height: auto;\r\n\t\t\t\t}\n<\/style><div class=\"wpb_wrapper\" ><div class=\"td_block_wrap td_block_text_with_title tdi_7 tagdiv-type td-pb-border-top td_block_template_10\"  data-td-block-uid=\"tdi_7\" >\n<style>\n.td_block_template_10.widget > ul > li {\r\n                margin-left: 0 !important;\r\n            }\r\n            .td_block_template_10 .td-block-title {\r\n                font-size: 17px;\r\n                font-weight: 500;\r\n                margin-top: -10px;\r\n                margin-bottom: 24px;\r\n                line-height: 37px;\r\n                padding: 0;\r\n                position: relative;\r\n                text-align: left;\r\n            }\r\n            .td_block_template_10 .td-block-title:before {\r\n                content: '';\r\n                width: 100%;\r\n                height: 3px;\r\n                position: absolute;\r\n                top: 100%;\r\n                left: 0;\r\n                background-color: var(--td_header_color, #f5f5f5);\r\n            }\r\n            .td_block_template_10 .td-block-title > * {\r\n                color: var(--td_text_header_color, #000);\r\n            }\r\n            .td_block_template_10 .td-subcat-filter {\r\n                line-height: 37px;\r\n                display: table;\r\n            }\r\n            .td_block_template_10 .td-subcat-dropdown {\r\n                line-height: 1;\r\n                position: static;\r\n            }\r\n            .td_block_template_10 .td-subcat-dropdown .td-subcat-more {\r\n                margin-bottom: 0 !important;\r\n            }\r\n            .td_block_template_10 .td-subcat-dropdown ul:after {\r\n                height: 3px !important;\r\n            }\r\n            .td_block_template_10 .td-related-title {\r\n                margin-top: 0 !important;\r\n            }\r\n            .td_block_template_10 .td-related-title a {\r\n                margin-right: 20px;\r\n            }\r\n            @media (max-width: 767px) {\r\n                .td_block_template_10 .td-related-title a {\r\n                    font-size: 15px;\r\n                }\r\n            }\r\n            .td_block_template_10 .td-related-title .td-cur-simple-item {\r\n                color: var(--td_theme_color, #4db2ec);\r\n            }\r\n            \r\n            \r\n            \r\n            .tdi_7 .td-block-title:before {\r\n                background-color: #81d742 !important;\r\n            }\n<\/style>\n<style>\n\/* custom css - generated by TagDiv Composer *\/\n.td_block_text_with_title{\r\n                  margin-bottom: 44px;\r\n                  -webkit-transform: translateZ(0);\r\n                  transform: translateZ(0);\r\n                }.td_block_text_with_title p:last-child{\r\n                  margin-bottom: 0;\r\n                }\n<\/style><div class=\"td-block-title-wrap\"><h4 class=\"td-block-title\"><span class=\"td-pulldown-size\">Hallitus 2026<\/span><\/h4><\/div><div class=\"td_mod_wrap td-fix-index\"><p>Suomen Liitokiekkoliiton hallitus muodostuu vuonna 2026 puheenjohtajasta ja viidest\u00e4 muusta hallituksen j\u00e4senest\u00e4. Toiminnanjohtaja osallistuu hallituksen kokouksiin sihteerin\u00e4. SLKL:n hallituksen tavoittaa osoitteesta: hallitus@liitokiekkoliitto.fi<\/p>\n<p>Liiton hallituksen j\u00e4senten mahdolliset erityisvastuualueet on lueteltu alla.<\/p>\n<p><strong>Puheenjohtaja: <\/strong>Jake Sevander (puheenjohtaja(at)liitokiekkoliitto.fi)<\/p>\n<p><b>Hallitus: <\/b><span style=\"color: initial;\">Elisa Pursiainen, Sonja Granqvist, Tapio Moilanen, Antti Elonheimo ja Johanna Kopperoinen<\/span><\/p>\n<\/div><\/div><div class=\"td_block_wrap td_block_text_with_title tdi_8 tagdiv-type td-pb-border-top td_block_template_10\"  data-td-block-uid=\"tdi_8\" >\n<style>\n.tdi_8 .td-block-title:before {\r\n                background-color: #81d742 !important;\r\n            }\n<\/style><div class=\"td-block-title-wrap\"><h4 class=\"td-block-title\"><span class=\"td-pulldown-size\">Sarjavastaavat<\/span><\/h4><\/div><div class=\"td_mod_wrap td-fix-index\"><p>Sarjavastaavat vastaavat kotimaan kisojen ilmoittautumisten vastaanottamisesta aikataulujen laatimisesta sek\u00e4 pelipaikkojen p\u00e4\u00e4tt\u00e4misest\u00e4, jos vaihtoehtoja on useampia. Sarjavastaavat my\u00f6nt\u00e4v\u00e4t luvan projektijoukkueille osallistua kilpailuihin \/ turnauksiin. Sarjavastaavat toimivat apuna kilpailus\u00e4\u00e4nt\u00f6jen tulkitsemisessa, ja heill\u00e4 on viime k\u00e4dess\u00e4 p\u00e4\u00e4t\u00f6svalta s\u00e4\u00e4nt\u00f6ihin liittyvien tulkintaerimielisyyksien ratkaisussa.<\/p>\n<p><strong>Sarjavastaavat:<\/strong> Kari Hulkko (masters+pelikone), Julia Kiehle (naiset), Akseli Ranta (avoin SM), Miikka Sulonen (avoin divari) , Aino Weckman (mixed), Essi Inkinen (juniorit). Sarjavastaavat tavoittaa s\u00e4hk\u00f6postitse (sarjavastaava(at)liitokiekkoliitto.fi).<\/p>\n<\/div><\/div><\/div><\/div><div class=\"vc_column tdi_10  wpb_column vc_column_container tdc-column td-pb-span6\">\n<style scoped>\n\/* custom css - generated by TagDiv Composer *\/\n\n\/* custom css - generated by TagDiv Composer *\/\n.tdi_10{\r\n                    vertical-align: baseline;\r\n                }.tdi_10 > .wpb_wrapper,\r\n\t\t\t\t.tdi_10 > .wpb_wrapper > .tdc-elements{\r\n\t\t\t\t    display: block;\r\n\t\t\t\t}.tdi_10 > .wpb_wrapper > .tdc-elements{\r\n\t\t\t\t    width: 100%;\r\n\t\t\t\t}.tdi_10 > .wpb_wrapper > .vc_row_inner{\r\n\t\t\t\t    width: auto;\r\n\t\t\t\t}.tdi_10 > .wpb_wrapper{\r\n\t\t\t\t    width: auto;\r\n\t\t\t\t    height: auto;\r\n\t\t\t\t}\n<\/style><div class=\"wpb_wrapper\" ><div class=\"td_block_wrap td_block_text_with_title tdi_11 tagdiv-type td-pb-border-top td_block_template_10\"  data-td-block-uid=\"tdi_11\" >\n<style>\n.tdi_11 .td-block-title:before {\r\n                background-color: #81d742 !important;\r\n            }\n<\/style><div class=\"td-block-title-wrap\"><h4 class=\"td-block-title\"><span class=\"td-pulldown-size\">Toiminnanjohtaja<\/span><\/h4><\/div><div class=\"td_mod_wrap td-fix-index\"><p>SLKL:n toiminnanjohtajana ty\u00f6skentelee <strong>Ulla Kiili<\/strong>. Toiminnanjohtaja vastaa kaikkiin liitokiekkoilua koskeviin kysymyksiin tai ohjaa kysymyksen oikealle taholle. H\u00e4n hoitaa my\u00f6s talouden ja hallinnon juoksevia asioita.<\/p>\n<p>Liiton toimisto on p\u00e4\u00e4s\u00e4\u00e4nt\u00f6isesti auki ma, ke ja to 8:30-15:30, ti 13-15:30 ja pe 8:30-10:30. Koska toiminnanjohtaja on osap\u00e4iv\u00e4inen, saat h\u00e4neen yhteyden helpoimmin s\u00e4hk\u00f6postitse.<\/p>\n<p><strong>Suomen Liitokiekkoliitto ry<br \/><\/strong><strong>Valimotie 10<br \/><\/strong><strong>00380 HELSINKI<br \/><\/strong><strong>puh. +358 45 125 1723<br \/>toiminnanjohtaja@liitokiekkoliitto.fi<\/strong><\/p>\n<\/div><\/div><div class=\"td_block_wrap td_block_text_with_title tdi_12 tagdiv-type td-pb-border-top td_block_template_10\"  data-td-block-uid=\"tdi_12\" ><div class=\"td-block-title-wrap\"><h4 class=\"td-block-title\"><span class=\"td-pulldown-size\">Ultimate.fin toimitus<\/span><\/h4><\/div><div class=\"td_mod_wrap td-fix-index\"><p><strong>P\u00e4\u00e4toimittaja:<\/strong> Ari Ojanper\u00e4, paatoimittaja(at)ultimate.fi<br \/><strong>Toimitus:<\/strong> toimitus(at)ultimate.fi<\/p>\n<\/div><\/div><\/div><\/div><\/div><\/div><\/div><\/div>\n\n\n<p><\/p>\n","protected":false},"excerpt":{"rendered":"","protected":false},"author":1,"featured_media":0,"parent":0,"menu_order":6,"comment_status":"closed","ping_status":"closed","template":"","meta":{"footnotes":""},"class_list":["post-46","page","type-page","status-publish"],"_links":{"self":[{"href":"https:\/\/ultimate.fi\/liitto\/wp-json\/wp\/v2\/pages\/46","targetHints":{"allow":["GET"]}}],"collection":[{"href":"https:\/\/ultimate.fi\/liitto\/wp-json\/wp\/v2\/pages"}],"about":[{"href":"https:\/\/ultimate.fi\/liitto\/wp-json\/wp\/v2\/types\/page"}],"author":[{"embeddable":true,"href":"https:\/\/ultimate.fi\/liitto\/wp-json\/wp\/v2\/users\/1"}],"replies":[{"embeddable":true,"href":"https:\/\/ultimate.fi\/liitto\/wp-json\/wp\/v2\/comments?post=46"}],"version-history":[{"count":41,"href":"https:\/\/ultimate.fi\/liitto\/wp-json\/wp\/v2\/pages\/46\/revisions"}],"predecessor-version":[{"id":1189,"href":"https:\/\/ultimate.fi\/liitto\/wp-json\/wp\/v2\/pages\/46\/revisions\/1189"}],"wp:attachment":[{"href":"https:\/\/ultimate.fi\/liitto\/wp-json\/wp\/v2\/media?parent=46"}],"curies":[{"name":"wp","href":"https:\/\/api.w.org\/{rel}","templated":true}]}}