{"id":5,"date":"2018-11-18T06:57:15","date_gmt":"2018-11-18T04:57:15","guid":{"rendered":"https:\/\/ultimate.fi\/wordpress\/liitto\/?page_id=5"},"modified":"2026-04-20T13:07:52","modified_gmt":"2026-04-20T10:07:52","slug":"etusivu","status":"publish","type":"page","link":"https:\/\/ultimate.fi\/liitto\/","title":{"rendered":"Etusivu"},"content":{"rendered":"<div id=\"tdi_1\" class=\"tdc-zone\"><div class=\"tdc_zone tdi_2  wpb_row td-pb-row\"  >\n<style scoped>\n\/* custom css - generated by TagDiv Composer *\/\n\n\/* custom css - generated by TagDiv Composer *\/\n.tdi_2{\r\n                    min-height: 0;\r\n                }\n<\/style><div id=\"tdi_3\" class=\"tdc-row\"><div class=\"vc_row tdi_4 td-ss-row wpb_row td-pb-row\" >\n<style scoped>\n\/* custom css - generated by TagDiv Composer *\/\n\n\/* custom css - generated by TagDiv Composer *\/\n.tdi_4,\r\n                .tdi_4 .tdc-columns{\r\n                    min-height: 0;\r\n                }.tdi_4,\r\n\t\t\t\t.tdi_4 .tdc-columns{\r\n\t\t\t\t    display: block;\r\n\t\t\t\t}.tdi_4 .tdc-columns{\r\n\t\t\t\t    width: 100%;\r\n\t\t\t\t}.tdi_4:before,\r\n\t\t\t\t.tdi_4:after{\r\n\t\t\t\t    display: table;\r\n\t\t\t\t}\n<\/style><div class=\"vc_column tdi_6  wpb_column vc_column_container tdc-column td-pb-span9\">\n<style scoped>\n\/* custom css - generated by TagDiv Composer *\/\n\n\/* custom css - generated by TagDiv Composer *\/\n.tdi_6{\r\n                    vertical-align: baseline;\r\n                }.tdi_6 > .wpb_wrapper,\r\n\t\t\t\t.tdi_6 > .wpb_wrapper > .tdc-elements{\r\n\t\t\t\t    display: block;\r\n\t\t\t\t}.tdi_6 > .wpb_wrapper > .tdc-elements{\r\n\t\t\t\t    width: 100%;\r\n\t\t\t\t}.tdi_6 > .wpb_wrapper > .vc_row_inner{\r\n\t\t\t\t    width: auto;\r\n\t\t\t\t}.tdi_6 > .wpb_wrapper{\r\n\t\t\t\t    width: auto;\r\n\t\t\t\t    height: auto;\r\n\t\t\t\t}\n<\/style><div class=\"wpb_wrapper\" ><div class=\"vc_row_inner tdi_8  vc_row vc_inner wpb_row td-pb-row\" >\n<style scoped>\n\/* custom css - generated by TagDiv Composer *\/\n\n\/* custom css - generated by TagDiv Composer *\/\n.tdi_8{\r\n                    position: relative !important;\r\n                    top: 0;\r\n                    transform: none;\r\n                    -webkit-transform: none;\r\n                }.tdi_8,\r\n\t\t\t\t.tdi_8 .tdc-inner-columns{\r\n\t\t\t\t    display: block;\r\n\t\t\t\t}.tdi_8 .tdc-inner-columns{\r\n\t\t\t\t    width: 100%;\r\n\t\t\t\t}\n<\/style><div class=\"vc_column_inner tdi_10  wpb_column vc_column_container tdc-inner-column td-pb-span12\">\n<style scoped>\n\/* custom css - generated by TagDiv Composer *\/\n\n\/* custom css - generated by TagDiv Composer *\/\n.tdi_10{\r\n                    vertical-align: baseline;\r\n                }.tdi_10 .vc_column-inner > .wpb_wrapper,\r\n\t\t\t\t.tdi_10 .vc_column-inner > .wpb_wrapper .tdc-elements{\r\n\t\t\t\t    display: block;\r\n\t\t\t\t}.tdi_10 .vc_column-inner > .wpb_wrapper .tdc-elements{\r\n\t\t\t\t    width: 100%;\r\n\t\t\t\t}\n<\/style><div class=\"vc_column-inner\"><div class=\"wpb_wrapper\" ><div class=\"tdm_block td_block_wrap tdm_block_text_image tdi_11 td-animation-stack tdm-layout-23-13 tdm-content-horiz-left tdm-content-vert-center td-pb-border-top td_block_template_10\"  data-td-block-uid=\"tdi_11\" >\n<style>\n\/* custom css - generated by TagDiv Composer *\/\n.tdm_block_text_image .tdm-text-wrap{\r\n                  padding-top: 20px;\r\n                  padding-bottom: 20px;\r\n                }.tdm_block_text_image .tdm-descr{\r\n                  margin-bottom: 0;\r\n                }.tdm_block_text_image .tds-button{\r\n                  margin-top: 30px;\r\n                }@media (min-width: 767px) {\r\n                  .tdm_block_text_image.tdm-text-image-extend-img {\r\n                    margin-right: calc((-100vw + 100%) \/ 2);\r\n                  }\r\n                  .tdm_block_text_image.tdm-text-image-extend-img.tdm-flip-yes {\r\n                    margin-right: 0;\r\n                    margin-left: calc((-100vw + 100%) \/ 2);\r\n                  }\r\n                  .tdm_block_text_image.tdm-text-image-extend-img.tdm-flip-yes .tdm-col-img {\r\n                    text-align: right;\r\n                  }\r\n                }@media (max-width: 767px) {\r\n                  .tdm_block_text_image .tdm-col-img {\r\n                    margin-top: 36px;\r\n                  }\r\n                  .tdm_block_text_image.tdm-flip-yes .tdm-col-img {\r\n                    margin-top: 0;\r\n                    margin-bottom: 15px;\r\n                  }\r\n                }\n<\/style><div class=\"td-block-width tdm-fix-full\"><div class=\"td-block-row tdm-row\"><div class=\"td-block-span6 tdm-col\"><div class=\"tdm-text-wrap tdm-text-padding\"><div class=\"tds-title tds-title1 td-fix-index tdi_12 \"><h3 class=\"tdm-title tdm-title-md\">Suomen Liitokiekkoliitto<\/h3><\/div><p class=\"tdm-descr td-fix-index\">Suomen Liitokiekkoliitto ry (SLKL) on Suomen Olympiakomitean j\u00e4senj\u00e4rjest\u00f6, joka perustettiin vuonna 1978 liitokiekkoilijoiden keskusj\u00e4rjest\u00f6ksi. SLKL toimii j\u00e4senist\u00f6ns\u00e4 etuj\u00e4rjest\u00f6n\u00e4 ja yhdyssiteen\u00e4. Valtakunnallisena kattoj\u00e4rjest\u00f6n\u00e4 liitto pit\u00e4\u00e4 yll\u00e4 suhteita opetusministeri\u00f6\u00f6n, emoj\u00e4rjest\u00f6 Valoon ja muihin kansallisiin urheiluj\u00e4rjest\u00f6ihin. Suomen Liitokiekkoliitto on j\u00e4senen\u00e4 maailman liitokiekkoliitossa (World Flying Disc Federation, WFDF) yhten\u00e4 sen yli 50 j\u00e4senmaasta ja Euroopan liitokiekkoliitossa (European Ultimate Federation, EUF).<\/p><\/div><\/div><div class=\"td-block-span6 tdm-col tdm-col-img\"><img class=\"tdm-image td-fix-index td-lazy-img\" data-type=\"image_tag\" data-img-url=\"https:\/\/ultimate.fi\/wordpress\/liitto\/wp-content\/uploads\/2018\/11\/SLKL_logo.jpg\"  title=\"SLKL_logo\" width=\"210\" height=\"210\"><\/div><\/div><\/div><\/div><\/div><\/div><\/div><\/div><\/div><\/div><div class=\"vc_column tdi_14  wpb_column vc_column_container tdc-column td-pb-span3\">\n<style scoped>\n\/* custom css - generated by TagDiv Composer *\/\n\n\/* custom css - generated by TagDiv Composer *\/\n.tdi_14{\r\n                    vertical-align: baseline;\r\n                }.tdi_14 > .wpb_wrapper,\r\n\t\t\t\t.tdi_14 > .wpb_wrapper > .tdc-elements{\r\n\t\t\t\t    display: block;\r\n\t\t\t\t}.tdi_14 > .wpb_wrapper > .tdc-elements{\r\n\t\t\t\t    width: 100%;\r\n\t\t\t\t}.tdi_14 > .wpb_wrapper > .vc_row_inner{\r\n\t\t\t\t    width: auto;\r\n\t\t\t\t}.tdi_14 > .wpb_wrapper{\r\n\t\t\t\t    width: auto;\r\n\t\t\t\t    height: auto;\r\n\t\t\t\t}\n\/* inline tdc_css att - generated by TagDiv Composer *\/\n\n.tdi_14{\nmargin-top:0px !important;\nborder-color:#ffffff !important;\nborder-style:solid !important;\nborder-width: - 0px 0px 0px !important;\n}\n\n<\/style><div class=\"wpb_wrapper\" ><div class=\"td_block_wrap td_block_title tdi_15 td-pb-border-top td_block_template_10 td-fix-index\"  data-td-block-uid=\"tdi_15\" >\n<style>\n.td_block_template_10.widget > ul > li {\r\n                margin-left: 0 !important;\r\n            }\r\n            .td_block_template_10 .td-block-title {\r\n                font-size: 17px;\r\n                font-weight: 500;\r\n                margin-top: -10px;\r\n                margin-bottom: 24px;\r\n                line-height: 37px;\r\n                padding: 0;\r\n                position: relative;\r\n                text-align: left;\r\n            }\r\n            .td_block_template_10 .td-block-title:before {\r\n                content: '';\r\n                width: 100%;\r\n                height: 3px;\r\n                position: absolute;\r\n                top: 100%;\r\n                left: 0;\r\n                background-color: var(--td_header_color, #f5f5f5);\r\n            }\r\n            .td_block_template_10 .td-block-title > * {\r\n                color: var(--td_text_header_color, #000);\r\n            }\r\n            .td_block_template_10 .td-subcat-filter {\r\n                line-height: 37px;\r\n                display: table;\r\n            }\r\n            .td_block_template_10 .td-subcat-dropdown {\r\n                line-height: 1;\r\n                position: static;\r\n            }\r\n            .td_block_template_10 .td-subcat-dropdown .td-subcat-more {\r\n                margin-bottom: 0 !important;\r\n            }\r\n            .td_block_template_10 .td-subcat-dropdown ul:after {\r\n                height: 3px !important;\r\n            }\r\n            .td_block_template_10 .td-related-title {\r\n                margin-top: 0 !important;\r\n            }\r\n            .td_block_template_10 .td-related-title a {\r\n                margin-right: 20px;\r\n            }\r\n            @media (max-width: 767px) {\r\n                .td_block_template_10 .td-related-title a {\r\n                    font-size: 15px;\r\n                }\r\n            }\r\n            .td_block_template_10 .td-related-title .td-cur-simple-item {\r\n                color: var(--td_theme_color, #4db2ec);\r\n            }\r\n            \r\n            \r\n            \r\n            .tdi_15 .td-block-title:before {\r\n                background-color: #81d742 !important;\r\n            }\n\/* inline tdc_css att - generated by TagDiv Composer *\/\n\n.tdi_15{\nmargin-bottom:-2px !important;\n}\n\n<\/style><div class=\"td-block-title-wrap\"><h1 class=\"td-block-title\"><span class=\"td-pulldown-size\">PIKALINKIT<\/span><\/h1><\/div><\/div><div class=\"tdm_block td_block_wrap tdm_block_button tdi_16 tdm-content-horiz-center td-pb-border-top td_block_template_10\"  data-td-block-uid=\"tdi_16\"     >\n<style>\n\n\/* inline tdc_css att - generated by TagDiv Composer *\/\n\n.tdi_16{\nmargin-bottom:10px !important;\n}\n\n<\/style>\n<style>\n\/* custom css - generated by TagDiv Composer *\/\n.tdm_block.tdm_block_button{\r\n                  margin-bottom: 0;\r\n                }.tdm_block.tdm_block_button .tds-button{\r\n                  line-height: 0;\r\n                }.tdm_block.tdm_block_button.tdm-block-button-inline{\r\n                  display: inline-block;\r\n                }.tdm_block.tdm_block_button.tdm-block-button-full,\r\n                .tdm_block.tdm_block_button.tdm-block-button-full .tdm-btn{\r\n                  display: block;\r\n                }\n<\/style>\n<style>\n\/* custom css - generated by TagDiv Composer *\/\nbody .tdi_17{\r\n\t\t\t\t\tbackground-color: #ce0000;\r\n\t\t\t\t}.tdi_17{\r\n                    min-width: 225px;\r\n                }\n<\/style><div class=\"tds-button td-fix-index\"><a \r\n                href=\"https:\/\/ultimate.fi\/2020\/07\/liiton-paivitys-koronaohjeistuksiin\/\" \r\n                 title=\"KORONAOHJEISTUS\"\r\n                class=\"tds-button1 tdm-btn tdm-btn-lg tdi_17 \" ><span class=\"tdm-btn-text\">KORONAOHJEISTUS<\/span><\/a><\/div><\/div><div class=\"tdm_block td_block_wrap tdm_block_button tdi_18 tdm-content-horiz-center td-pb-border-top td_block_template_10\"  data-td-block-uid=\"tdi_18\"     >\n<style>\n\n\/* inline tdc_css att - generated by TagDiv Composer *\/\n\n.tdi_18{\nmargin-bottom:10px !important;\n}\n\n<\/style>\n<style>\n\/* custom css - generated by TagDiv Composer *\/\nbody .tdi_19{\r\n\t\t\t\t\tbackground-color: #00cccc;\r\n\t\t\t\t}.tdi_19{\r\n                    min-width: 225px;\r\n                }\n<\/style><div class=\"tds-button td-fix-index\"><a \r\n                href=\"https:\/\/ultimate.fi\/events\" \r\n                 title=\"KALENTERI\"\r\n                class=\"tds-button1 tdm-btn tdm-btn-lg tdi_19 \" ><span class=\"tdm-btn-text\">KALENTERI<\/span><\/a><\/div><\/div><div class=\"tdm_block td_block_wrap tdm_block_button tdi_20 tdm-content-horiz-center td-pb-border-top td_block_template_10\"  data-td-block-uid=\"tdi_20\"     >\n<style>\n\n\/* inline tdc_css att - generated by TagDiv Composer *\/\n\n.tdi_20{\nmargin-bottom:10px !important;\n}\n\n<\/style>\n<style>\n\/* custom css - generated by TagDiv Composer *\/\nbody .tdi_21{\r\n\t\t\t\t\tbackground-color: rgba(26,175,0,0.82);\r\n\t\t\t\t}.tdi_21 .tdm-btn-text,\r\n\t\t\t\t.tdi_21 i{\r\n\t\t\t\t\tcolor: #ffffff;\r\n\t\t\t\t}.tdi_21 svg{\r\n\t\t\t\t    fill: #ffffff;\r\n\t\t\t\t}.tdi_21 svg *{\r\n\t\t\t\t    fill: inherit;\r\n\t\t\t\t}.tdi_21{\r\n                    min-width: 225px;\r\n                }\n<\/style><div class=\"tds-button td-fix-index\"><a \r\n                href=\"https:\/\/ultimate.fi\/liitto\/etusivu\/pelaaminen\/\" \r\n                 title=\"PELILISENSSIT\"\r\n                class=\"tds-button1 tdm-btn tdm-btn-lg tdi_21 \" ><span class=\"tdm-btn-text\">PELILISENSSIT<\/span><\/a><\/div><\/div><div class=\"tdm_block td_block_wrap tdm_block_button tdi_22 tdm-content-horiz-center td-pb-border-top td_block_template_10\"  data-td-block-uid=\"tdi_22\"     >\n<style>\n\n\/* inline tdc_css att - generated by TagDiv Composer *\/\n\n.tdi_22{\nmargin-bottom:10px !important;\n}\n\n<\/style>\n<style>\n\/* custom css - generated by TagDiv Composer *\/\nbody .tdi_23{\r\n\t\t\t\t\tbackground-color: rgba(26,175,0,0.82);\r\n\t\t\t\t}.tdi_23 .tdm-btn-text,\r\n\t\t\t\t.tdi_23 i{\r\n\t\t\t\t\tcolor: #ffffff;\r\n\t\t\t\t}.tdi_23 svg{\r\n\t\t\t\t    fill: #ffffff;\r\n\t\t\t\t}.tdi_23 svg *{\r\n\t\t\t\t    fill: inherit;\r\n\t\t\t\t}.tdi_23{\r\n                    min-width: 225px;\r\n                }\n<\/style><div class=\"tds-button td-fix-index\"><a \r\n                href=\"https:\/\/ultimate.fi\/home\/kilpailu\/kesakausi\/\" \r\n                 title=\"SARJATOIMINTA\"\r\n                class=\"tds-button1 tdm-btn tdm-btn-lg tdi_23 \" ><span class=\"tdm-btn-text\">SARJATOIMINTA<\/span><\/a><\/div><\/div><div class=\"tdm_block td_block_wrap tdm_block_button tdi_24 tdm-content-horiz-center td-pb-border-top td_block_template_10\"  data-td-block-uid=\"tdi_24\"     >\n<style>\n\n\/* inline tdc_css att - generated by TagDiv Composer *\/\n\n.tdi_24{\nmargin-bottom:10px !important;\n}\n\n<\/style>\n<style>\n\/* custom css - generated by TagDiv Composer *\/\nbody .tdi_25{\r\n\t\t\t\t\tbackground-color: rgba(26,175,0,0.82);\r\n\t\t\t\t}.tdi_25{\r\n                    min-width: 225px;\r\n                }\n<\/style><div class=\"tds-button td-fix-index\"><a \r\n                href=\"https:\/\/ultimate.fi\/liitto\/etusivu\/tietopankki\/viralliset-saannot\/\" \r\n                 title=\"S\u00c4\u00c4NN\u00d6T\"\r\n                class=\"tds-button1 tdm-btn tdm-btn-lg tdi_25 \" ><span class=\"tdm-btn-text\">S\u00c4\u00c4NN\u00d6T<\/span><\/a><\/div><\/div><div class=\"tdm_block td_block_wrap tdm_block_button tdi_26 tdm-content-horiz-center td-pb-border-top td_block_template_10\"  data-td-block-uid=\"tdi_26\"     >\n<style>\n\/* custom css - generated by TagDiv Composer *\/\nbody .tdi_27{\r\n\t\t\t\t\tbackground-color: rgba(26,175,0,0.82);\r\n\t\t\t\t}.tdi_27{\r\n                    min-width: 225px;\r\n                }\n<\/style><div class=\"tds-button td-fix-index\"><a \r\n                href=\"https:\/\/ultimate.fi\/liitto\/etusivu\/tietopankki\/oppaat\/\" \r\n                 title=\"OPETTAJAT\"\r\n                class=\"tds-button1 tdm-btn tdm-btn-lg tdi_27 \" ><span class=\"tdm-btn-text\">OPETTAJAT<\/span><\/a><\/div><\/div><\/div><\/div><\/div><\/div><div id=\"tdi_28\" class=\"tdc-row\"><div class=\"vc_row tdi_29 td-ss-row wpb_row td-pb-row\" >\n<style scoped>\n\/* custom css - generated by TagDiv Composer *\/\n\n\/* custom css - generated by TagDiv Composer *\/\n.tdi_29,\r\n                .tdi_29 .tdc-columns{\r\n                    min-height: 0;\r\n                }.tdi_29,\r\n\t\t\t\t.tdi_29 .tdc-columns{\r\n\t\t\t\t    display: block;\r\n\t\t\t\t}.tdi_29 .tdc-columns{\r\n\t\t\t\t    width: 100%;\r\n\t\t\t\t}.tdi_29:before,\r\n\t\t\t\t.tdi_29:after{\r\n\t\t\t\t    display: table;\r\n\t\t\t\t}\n<\/style><div class=\"vc_column tdi_31  wpb_column vc_column_container tdc-column td-pb-span9\">\n<style scoped>\n\/* custom css - generated by TagDiv Composer *\/\n\n\/* custom css - generated by TagDiv Composer *\/\n.tdi_31{\r\n                    vertical-align: baseline;\r\n                }.tdi_31 > .wpb_wrapper,\r\n\t\t\t\t.tdi_31 > .wpb_wrapper > .tdc-elements{\r\n\t\t\t\t    display: block;\r\n\t\t\t\t}.tdi_31 > .wpb_wrapper > .tdc-elements{\r\n\t\t\t\t    width: 100%;\r\n\t\t\t\t}.tdi_31 > .wpb_wrapper > .vc_row_inner{\r\n\t\t\t\t    width: auto;\r\n\t\t\t\t}.tdi_31 > .wpb_wrapper{\r\n\t\t\t\t    width: auto;\r\n\t\t\t\t    height: auto;\r\n\t\t\t\t}\n<\/style><div class=\"wpb_wrapper\" ><div class=\"vc_row_inner tdi_33  vc_row vc_inner wpb_row td-pb-row\" >\n<style scoped>\n\/* custom css - generated by TagDiv Composer *\/\n\n\/* custom css - generated by TagDiv Composer *\/\n.tdi_33{\r\n                    position: relative !important;\r\n                    top: 0;\r\n                    transform: none;\r\n                    -webkit-transform: none;\r\n                }.tdi_33,\r\n\t\t\t\t.tdi_33 .tdc-inner-columns{\r\n\t\t\t\t    display: block;\r\n\t\t\t\t}.tdi_33 .tdc-inner-columns{\r\n\t\t\t\t    width: 100%;\r\n\t\t\t\t}\n<\/style><div class=\"vc_column_inner tdi_35  wpb_column vc_column_container tdc-inner-column td-pb-span12\">\n<style scoped>\n\/* custom css - generated by TagDiv Composer *\/\n\n\/* custom css - generated by TagDiv Composer *\/\n.tdi_35{\r\n                    vertical-align: baseline;\r\n                }.tdi_35 .vc_column-inner > .wpb_wrapper,\r\n\t\t\t\t.tdi_35 .vc_column-inner > .wpb_wrapper .tdc-elements{\r\n\t\t\t\t    display: block;\r\n\t\t\t\t}.tdi_35 .vc_column-inner > .wpb_wrapper .tdc-elements{\r\n\t\t\t\t    width: 100%;\r\n\t\t\t\t}\n<\/style><div class=\"vc_column-inner\"><div class=\"wpb_wrapper\" ><\/div><\/div><\/div><\/div><\/div><\/div><div class=\"vc_column tdi_37  wpb_column vc_column_container tdc-column td-pb-span3\">\n<style scoped>\n\/* custom css - generated by TagDiv Composer *\/\n\n\/* custom css - generated by TagDiv Composer *\/\n.tdi_37{\r\n                    vertical-align: baseline;\r\n                }.tdi_37 > .wpb_wrapper,\r\n\t\t\t\t.tdi_37 > .wpb_wrapper > .tdc-elements{\r\n\t\t\t\t    display: block;\r\n\t\t\t\t}.tdi_37 > .wpb_wrapper > .tdc-elements{\r\n\t\t\t\t    width: 100%;\r\n\t\t\t\t}.tdi_37 > .wpb_wrapper > .vc_row_inner{\r\n\t\t\t\t    width: auto;\r\n\t\t\t\t}.tdi_37 > .wpb_wrapper{\r\n\t\t\t\t    width: auto;\r\n\t\t\t\t    height: auto;\r\n\t\t\t\t}\n\/* inline tdc_css att - generated by TagDiv Composer *\/\n\n.tdi_37{\nmargin-top:0px !important;\nborder-color:#ffffff !important;\nborder-style:solid !important;\nborder-width: - 0px 0px 0px !important;\n}\n\n<\/style><div class=\"wpb_wrapper\" ><\/div><\/div><\/div><\/div><\/div><\/div>","protected":false},"excerpt":{"rendered":"","protected":false},"author":1,"featured_media":0,"parent":0,"menu_order":0,"comment_status":"closed","ping_status":"closed","template":"","meta":{"footnotes":""},"class_list":["post-5","page","type-page","status-publish"],"_links":{"self":[{"href":"https:\/\/ultimate.fi\/liitto\/wp-json\/wp\/v2\/pages\/5","targetHints":{"allow":["GET"]}}],"collection":[{"href":"https:\/\/ultimate.fi\/liitto\/wp-json\/wp\/v2\/pages"}],"about":[{"href":"https:\/\/ultimate.fi\/liitto\/wp-json\/wp\/v2\/types\/page"}],"author":[{"embeddable":true,"href":"https:\/\/ultimate.fi\/liitto\/wp-json\/wp\/v2\/users\/1"}],"replies":[{"embeddable":true,"href":"https:\/\/ultimate.fi\/liitto\/wp-json\/wp\/v2\/comments?post=5"}],"version-history":[{"count":26,"href":"https:\/\/ultimate.fi\/liitto\/wp-json\/wp\/v2\/pages\/5\/revisions"}],"predecessor-version":[{"id":1205,"href":"https:\/\/ultimate.fi\/liitto\/wp-json\/wp\/v2\/pages\/5\/revisions\/1205"}],"wp:attachment":[{"href":"https:\/\/ultimate.fi\/liitto\/wp-json\/wp\/v2\/media?parent=5"}],"curies":[{"name":"wp","href":"https:\/\/api.w.org\/{rel}","templated":true}]}}