{"id":7,"date":"2018-11-18T06:59:28","date_gmt":"2018-11-18T04:59:28","guid":{"rendered":"https:\/\/ultimate.fi\/wordpress\/liitto\/?page_id=7"},"modified":"2025-01-02T14:01:07","modified_gmt":"2025-01-02T12:01:07","slug":"suomen-liitokiekkoliitto","status":"publish","type":"page","link":"https:\/\/ultimate.fi\/liitto\/etusivu\/suomen-liitokiekkoliitto\/","title":{"rendered":"Suomen Liitokiekkoliitto"},"content":{"rendered":"<div id=\"tdi_1\" class=\"tdc-row stretch_row_1200 td-stretch-content\"><div class=\"vc_row tdi_2  wpb_row td-pb-row\" >\n<style scoped>\n\/* custom css - generated by TagDiv Composer *\/\n\n\/* custom css - generated by TagDiv Composer *\/\n.tdi_2,\r\n                .tdi_2 .tdc-columns{\r\n                    min-height: 0;\r\n                }.tdi_2,\r\n\t\t\t\t.tdi_2 .tdc-columns{\r\n\t\t\t\t    display: block;\r\n\t\t\t\t}.tdi_2 .tdc-columns{\r\n\t\t\t\t    width: 100%;\r\n\t\t\t\t}.tdi_2:before,\r\n\t\t\t\t.tdi_2:after{\r\n\t\t\t\t    display: table;\r\n\t\t\t\t}\n<\/style><div class=\"vc_column tdi_4  wpb_column vc_column_container tdc-column td-pb-span12\">\n<style scoped>\n\/* custom css - generated by TagDiv Composer *\/\n\n\/* custom css - generated by TagDiv Composer *\/\n.tdi_4{\r\n                    vertical-align: baseline;\r\n                }.tdi_4 > .wpb_wrapper,\r\n\t\t\t\t.tdi_4 > .wpb_wrapper > .tdc-elements{\r\n\t\t\t\t    display: block;\r\n\t\t\t\t}.tdi_4 > .wpb_wrapper > .tdc-elements{\r\n\t\t\t\t    width: 100%;\r\n\t\t\t\t}.tdi_4 > .wpb_wrapper > .vc_row_inner{\r\n\t\t\t\t    width: auto;\r\n\t\t\t\t}.tdi_4 > .wpb_wrapper{\r\n\t\t\t\t    width: auto;\r\n\t\t\t\t    height: auto;\r\n\t\t\t\t}\n<\/style><div class=\"wpb_wrapper\" ><div class=\"tdm_block td_block_wrap tdm_block_text_image tdi_5 td-animation-stack tdm-layout-12-12 tdm-content-horiz-left tdm-content-vert-center td-pb-border-top td_block_template_10\"  data-td-block-uid=\"tdi_5\" >\n<style>\n\/* custom css - generated by TagDiv Composer *\/\n.tdm_block_text_image .tdm-text-wrap{\r\n                  padding-top: 20px;\r\n                  padding-bottom: 20px;\r\n                }.tdm_block_text_image .tdm-descr{\r\n                  margin-bottom: 0;\r\n                }.tdm_block_text_image .tds-button{\r\n                  margin-top: 30px;\r\n                }@media (min-width: 767px) {\r\n                  .tdm_block_text_image.tdm-text-image-extend-img {\r\n                    margin-right: calc((-100vw + 100%) \/ 2);\r\n                  }\r\n                  .tdm_block_text_image.tdm-text-image-extend-img.tdm-flip-yes {\r\n                    margin-right: 0;\r\n                    margin-left: calc((-100vw + 100%) \/ 2);\r\n                  }\r\n                  .tdm_block_text_image.tdm-text-image-extend-img.tdm-flip-yes .tdm-col-img {\r\n                    text-align: right;\r\n                  }\r\n                }@media (max-width: 767px) {\r\n                  .tdm_block_text_image .tdm-col-img {\r\n                    margin-top: 36px;\r\n                  }\r\n                  .tdm_block_text_image.tdm-flip-yes .tdm-col-img {\r\n                    margin-top: 0;\r\n                    margin-bottom: 15px;\r\n                  }\r\n                }\n<\/style><div class=\"td-block-width tdm-fix-full\"><div class=\"td-block-row tdm-row\"><div class=\"td-block-span6 tdm-col\"><div class=\"tdm-text-wrap tdm-text-padding\"><div class=\"tds-title tds-title1 td-fix-index tdi_6 \"><h1 class=\"tdm-title tdm-title-md\">Suomen Liitokiekkoliitto ry<\/h1><\/div><p class=\"tdm-descr td-fix-index\">Suomen Liitokiekkoliitto ry (SLKL) on Suomen Olympiakomitean j\u00e4senj\u00e4rjest\u00f6, joka perustettiin vuonna 1978 liitokiekkoilijoiden keskusj\u00e4rjest\u00f6ksi. SLKL toimii j\u00e4senist\u00f6ns\u00e4 etuj\u00e4rjest\u00f6n\u00e4 ja yhdyssiteen\u00e4. Valtakunnallisena kattoj\u00e4rjest\u00f6n\u00e4 liitto pit\u00e4\u00e4 yll\u00e4 suhteita opetusministeri\u00f6\u00f6n, emoj\u00e4rjest\u00f6 Valoon ja muihin kansallisiin urheiluj\u00e4rjest\u00f6ihin. Suomen Liitokiekkoliitto on j\u00e4senen\u00e4 maailman liitokiekkoliitossa (World Flying Disc Federation, WFDF) yhten\u00e4 sen yli 50 j\u00e4senmaasta ja Euroopan liitokiekkoliitossa (European Ultimate Federation, EUF).<\/p>\n<style>\n\/* custom css - generated by TagDiv Composer *\/\nbody .tdi_7{\r\n\t\t\t\t\tbackground-color: rgba(26,175,0,0.82);\r\n\t\t\t\t}\n<\/style><div class=\"tds-button td-fix-index\"><a \r\n                href=\"https:\/\/ultimate.fi\/liitto\/slkl-yhteystiedot\/\" \r\n                 title=\"Liiton yhteystiedot\"\r\n                class=\"tds-button1 tdm-btn tdm-btn-lg tdi_7 \" ><span class=\"tdm-btn-text\">Liiton yhteystiedot<\/span><\/a><\/div><\/div><\/div><div class=\"td-block-span6 tdm-col tdm-col-img\"><img class=\"tdm-image td-fix-index td-lazy-img\" data-type=\"image_tag\" data-img-url=\"https:\/\/ultimate.fi\/wordpress\/liitto\/wp-content\/uploads\/2018\/11\/liiton-logo.jpg\"  title=\"liiton-logo\" width=\"450\" height=\"450\"><\/div><\/div><\/div><\/div><\/div><\/div><\/div><\/div><div id=\"tdi_8\" class=\"tdc-row stretch_row_1200 td-stretch-content\"><div class=\"vc_row tdi_9  wpb_row td-pb-row\" >\n<style scoped>\n\/* custom css - generated by TagDiv Composer *\/\n\n\/* custom css - generated by TagDiv Composer *\/\n.tdi_9,\r\n                .tdi_9 .tdc-columns{\r\n                    min-height: 0;\r\n                }.tdi_9,\r\n\t\t\t\t.tdi_9 .tdc-columns{\r\n\t\t\t\t    display: block;\r\n\t\t\t\t}.tdi_9 .tdc-columns{\r\n\t\t\t\t    width: 100%;\r\n\t\t\t\t}.tdi_9:before,\r\n\t\t\t\t.tdi_9:after{\r\n\t\t\t\t    display: table;\r\n\t\t\t\t}\n<\/style><div class=\"vc_column tdi_11  wpb_column vc_column_container tdc-column td-pb-span12\">\n<style scoped>\n\/* custom css - generated by TagDiv Composer *\/\n\n\/* custom css - generated by TagDiv Composer *\/\n.tdi_11{\r\n                    vertical-align: baseline;\r\n                }.tdi_11 > .wpb_wrapper,\r\n\t\t\t\t.tdi_11 > .wpb_wrapper > .tdc-elements{\r\n\t\t\t\t    display: block;\r\n\t\t\t\t}.tdi_11 > .wpb_wrapper > .tdc-elements{\r\n\t\t\t\t    width: 100%;\r\n\t\t\t\t}.tdi_11 > .wpb_wrapper > .vc_row_inner{\r\n\t\t\t\t    width: auto;\r\n\t\t\t\t}.tdi_11 > .wpb_wrapper{\r\n\t\t\t\t    width: auto;\r\n\t\t\t\t    height: auto;\r\n\t\t\t\t}\n<\/style><div class=\"wpb_wrapper\" ><div class=\"td_block_wrap td_block_text_with_title tdi_12 tagdiv-type td-pb-border-top td_block_template_10\"  data-td-block-uid=\"tdi_12\" >\n<style>\n.td_block_template_10.widget > ul > li {\r\n                margin-left: 0 !important;\r\n            }\r\n            .td_block_template_10 .td-block-title {\r\n                font-size: 17px;\r\n                font-weight: 500;\r\n                margin-top: -10px;\r\n                margin-bottom: 24px;\r\n                line-height: 37px;\r\n                padding: 0;\r\n                position: relative;\r\n                text-align: left;\r\n            }\r\n            .td_block_template_10 .td-block-title:before {\r\n                content: '';\r\n                width: 100%;\r\n                height: 3px;\r\n                position: absolute;\r\n                top: 100%;\r\n                left: 0;\r\n                background-color: var(--td_header_color, #f5f5f5);\r\n            }\r\n            .td_block_template_10 .td-block-title > * {\r\n                color: var(--td_text_header_color, #000);\r\n            }\r\n            .td_block_template_10 .td-subcat-filter {\r\n                line-height: 37px;\r\n                display: table;\r\n            }\r\n            .td_block_template_10 .td-subcat-dropdown {\r\n                line-height: 1;\r\n                position: static;\r\n            }\r\n            .td_block_template_10 .td-subcat-dropdown .td-subcat-more {\r\n                margin-bottom: 0 !important;\r\n            }\r\n            .td_block_template_10 .td-subcat-dropdown ul:after {\r\n                height: 3px !important;\r\n            }\r\n            .td_block_template_10 .td-related-title {\r\n                margin-top: 0 !important;\r\n            }\r\n            .td_block_template_10 .td-related-title a {\r\n                margin-right: 20px;\r\n            }\r\n            @media (max-width: 767px) {\r\n                .td_block_template_10 .td-related-title a {\r\n                    font-size: 15px;\r\n                }\r\n            }\r\n            .td_block_template_10 .td-related-title .td-cur-simple-item {\r\n                color: var(--td_theme_color, #4db2ec);\r\n            }\n<\/style>\n<style>\n\/* custom css - generated by TagDiv Composer *\/\n.td_block_text_with_title{\r\n                  margin-bottom: 44px;\r\n                  -webkit-transform: translateZ(0);\r\n                  transform: translateZ(0);\r\n                }.td_block_text_with_title p:last-child{\r\n                  margin-bottom: 0;\r\n                }\n<\/style><div class=\"td-block-title-wrap\"><h4 class=\"td-block-title\"><span class=\"td-pulldown-size\">Organisaatio<\/span><\/h4><\/div><div class=\"td_mod_wrap td-fix-index\"><p>SLKL ry:n ylin p\u00e4\u00e4tt\u00e4v\u00e4 elin on vuosikokous, joka valitsee hallituksen. SLKL:n hallituksen teht\u00e4v\u00e4n\u00e4 on valvoa j\u00e4senist\u00f6n etuja edustamalla liittoa, valitsemalla sen toimihenkil\u00f6t ja -elimet sek\u00e4 p\u00e4\u00e4tt\u00e4m\u00e4ll\u00e4 rahank\u00e4yt\u00f6st\u00e4.<\/p>\n<p>SLKL:lla on toiminnanjohtaja, joka hoitaa talouden ja hallinnon juoksevia asioita.<\/p>\n<\/div><\/div><\/div><\/div><\/div><\/div><div id=\"tdi_13\" class=\"tdc-row\"><div class=\"vc_row tdi_14  wpb_row td-pb-row\" >\n<style scoped>\n\/* custom css - generated by TagDiv Composer *\/\n\n\/* custom css - generated by TagDiv Composer *\/\n.tdi_14,\r\n                .tdi_14 .tdc-columns{\r\n                    min-height: 0;\r\n                }.tdi_14,\r\n\t\t\t\t.tdi_14 .tdc-columns{\r\n\t\t\t\t    display: block;\r\n\t\t\t\t}.tdi_14 .tdc-columns{\r\n\t\t\t\t    width: 100%;\r\n\t\t\t\t}.tdi_14:before,\r\n\t\t\t\t.tdi_14:after{\r\n\t\t\t\t    display: table;\r\n\t\t\t\t}\n<\/style><div class=\"vc_column tdi_16  wpb_column vc_column_container tdc-column td-pb-span12\">\n<style scoped>\n\/* custom css - generated by TagDiv Composer *\/\n\n\/* custom css - generated by TagDiv Composer *\/\n.tdi_16{\r\n                    vertical-align: baseline;\r\n                }.tdi_16 > .wpb_wrapper,\r\n\t\t\t\t.tdi_16 > .wpb_wrapper > .tdc-elements{\r\n\t\t\t\t    display: block;\r\n\t\t\t\t}.tdi_16 > .wpb_wrapper > .tdc-elements{\r\n\t\t\t\t    width: 100%;\r\n\t\t\t\t}.tdi_16 > .wpb_wrapper > .vc_row_inner{\r\n\t\t\t\t    width: auto;\r\n\t\t\t\t}.tdi_16 > .wpb_wrapper{\r\n\t\t\t\t    width: auto;\r\n\t\t\t\t    height: auto;\r\n\t\t\t\t}\n<\/style><div class=\"wpb_wrapper\" ><div class=\"tdm_block td_block_wrap tdm_block_call_to_action tdi_17 tds_call_to_action2 tdm-content-horiz-left tdm-content-vert-center td-pb-border-top td_block_template_10\"  data-td-block-uid=\"tdi_17\" >\n<style>\n\/* custom css - generated by TagDiv Composer *\/\n.tdm_block_call_to_action .tdm-title{\r\n                  margin: 9px 0 10px 0;\r\n                }.tdm_block_call_to_action .tdm-descr{\r\n                  margin-bottom: 0;\r\n                }.tdm_block_call_to_action .tds-title + .tdm-descr{\r\n                  margin-bottom: 14px;\r\n                }.tdm_block_call_to_action .tdm-btn{\r\n                  margin-top: 0;\r\n                  max-width: 100%;\r\n                  overflow: hidden;\r\n                }.tdm_block_call_to_action .tdm-btn .tdm-btn-text{\r\n                  text-overflow: ellipsis;\r\n                  overflow: hidden;\r\n                  max-width: 100%;\r\n                  display: inline-block;\r\n                  white-space: nowrap;\r\n                }.tdm_block_call_to_action.tds_call_to_action2{\r\n                  padding: 13px 22px;\r\n                }@media (min-width: 768px) and (max-width: 1018px) {\r\n                  .tdm_block_call_to_action .td-block-span9 {\r\n                    width: 66.66666667%;\r\n                  }\r\n                  .tdm_block_call_to_action .td-block-span3 {\r\n                    width: 33.33333333%;\r\n                  }\r\n                }@media (max-width: 767px) {\r\n                  .tdm_block_call_to_action .td-block-span9 {\r\n                    margin-bottom: 20px;\r\n                  }\r\n                }@media (min-width: 767px) {\r\n                  .tdm_block_call_to_action .tds-button {\r\n                    text-align: right !important;\r\n                  }\r\n                  .tdm_block_call_to_action.tdm-flip-yes .tds-button {\r\n                    text-align: left !important;\r\n                  }\r\n                }\n<\/style>\n<style>\n\/* custom css - generated by TagDiv Composer *\/\n.tdi_17{\r\n\t\t\t\t    box-shadow:  0px 8px 25px 0px rgba(155,155,155,0.82);\r\n\t\t\t\t}\n<\/style><div class=\"td-block-width tds-call-to-action2 tdi_18\"><div class=\"td-block-row tdm-row td-fix-index\"><div class=\"td-block-span9 tdm-col\">\n<style>\n\/* custom css - generated by TagDiv Composer *\/\nbody .tdi_19 .tdm-title-line:after{\r\n\t\t\t\t\tbackground: rgba(155,155,155,0.82);\r\n\t\t\t\t}.tdi_19 .tdm-title-line{\r\n\t\t\t\t\twidth: 180px;\r\n\t\t\t\t\r\n\t\t\t\t\theight: 49px;\r\n\t\t\t\t}.tdi_19 .tdm-title-line:after{\r\n\t\t\t\t\theight: 2px;\r\n\t\t\t\t\r\n\t\t\t\t\tbottom: 40%;\r\n\t\t\t\t}\n<\/style><div class=\"tds-title tds-title2 td-fix-index tdi_19 \"><h2 class=\"tdm-title tdm-title-md\">Ultimatejaosto<\/h2><div class=\"tdm-title-line\"><\/div><\/div><p class=\"tdm-descr\">Ultimatejaoston teht\u00e4v\u00e4n\u00e4 on suomalaisen ultimateharrastuksen kehitt\u00e4minen, ultimatepelaajien palveleminen ja ultimaten harrastajam\u00e4\u00e4r\u00e4n kasvattaminen Suomessa. <\/p><\/div><div class=\"td-block-span3 tdm-col\">\n<style>\n\/* custom css - generated by TagDiv Composer *\/\nbody .tdi_20{\r\n\t\t\t\t\tbackground-color: rgba(26,175,0,0.82);\r\n\t\t\t\t}\n<\/style><div class=\"tds-button td-fix-index\"><a \r\n                href=\"https:\/\/ultimate.fi\/liitto\/etusivu\/suomen-liitokiekkoliitto\/ultimatejaosto\/\" \r\n                 title=\"Lue lis\u00e4\u00e4\"\r\n                class=\"tds-button1 tdm-btn tdm-btn-md tdi_20 \" ><span class=\"tdm-btn-text\">Lue lis\u00e4\u00e4<\/span><\/a><\/div><\/div><\/div><\/div><\/div><\/div><\/div><\/div><\/div>","protected":false},"excerpt":{"rendered":"","protected":false},"author":1,"featured_media":0,"parent":5,"menu_order":1,"comment_status":"closed","ping_status":"closed","template":"","meta":{"footnotes":""},"class_list":["post-7","page","type-page","status-publish"],"_links":{"self":[{"href":"https:\/\/ultimate.fi\/liitto\/wp-json\/wp\/v2\/pages\/7","targetHints":{"allow":["GET"]}}],"collection":[{"href":"https:\/\/ultimate.fi\/liitto\/wp-json\/wp\/v2\/pages"}],"about":[{"href":"https:\/\/ultimate.fi\/liitto\/wp-json\/wp\/v2\/types\/page"}],"author":[{"embeddable":true,"href":"https:\/\/ultimate.fi\/liitto\/wp-json\/wp\/v2\/users\/1"}],"replies":[{"embeddable":true,"href":"https:\/\/ultimate.fi\/liitto\/wp-json\/wp\/v2\/comments?post=7"}],"version-history":[{"count":9,"href":"https:\/\/ultimate.fi\/liitto\/wp-json\/wp\/v2\/pages\/7\/revisions"}],"predecessor-version":[{"id":1089,"href":"https:\/\/ultimate.fi\/liitto\/wp-json\/wp\/v2\/pages\/7\/revisions\/1089"}],"up":[{"embeddable":true,"href":"https:\/\/ultimate.fi\/liitto\/wp-json\/wp\/v2\/pages\/5"}],"wp:attachment":[{"href":"https:\/\/ultimate.fi\/liitto\/wp-json\/wp\/v2\/media?parent=7"}],"curies":[{"name":"wp","href":"https:\/\/api.w.org\/{rel}","templated":true}]}}