{"id":854,"date":"2021-10-26T15:01:46","date_gmt":"2021-10-26T12:01:46","guid":{"rendered":"https:\/\/ultimate.fi\/liitto\/?page_id=854"},"modified":"2024-11-15T10:05:16","modified_gmt":"2024-11-15T08:05:16","slug":"ymparistosuunnitelma","status":"publish","type":"page","link":"https:\/\/ultimate.fi\/liitto\/etusivu\/suomen-liitokiekkoliitto\/ymparistosuunnitelma\/","title":{"rendered":"Ymp\u00e4rist\u00f6suunnitelma"},"content":{"rendered":"\n<p>SLKL:n ymp\u00e4rist\u00f6suunnitelmaan voit tutustua <a href=\"https:\/\/ultimate.fi\/wordpress\/liitto\/wp-content\/uploads\/2024\/11\/SLKL-Ymparistovastuusuunnitelma-2025-2028.docx.pdf\">t\u00e4st\u00e4<\/a>. Suunnitelma on voimassa 2025-2028 ja sit\u00e4 p\u00e4ivitet\u00e4\u00e4n aina tarvittaessa.<\/p>\n","protected":false},"excerpt":{"rendered":"<p>SLKL:n ymp\u00e4rist\u00f6suunnitelmaan voit tutustua t\u00e4st\u00e4. Suunnitelma on voimassa 2025-2028 ja sit\u00e4 p\u00e4ivitet\u00e4\u00e4n aina tarvittaessa.<\/p>\n","protected":false},"author":1,"featured_media":0,"parent":7,"menu_order":4,"comment_status":"closed","ping_status":"closed","template":"","meta":{"footnotes":""},"class_list":["post-854","page","type-page","status-publish"],"_links":{"self":[{"href":"https:\/\/ultimate.fi\/liitto\/wp-json\/wp\/v2\/pages\/854","targetHints":{"allow":["GET"]}}],"collection":[{"href":"https:\/\/ultimate.fi\/liitto\/wp-json\/wp\/v2\/pages"}],"about":[{"href":"https:\/\/ultimate.fi\/liitto\/wp-json\/wp\/v2\/types\/page"}],"author":[{"embeddable":true,"href":"https:\/\/ultimate.fi\/liitto\/wp-json\/wp\/v2\/users\/1"}],"replies":[{"embeddable":true,"href":"https:\/\/ultimate.fi\/liitto\/wp-json\/wp\/v2\/comments?post=854"}],"version-history":[{"count":3,"href":"https:\/\/ultimate.fi\/liitto\/wp-json\/wp\/v2\/pages\/854\/revisions"}],"predecessor-version":[{"id":1068,"href":"https:\/\/ultimate.fi\/liitto\/wp-json\/wp\/v2\/pages\/854\/revisions\/1068"}],"up":[{"embeddable":true,"href":"https:\/\/ultimate.fi\/liitto\/wp-json\/wp\/v2\/pages\/7"}],"wp:attachment":[{"href":"https:\/\/ultimate.fi\/liitto\/wp-json\/wp\/v2\/media?parent=854"}],"curies":[{"name":"wp","href":"https:\/\/api.w.org\/{rel}","templated":true}]}}